{"id":471,"date":"2025-01-28T05:38:45","date_gmt":"2025-01-28T05:38:45","guid":{"rendered":"https:\/\/888starz.tips\/sk\/?page_id=471"},"modified":"2025-06-25T17:07:08","modified_gmt":"2025-06-25T17:07:08","slug":"affiliate","status":"publish","type":"page","link":"https:\/\/888starz.tips\/sk\/affiliate\/","title":{"rendered":"Affiliate"},"content":{"rendered":"","protected":false},"excerpt":{"rendered":"","protected":false},"author":1,"featured_media":0,"parent":0,"menu_order":0,"comment_status":"closed","ping_status":"closed","template":"","meta":{"footnotes":""},"class_list":["post-471","page","type-page","status-publish","hentry"],"yoast_head":"<!-- This site is optimized with the Yoast SEO plugin v27.4 - https:\/\/yoast.com\/product\/yoast-seo-wordpress\/ -->\n<title>888Starz Affiliate: \u2705Premium iGaming Partnerstvo Program<\/title>\n<meta name=\"description\" content=\"Pripojte sa k partnersk\u00e9mu programu 888Starz e\u0161te dnes! \ud83d\ude80 Odomknite vzru\u0161uj\u00face mo\u017enosti pr\u00edjmu, \u00fa\u017easn\u00e9 v\u00fdhody a pr\u00e9miov\u00fa podporu. Nielen sledujte hru - hrajte a vyhr\u00e1vajte s nami! \ud83d\udcb0 Optimalizujte svoje z\u00e1robky a za\u010dnite zar\u00e1ba\u0165 RE\u00c1LNE peniaze u\u017e teraz!\" \/>\n<meta name=\"robots\" content=\"index, follow, max-snippet:-1, max-image-preview:large, max-video-preview:-1\" \/>\n<meta property=\"og:locale\" content=\"sk_SK\" \/>\n<meta property=\"og:type\" content=\"article\" \/>\n<meta property=\"og:title\" content=\"888Starz Affiliate: \u2705Premium iGaming Partnerstvo Program\" \/>\n<meta property=\"og:description\" content=\"Pripojte sa k partnersk\u00e9mu programu 888Starz e\u0161te dnes! \ud83d\ude80 Odomknite vzru\u0161uj\u00face mo\u017enosti pr\u00edjmu, \u00fa\u017easn\u00e9 v\u00fdhody a pr\u00e9miov\u00fa podporu. Nielen sledujte hru - hrajte a vyhr\u00e1vajte s nami! \ud83d\udcb0 Optimalizujte svoje z\u00e1robky a za\u010dnite zar\u00e1ba\u0165 RE\u00c1LNE peniaze u\u017e teraz!\" \/>\n<meta property=\"og:url\" content=\"https:\/\/888starz.tips\/sk\/affiliate\/\" \/>\n<meta property=\"og:site_name\" content=\"888Starz Tips sk\" \/>\n<meta property=\"article:modified_time\" content=\"2025-06-25T17:07:08+00:00\" \/>\n<meta name=\"twitter:card\" content=\"summary_large_image\" \/>\n<script type=\"application\/ld+json\" class=\"yoast-schema-graph\">{\"@context\":\"https:\\\/\\\/schema.org\",\"@graph\":[{\"@type\":\"WebPage\",\"@id\":\"https:\\\/\\\/888starz.tips\\\/sk\\\/affiliate\\\/\",\"url\":\"https:\\\/\\\/888starz.tips\\\/sk\\\/affiliate\\\/\",\"name\":\"888Starz Affiliate: \u2705Premium iGaming Partnerstvo Program\",\"isPartOf\":{\"@id\":\"https:\\\/\\\/888starz.tips\\\/sk\\\/#website\"},\"datePublished\":\"2025-01-28T05:38:45+00:00\",\"dateModified\":\"2025-06-25T17:07:08+00:00\",\"description\":\"Pripojte sa k partnersk\u00e9mu programu 888Starz e\u0161te dnes! \ud83d\ude80 Odomknite vzru\u0161uj\u00face mo\u017enosti pr\u00edjmu, \u00fa\u017easn\u00e9 v\u00fdhody a pr\u00e9miov\u00fa podporu. Nielen sledujte hru - hrajte a vyhr\u00e1vajte s nami! \ud83d\udcb0 Optimalizujte svoje z\u00e1robky a za\u010dnite zar\u00e1ba\u0165 RE\u00c1LNE peniaze u\u017e teraz!\",\"breadcrumb\":{\"@id\":\"https:\\\/\\\/888starz.tips\\\/sk\\\/affiliate\\\/#breadcrumb\"},\"inLanguage\":\"sk-SK\",\"potentialAction\":[{\"@type\":\"ReadAction\",\"target\":[\"https:\\\/\\\/888starz.tips\\\/sk\\\/affiliate\\\/\"]}]},{\"@type\":\"BreadcrumbList\",\"@id\":\"https:\\\/\\\/888starz.tips\\\/sk\\\/affiliate\\\/#breadcrumb\",\"itemListElement\":[{\"@type\":\"ListItem\",\"position\":1,\"name\":\"Home\",\"item\":\"https:\\\/\\\/888starz.tips\\\/sk\\\/\"},{\"@type\":\"ListItem\",\"position\":2,\"name\":\"Affiliate\"}]},{\"@type\":\"WebSite\",\"@id\":\"https:\\\/\\\/888starz.tips\\\/sk\\\/#website\",\"url\":\"https:\\\/\\\/888starz.tips\\\/sk\\\/\",\"name\":\"888Starz Tips sk\",\"description\":\"My WordPress Blog\",\"potentialAction\":[{\"@type\":\"SearchAction\",\"target\":{\"@type\":\"EntryPoint\",\"urlTemplate\":\"https:\\\/\\\/888starz.tips\\\/sk\\\/?s={search_term_string}\"},\"query-input\":{\"@type\":\"PropertyValueSpecification\",\"valueRequired\":true,\"valueName\":\"search_term_string\"}}],\"inLanguage\":\"sk-SK\"}]}<\/script>\n<!-- \/ Yoast SEO plugin. -->","yoast_head_json":{"title":"888Starz Affiliate: \u2705Premium iGaming Partnerstvo Program","description":"Pripojte sa k partnersk\u00e9mu programu 888Starz e\u0161te dnes! \ud83d\ude80 Odomknite vzru\u0161uj\u00face mo\u017enosti pr\u00edjmu, \u00fa\u017easn\u00e9 v\u00fdhody a pr\u00e9miov\u00fa podporu. Nielen sledujte hru - hrajte a vyhr\u00e1vajte s nami! \ud83d\udcb0 Optimalizujte svoje z\u00e1robky a za\u010dnite zar\u00e1ba\u0165 RE\u00c1LNE peniaze u\u017e teraz!","robots":{"index":"index","follow":"follow","max-snippet":"max-snippet:-1","max-image-preview":"max-image-preview:large","max-video-preview":"max-video-preview:-1"},"og_locale":"sk_SK","og_type":"article","og_title":"888Starz Affiliate: \u2705Premium iGaming Partnerstvo Program","og_description":"Pripojte sa k partnersk\u00e9mu programu 888Starz e\u0161te dnes! \ud83d\ude80 Odomknite vzru\u0161uj\u00face mo\u017enosti pr\u00edjmu, \u00fa\u017easn\u00e9 v\u00fdhody a pr\u00e9miov\u00fa podporu. Nielen sledujte hru - hrajte a vyhr\u00e1vajte s nami! \ud83d\udcb0 Optimalizujte svoje z\u00e1robky a za\u010dnite zar\u00e1ba\u0165 RE\u00c1LNE peniaze u\u017e teraz!","og_url":"https:\/\/888starz.tips\/sk\/affiliate\/","og_site_name":"888Starz Tips sk","article_modified_time":"2025-06-25T17:07:08+00:00","twitter_card":"summary_large_image","schema":{"@context":"https:\/\/schema.org","@graph":[{"@type":"WebPage","@id":"https:\/\/888starz.tips\/sk\/affiliate\/","url":"https:\/\/888starz.tips\/sk\/affiliate\/","name":"888Starz Affiliate: \u2705Premium iGaming Partnerstvo Program","isPartOf":{"@id":"https:\/\/888starz.tips\/sk\/#website"},"datePublished":"2025-01-28T05:38:45+00:00","dateModified":"2025-06-25T17:07:08+00:00","description":"Pripojte sa k partnersk\u00e9mu programu 888Starz e\u0161te dnes! \ud83d\ude80 Odomknite vzru\u0161uj\u00face mo\u017enosti pr\u00edjmu, \u00fa\u017easn\u00e9 v\u00fdhody a pr\u00e9miov\u00fa podporu. Nielen sledujte hru - hrajte a vyhr\u00e1vajte s nami! \ud83d\udcb0 Optimalizujte svoje z\u00e1robky a za\u010dnite zar\u00e1ba\u0165 RE\u00c1LNE peniaze u\u017e teraz!","breadcrumb":{"@id":"https:\/\/888starz.tips\/sk\/affiliate\/#breadcrumb"},"inLanguage":"sk-SK","potentialAction":[{"@type":"ReadAction","target":["https:\/\/888starz.tips\/sk\/affiliate\/"]}]},{"@type":"BreadcrumbList","@id":"https:\/\/888starz.tips\/sk\/affiliate\/#breadcrumb","itemListElement":[{"@type":"ListItem","position":1,"name":"Home","item":"https:\/\/888starz.tips\/sk\/"},{"@type":"ListItem","position":2,"name":"Affiliate"}]},{"@type":"WebSite","@id":"https:\/\/888starz.tips\/sk\/#website","url":"https:\/\/888starz.tips\/sk\/","name":"888Starz Tips sk","description":"My WordPress Blog","potentialAction":[{"@type":"SearchAction","target":{"@type":"EntryPoint","urlTemplate":"https:\/\/888starz.tips\/sk\/?s={search_term_string}"},"query-input":{"@type":"PropertyValueSpecification","valueRequired":true,"valueName":"search_term_string"}}],"inLanguage":"sk-SK"}]}},"_links":{"self":[{"href":"https:\/\/888starz.tips\/sk\/wp-json\/wp\/v2\/pages\/471","targetHints":{"allow":["GET"]}}],"collection":[{"href":"https:\/\/888starz.tips\/sk\/wp-json\/wp\/v2\/pages"}],"about":[{"href":"https:\/\/888starz.tips\/sk\/wp-json\/wp\/v2\/types\/page"}],"author":[{"embeddable":true,"href":"https:\/\/888starz.tips\/sk\/wp-json\/wp\/v2\/users\/1"}],"replies":[{"embeddable":true,"href":"https:\/\/888starz.tips\/sk\/wp-json\/wp\/v2\/comments?post=471"}],"version-history":[{"count":5,"href":"https:\/\/888starz.tips\/sk\/wp-json\/wp\/v2\/pages\/471\/revisions"}],"predecessor-version":[{"id":562,"href":"https:\/\/888starz.tips\/sk\/wp-json\/wp\/v2\/pages\/471\/revisions\/562"}],"wp:attachment":[{"href":"https:\/\/888starz.tips\/sk\/wp-json\/wp\/v2\/media?parent=471"}],"curies":[{"name":"wp","href":"https:\/\/api.w.org\/{rel}","templated":true}]}}