{"id":530,"date":"2025-06-18T06:54:33","date_gmt":"2025-06-18T06:54:33","guid":{"rendered":"https:\/\/888starz.tips\/sk\/?page_id=530"},"modified":"2025-06-25T17:38:35","modified_gmt":"2025-06-25T17:38:35","slug":"express","status":"publish","type":"page","link":"https:\/\/888starz.tips\/sk\/bonus\/express\/","title":{"rendered":"Expres"},"content":{"rendered":"","protected":false},"excerpt":{"rendered":"","protected":false},"author":1,"featured_media":0,"parent":152,"menu_order":0,"comment_status":"closed","ping_status":"closed","template":"","meta":{"footnotes":""},"class_list":["post-530","page","type-page","status-publish","hentry"],"yoast_head":"<!-- This site is optimized with the Yoast SEO plugin v27.4 - https:\/\/yoast.com\/product\/yoast-seo-wordpress\/ -->\n<title>Expres d\u0148a | 10% bonus na v\u00fdhry s 888Starz!<\/title>\n<meta name=\"description\" content=\"Chcete zv\u00fd\u0161i\u0165 svoje v\u00fdhry? Expres d\u0148a od 888Starz v\u00e1m d\u00e1va 10% bonus! Stavte si na tri udalosti a z\u00edskajte svoje peniaze s extra kurzami.\" \/>\n<meta name=\"robots\" content=\"index, follow, max-snippet:-1, max-image-preview:large, max-video-preview:-1\" \/>\n<meta property=\"og:locale\" content=\"sk_SK\" \/>\n<meta property=\"og:type\" content=\"article\" \/>\n<meta property=\"og:title\" content=\"Expres d\u0148a | 10% bonus na v\u00fdhry s 888Starz!\" \/>\n<meta property=\"og:description\" content=\"Chcete zv\u00fd\u0161i\u0165 svoje v\u00fdhry? Expres d\u0148a od 888Starz v\u00e1m d\u00e1va 10% bonus! Stavte si na tri udalosti a z\u00edskajte svoje peniaze s extra kurzami.\" \/>\n<meta property=\"og:url\" content=\"https:\/\/888starz.tips\/sk\/bonus\/express\/\" \/>\n<meta property=\"og:site_name\" content=\"888Starz Tips sk\" \/>\n<meta property=\"article:modified_time\" content=\"2025-06-25T17:38:35+00:00\" \/>\n<meta name=\"twitter:card\" content=\"summary_large_image\" \/>\n<script type=\"application\/ld+json\" class=\"yoast-schema-graph\">{\"@context\":\"https:\\\/\\\/schema.org\",\"@graph\":[{\"@type\":\"WebPage\",\"@id\":\"https:\\\/\\\/888starz.tips\\\/sk\\\/bonus\\\/express\\\/\",\"url\":\"https:\\\/\\\/888starz.tips\\\/sk\\\/bonus\\\/express\\\/\",\"name\":\"Expres d\u0148a | 10% bonus na v\u00fdhry s 888Starz!\",\"isPartOf\":{\"@id\":\"https:\\\/\\\/888starz.tips\\\/sk\\\/#website\"},\"datePublished\":\"2025-06-18T06:54:33+00:00\",\"dateModified\":\"2025-06-25T17:38:35+00:00\",\"description\":\"Chcete zv\u00fd\u0161i\u0165 svoje v\u00fdhry? Expres d\u0148a od 888Starz v\u00e1m d\u00e1va 10% bonus! Stavte si na tri udalosti a z\u00edskajte svoje peniaze s extra kurzami.\",\"breadcrumb\":{\"@id\":\"https:\\\/\\\/888starz.tips\\\/sk\\\/bonus\\\/express\\\/#breadcrumb\"},\"inLanguage\":\"sk-SK\",\"potentialAction\":[{\"@type\":\"ReadAction\",\"target\":[\"https:\\\/\\\/888starz.tips\\\/sk\\\/bonus\\\/express\\\/\"]}]},{\"@type\":\"BreadcrumbList\",\"@id\":\"https:\\\/\\\/888starz.tips\\\/sk\\\/bonus\\\/express\\\/#breadcrumb\",\"itemListElement\":[{\"@type\":\"ListItem\",\"position\":1,\"name\":\"Home\",\"item\":\"https:\\\/\\\/888starz.tips\\\/sk\\\/\"},{\"@type\":\"ListItem\",\"position\":2,\"name\":\"Bonus\",\"item\":\"https:\\\/\\\/888starz.tips\\\/sk\\\/bonus\\\/\"},{\"@type\":\"ListItem\",\"position\":3,\"name\":\"Expres\"}]},{\"@type\":\"WebSite\",\"@id\":\"https:\\\/\\\/888starz.tips\\\/sk\\\/#website\",\"url\":\"https:\\\/\\\/888starz.tips\\\/sk\\\/\",\"name\":\"888Starz Tips sk\",\"description\":\"My WordPress Blog\",\"potentialAction\":[{\"@type\":\"SearchAction\",\"target\":{\"@type\":\"EntryPoint\",\"urlTemplate\":\"https:\\\/\\\/888starz.tips\\\/sk\\\/?s={search_term_string}\"},\"query-input\":{\"@type\":\"PropertyValueSpecification\",\"valueRequired\":true,\"valueName\":\"search_term_string\"}}],\"inLanguage\":\"sk-SK\"}]}<\/script>\n<!-- \/ Yoast SEO plugin. -->","yoast_head_json":{"title":"Expres d\u0148a | 10% bonus na v\u00fdhry s 888Starz!","description":"Chcete zv\u00fd\u0161i\u0165 svoje v\u00fdhry? Expres d\u0148a od 888Starz v\u00e1m d\u00e1va 10% bonus! Stavte si na tri udalosti a z\u00edskajte svoje peniaze s extra kurzami.","robots":{"index":"index","follow":"follow","max-snippet":"max-snippet:-1","max-image-preview":"max-image-preview:large","max-video-preview":"max-video-preview:-1"},"og_locale":"sk_SK","og_type":"article","og_title":"Expres d\u0148a | 10% bonus na v\u00fdhry s 888Starz!","og_description":"Chcete zv\u00fd\u0161i\u0165 svoje v\u00fdhry? Expres d\u0148a od 888Starz v\u00e1m d\u00e1va 10% bonus! Stavte si na tri udalosti a z\u00edskajte svoje peniaze s extra kurzami.","og_url":"https:\/\/888starz.tips\/sk\/bonus\/express\/","og_site_name":"888Starz Tips sk","article_modified_time":"2025-06-25T17:38:35+00:00","twitter_card":"summary_large_image","schema":{"@context":"https:\/\/schema.org","@graph":[{"@type":"WebPage","@id":"https:\/\/888starz.tips\/sk\/bonus\/express\/","url":"https:\/\/888starz.tips\/sk\/bonus\/express\/","name":"Expres d\u0148a | 10% bonus na v\u00fdhry s 888Starz!","isPartOf":{"@id":"https:\/\/888starz.tips\/sk\/#website"},"datePublished":"2025-06-18T06:54:33+00:00","dateModified":"2025-06-25T17:38:35+00:00","description":"Chcete zv\u00fd\u0161i\u0165 svoje v\u00fdhry? Expres d\u0148a od 888Starz v\u00e1m d\u00e1va 10% bonus! Stavte si na tri udalosti a z\u00edskajte svoje peniaze s extra kurzami.","breadcrumb":{"@id":"https:\/\/888starz.tips\/sk\/bonus\/express\/#breadcrumb"},"inLanguage":"sk-SK","potentialAction":[{"@type":"ReadAction","target":["https:\/\/888starz.tips\/sk\/bonus\/express\/"]}]},{"@type":"BreadcrumbList","@id":"https:\/\/888starz.tips\/sk\/bonus\/express\/#breadcrumb","itemListElement":[{"@type":"ListItem","position":1,"name":"Home","item":"https:\/\/888starz.tips\/sk\/"},{"@type":"ListItem","position":2,"name":"Bonus","item":"https:\/\/888starz.tips\/sk\/bonus\/"},{"@type":"ListItem","position":3,"name":"Expres"}]},{"@type":"WebSite","@id":"https:\/\/888starz.tips\/sk\/#website","url":"https:\/\/888starz.tips\/sk\/","name":"888Starz Tips sk","description":"My WordPress Blog","potentialAction":[{"@type":"SearchAction","target":{"@type":"EntryPoint","urlTemplate":"https:\/\/888starz.tips\/sk\/?s={search_term_string}"},"query-input":{"@type":"PropertyValueSpecification","valueRequired":true,"valueName":"search_term_string"}}],"inLanguage":"sk-SK"}]}},"_links":{"self":[{"href":"https:\/\/888starz.tips\/sk\/wp-json\/wp\/v2\/pages\/530","targetHints":{"allow":["GET"]}}],"collection":[{"href":"https:\/\/888starz.tips\/sk\/wp-json\/wp\/v2\/pages"}],"about":[{"href":"https:\/\/888starz.tips\/sk\/wp-json\/wp\/v2\/types\/page"}],"author":[{"embeddable":true,"href":"https:\/\/888starz.tips\/sk\/wp-json\/wp\/v2\/users\/1"}],"replies":[{"embeddable":true,"href":"https:\/\/888starz.tips\/sk\/wp-json\/wp\/v2\/comments?post=530"}],"version-history":[{"count":5,"href":"https:\/\/888starz.tips\/sk\/wp-json\/wp\/v2\/pages\/530\/revisions"}],"predecessor-version":[{"id":568,"href":"https:\/\/888starz.tips\/sk\/wp-json\/wp\/v2\/pages\/530\/revisions\/568"}],"up":[{"embeddable":true,"href":"https:\/\/888starz.tips\/sk\/wp-json\/wp\/v2\/pages\/152"}],"wp:attachment":[{"href":"https:\/\/888starz.tips\/sk\/wp-json\/wp\/v2\/media?parent=530"}],"curies":[{"name":"wp","href":"https:\/\/api.w.org\/{rel}","templated":true}]}}