{"id":535,"date":"2025-06-18T07:09:49","date_gmt":"2025-06-18T07:09:49","guid":{"rendered":"https:\/\/888starz.tips\/sk\/?page_id=535"},"modified":"2025-06-30T18:20:30","modified_gmt":"2025-06-30T18:20:30","slug":"aviator","status":"publish","type":"page","link":"https:\/\/888starz.tips\/sk\/bonus\/aviator\/","title":{"rendered":"Aviator"},"content":{"rendered":"","protected":false},"excerpt":{"rendered":"","protected":false},"author":1,"featured_media":0,"parent":152,"menu_order":0,"comment_status":"closed","ping_status":"closed","template":"","meta":{"footnotes":""},"class_list":["post-535","page","type-page","status-publish","hentry"],"yoast_head":"<!-- This site is optimized with the Yoast SEO plugin v27.4 - https:\/\/yoast.com\/product\/yoast-seo-wordpress\/ -->\n<title>\u0160peci\u00e1lny bonus 888Starz | Zato\u010denia zadarmo v Aviator!<\/title>\n<meta name=\"description\" content=\"Ste pripraven\u00ed zv\u00fd\u0161i\u0165 st\u00e1vku? \u010cak\u00e1 na v\u00e1s \u0161peci\u00e1lny bonus od 888Starz za hru Aviator! Vklad v pondelok a z\u00edskajte a\u017e 50 rozto\u010den\u00ed zadarmo! Nenechajte si ujs\u0165 \u0161ancu vyhra\u0165 hran\u00edm bez rizika.\" \/>\n<meta name=\"robots\" content=\"index, follow, max-snippet:-1, max-image-preview:large, max-video-preview:-1\" \/>\n<meta property=\"og:locale\" content=\"sk_SK\" \/>\n<meta property=\"og:type\" content=\"article\" \/>\n<meta property=\"og:title\" content=\"\u0160peci\u00e1lny bonus 888Starz | Zato\u010denia zadarmo v Aviator!\" \/>\n<meta property=\"og:description\" content=\"Ste pripraven\u00ed zv\u00fd\u0161i\u0165 st\u00e1vku? \u010cak\u00e1 na v\u00e1s \u0161peci\u00e1lny bonus od 888Starz za hru Aviator! Vklad v pondelok a z\u00edskajte a\u017e 50 rozto\u010den\u00ed zadarmo! Nenechajte si ujs\u0165 \u0161ancu vyhra\u0165 hran\u00edm bez rizika.\" \/>\n<meta property=\"og:url\" content=\"https:\/\/888starz.tips\/sk\/bonus\/aviator\/\" \/>\n<meta property=\"og:site_name\" content=\"888Starz Tips sk\" \/>\n<meta property=\"article:modified_time\" content=\"2025-06-30T18:20:30+00:00\" \/>\n<meta name=\"twitter:card\" content=\"summary_large_image\" \/>\n<script type=\"application\/ld+json\" class=\"yoast-schema-graph\">{\"@context\":\"https:\\\/\\\/schema.org\",\"@graph\":[{\"@type\":\"WebPage\",\"@id\":\"https:\\\/\\\/888starz.tips\\\/sk\\\/bonus\\\/aviator\\\/\",\"url\":\"https:\\\/\\\/888starz.tips\\\/sk\\\/bonus\\\/aviator\\\/\",\"name\":\"\u0160peci\u00e1lny bonus 888Starz | Zato\u010denia zadarmo v Aviator!\",\"isPartOf\":{\"@id\":\"https:\\\/\\\/888starz.tips\\\/sk\\\/#website\"},\"datePublished\":\"2025-06-18T07:09:49+00:00\",\"dateModified\":\"2025-06-30T18:20:30+00:00\",\"description\":\"Ste pripraven\u00ed zv\u00fd\u0161i\u0165 st\u00e1vku? \u010cak\u00e1 na v\u00e1s \u0161peci\u00e1lny bonus od 888Starz za hru Aviator! Vklad v pondelok a z\u00edskajte a\u017e 50 rozto\u010den\u00ed zadarmo! Nenechajte si ujs\u0165 \u0161ancu vyhra\u0165 hran\u00edm bez rizika.\",\"breadcrumb\":{\"@id\":\"https:\\\/\\\/888starz.tips\\\/sk\\\/bonus\\\/aviator\\\/#breadcrumb\"},\"inLanguage\":\"sk-SK\",\"potentialAction\":[{\"@type\":\"ReadAction\",\"target\":[\"https:\\\/\\\/888starz.tips\\\/sk\\\/bonus\\\/aviator\\\/\"]}]},{\"@type\":\"BreadcrumbList\",\"@id\":\"https:\\\/\\\/888starz.tips\\\/sk\\\/bonus\\\/aviator\\\/#breadcrumb\",\"itemListElement\":[{\"@type\":\"ListItem\",\"position\":1,\"name\":\"Home\",\"item\":\"https:\\\/\\\/888starz.tips\\\/sk\\\/\"},{\"@type\":\"ListItem\",\"position\":2,\"name\":\"Bonus\",\"item\":\"https:\\\/\\\/888starz.tips\\\/sk\\\/bonus\\\/\"},{\"@type\":\"ListItem\",\"position\":3,\"name\":\"Aviator\"}]},{\"@type\":\"WebSite\",\"@id\":\"https:\\\/\\\/888starz.tips\\\/sk\\\/#website\",\"url\":\"https:\\\/\\\/888starz.tips\\\/sk\\\/\",\"name\":\"888Starz Tips sk\",\"description\":\"My WordPress Blog\",\"potentialAction\":[{\"@type\":\"SearchAction\",\"target\":{\"@type\":\"EntryPoint\",\"urlTemplate\":\"https:\\\/\\\/888starz.tips\\\/sk\\\/?s={search_term_string}\"},\"query-input\":{\"@type\":\"PropertyValueSpecification\",\"valueRequired\":true,\"valueName\":\"search_term_string\"}}],\"inLanguage\":\"sk-SK\"}]}<\/script>\n<!-- \/ Yoast SEO plugin. -->","yoast_head_json":{"title":"\u0160peci\u00e1lny bonus 888Starz | Zato\u010denia zadarmo v Aviator!","description":"Ste pripraven\u00ed zv\u00fd\u0161i\u0165 st\u00e1vku? \u010cak\u00e1 na v\u00e1s \u0161peci\u00e1lny bonus od 888Starz za hru Aviator! Vklad v pondelok a z\u00edskajte a\u017e 50 rozto\u010den\u00ed zadarmo! Nenechajte si ujs\u0165 \u0161ancu vyhra\u0165 hran\u00edm bez rizika.","robots":{"index":"index","follow":"follow","max-snippet":"max-snippet:-1","max-image-preview":"max-image-preview:large","max-video-preview":"max-video-preview:-1"},"og_locale":"sk_SK","og_type":"article","og_title":"\u0160peci\u00e1lny bonus 888Starz | Zato\u010denia zadarmo v Aviator!","og_description":"Ste pripraven\u00ed zv\u00fd\u0161i\u0165 st\u00e1vku? \u010cak\u00e1 na v\u00e1s \u0161peci\u00e1lny bonus od 888Starz za hru Aviator! Vklad v pondelok a z\u00edskajte a\u017e 50 rozto\u010den\u00ed zadarmo! Nenechajte si ujs\u0165 \u0161ancu vyhra\u0165 hran\u00edm bez rizika.","og_url":"https:\/\/888starz.tips\/sk\/bonus\/aviator\/","og_site_name":"888Starz Tips sk","article_modified_time":"2025-06-30T18:20:30+00:00","twitter_card":"summary_large_image","schema":{"@context":"https:\/\/schema.org","@graph":[{"@type":"WebPage","@id":"https:\/\/888starz.tips\/sk\/bonus\/aviator\/","url":"https:\/\/888starz.tips\/sk\/bonus\/aviator\/","name":"\u0160peci\u00e1lny bonus 888Starz | Zato\u010denia zadarmo v Aviator!","isPartOf":{"@id":"https:\/\/888starz.tips\/sk\/#website"},"datePublished":"2025-06-18T07:09:49+00:00","dateModified":"2025-06-30T18:20:30+00:00","description":"Ste pripraven\u00ed zv\u00fd\u0161i\u0165 st\u00e1vku? \u010cak\u00e1 na v\u00e1s \u0161peci\u00e1lny bonus od 888Starz za hru Aviator! Vklad v pondelok a z\u00edskajte a\u017e 50 rozto\u010den\u00ed zadarmo! Nenechajte si ujs\u0165 \u0161ancu vyhra\u0165 hran\u00edm bez rizika.","breadcrumb":{"@id":"https:\/\/888starz.tips\/sk\/bonus\/aviator\/#breadcrumb"},"inLanguage":"sk-SK","potentialAction":[{"@type":"ReadAction","target":["https:\/\/888starz.tips\/sk\/bonus\/aviator\/"]}]},{"@type":"BreadcrumbList","@id":"https:\/\/888starz.tips\/sk\/bonus\/aviator\/#breadcrumb","itemListElement":[{"@type":"ListItem","position":1,"name":"Home","item":"https:\/\/888starz.tips\/sk\/"},{"@type":"ListItem","position":2,"name":"Bonus","item":"https:\/\/888starz.tips\/sk\/bonus\/"},{"@type":"ListItem","position":3,"name":"Aviator"}]},{"@type":"WebSite","@id":"https:\/\/888starz.tips\/sk\/#website","url":"https:\/\/888starz.tips\/sk\/","name":"888Starz Tips sk","description":"My WordPress Blog","potentialAction":[{"@type":"SearchAction","target":{"@type":"EntryPoint","urlTemplate":"https:\/\/888starz.tips\/sk\/?s={search_term_string}"},"query-input":{"@type":"PropertyValueSpecification","valueRequired":true,"valueName":"search_term_string"}}],"inLanguage":"sk-SK"}]}},"_links":{"self":[{"href":"https:\/\/888starz.tips\/sk\/wp-json\/wp\/v2\/pages\/535","targetHints":{"allow":["GET"]}}],"collection":[{"href":"https:\/\/888starz.tips\/sk\/wp-json\/wp\/v2\/pages"}],"about":[{"href":"https:\/\/888starz.tips\/sk\/wp-json\/wp\/v2\/types\/page"}],"author":[{"embeddable":true,"href":"https:\/\/888starz.tips\/sk\/wp-json\/wp\/v2\/users\/1"}],"replies":[{"embeddable":true,"href":"https:\/\/888starz.tips\/sk\/wp-json\/wp\/v2\/comments?post=535"}],"version-history":[{"count":3,"href":"https:\/\/888starz.tips\/sk\/wp-json\/wp\/v2\/pages\/535\/revisions"}],"predecessor-version":[{"id":567,"href":"https:\/\/888starz.tips\/sk\/wp-json\/wp\/v2\/pages\/535\/revisions\/567"}],"up":[{"embeddable":true,"href":"https:\/\/888starz.tips\/sk\/wp-json\/wp\/v2\/pages\/152"}],"wp:attachment":[{"href":"https:\/\/888starz.tips\/sk\/wp-json\/wp\/v2\/media?parent=535"}],"curies":[{"name":"wp","href":"https:\/\/api.w.org\/{rel}","templated":true}]}}