{"id":152,"date":"2023-05-18T17:39:43","date_gmt":"2023-05-18T17:39:43","guid":{"rendered":"https:\/\/888starz.tips\/sl\/?page_id=152"},"modified":"2025-06-30T05:07:59","modified_gmt":"2025-06-30T05:07:59","slug":"bonus","status":"publish","type":"page","link":"https:\/\/888starz.tips\/sl\/bonus\/","title":{"rendered":"Bonus"},"content":{"rendered":"","protected":false},"excerpt":{"rendered":"","protected":false},"author":1,"featured_media":0,"parent":0,"menu_order":0,"comment_status":"closed","ping_status":"closed","template":"","meta":{"footnotes":""},"class_list":["post-152","page","type-page","status-publish","hentry"],"yoast_head":"<!-- This site is optimized with the Yoast SEO plugin v27.4 - https:\/\/yoast.com\/product\/yoast-seo-wordpress\/ -->\n<title>888Starz Bonus 2025: Do \u20ac 500 dobrodo\u0161la ponudba + brezpla\u010dni vrtljaji<\/title>\n<meta name=\"description\" content=\"Ne zamudite prilo\u017enosti in se obrnite na radodarnost 888Starz! Prejmite 100-odstotni bonus za prvi polog in odkrijte izjemne promocije 2025. \u010cakajo vas ekskluzivne brezpla\u010dne stave in vra\u010dilo denarja vsak teden!\" \/>\n<meta name=\"robots\" content=\"index, follow, max-snippet:-1, max-image-preview:large, max-video-preview:-1\" \/>\n<meta property=\"og:locale\" content=\"sl_SI\" \/>\n<meta property=\"og:type\" content=\"article\" \/>\n<meta property=\"og:title\" content=\"888Starz Bonus 2025: Do \u20ac 500 dobrodo\u0161la ponudba + brezpla\u010dni vrtljaji\" \/>\n<meta property=\"og:description\" content=\"Ne zamudite prilo\u017enosti in se obrnite na radodarnost 888Starz! Prejmite 100-odstotni bonus za prvi polog in odkrijte izjemne promocije 2025. \u010cakajo vas ekskluzivne brezpla\u010dne stave in vra\u010dilo denarja vsak teden!\" \/>\n<meta property=\"og:url\" content=\"https:\/\/888starz.tips\/sl\/bonus\/\" \/>\n<meta property=\"og:site_name\" content=\"888Starz Tips sl\" \/>\n<meta property=\"article:modified_time\" content=\"2025-06-30T05:07:59+00:00\" \/>\n<meta name=\"twitter:card\" content=\"summary_large_image\" \/>\n<script type=\"application\/ld+json\" class=\"yoast-schema-graph\">{\"@context\":\"https:\\\/\\\/schema.org\",\"@graph\":[{\"@type\":\"WebPage\",\"@id\":\"https:\\\/\\\/888starz.tips\\\/sl\\\/bonus\\\/\",\"url\":\"https:\\\/\\\/888starz.tips\\\/sl\\\/bonus\\\/\",\"name\":\"888Starz Bonus 2025: Do \u20ac 500 dobrodo\u0161la ponudba + brezpla\u010dni vrtljaji\",\"isPartOf\":{\"@id\":\"https:\\\/\\\/888starz.tips\\\/sl\\\/#website\"},\"datePublished\":\"2023-05-18T17:39:43+00:00\",\"dateModified\":\"2025-06-30T05:07:59+00:00\",\"description\":\"Ne zamudite prilo\u017enosti in se obrnite na radodarnost 888Starz! Prejmite 100-odstotni bonus za prvi polog in odkrijte izjemne promocije 2025. \u010cakajo vas ekskluzivne brezpla\u010dne stave in vra\u010dilo denarja vsak teden!\",\"breadcrumb\":{\"@id\":\"https:\\\/\\\/888starz.tips\\\/sl\\\/bonus\\\/#breadcrumb\"},\"inLanguage\":\"sl-SI\",\"potentialAction\":[{\"@type\":\"ReadAction\",\"target\":[\"https:\\\/\\\/888starz.tips\\\/sl\\\/bonus\\\/\"]}]},{\"@type\":\"BreadcrumbList\",\"@id\":\"https:\\\/\\\/888starz.tips\\\/sl\\\/bonus\\\/#breadcrumb\",\"itemListElement\":[{\"@type\":\"ListItem\",\"position\":1,\"name\":\"Home\",\"item\":\"https:\\\/\\\/888starz.tips\\\/sl\\\/\"},{\"@type\":\"ListItem\",\"position\":2,\"name\":\"Bonus\"}]},{\"@type\":\"WebSite\",\"@id\":\"https:\\\/\\\/888starz.tips\\\/sl\\\/#website\",\"url\":\"https:\\\/\\\/888starz.tips\\\/sl\\\/\",\"name\":\"888Starz Tips sl\",\"description\":\"My WordPress Blog\",\"potentialAction\":[{\"@type\":\"SearchAction\",\"target\":{\"@type\":\"EntryPoint\",\"urlTemplate\":\"https:\\\/\\\/888starz.tips\\\/sl\\\/?s={search_term_string}\"},\"query-input\":{\"@type\":\"PropertyValueSpecification\",\"valueRequired\":true,\"valueName\":\"search_term_string\"}}],\"inLanguage\":\"sl-SI\"}]}<\/script>\n<!-- \/ Yoast SEO plugin. -->","yoast_head_json":{"title":"888Starz Bonus 2025: Do \u20ac 500 dobrodo\u0161la ponudba + brezpla\u010dni vrtljaji","description":"Ne zamudite prilo\u017enosti in se obrnite na radodarnost 888Starz! Prejmite 100-odstotni bonus za prvi polog in odkrijte izjemne promocije 2025. \u010cakajo vas ekskluzivne brezpla\u010dne stave in vra\u010dilo denarja vsak teden!","robots":{"index":"index","follow":"follow","max-snippet":"max-snippet:-1","max-image-preview":"max-image-preview:large","max-video-preview":"max-video-preview:-1"},"og_locale":"sl_SI","og_type":"article","og_title":"888Starz Bonus 2025: Do \u20ac 500 dobrodo\u0161la ponudba + brezpla\u010dni vrtljaji","og_description":"Ne zamudite prilo\u017enosti in se obrnite na radodarnost 888Starz! Prejmite 100-odstotni bonus za prvi polog in odkrijte izjemne promocije 2025. \u010cakajo vas ekskluzivne brezpla\u010dne stave in vra\u010dilo denarja vsak teden!","og_url":"https:\/\/888starz.tips\/sl\/bonus\/","og_site_name":"888Starz Tips sl","article_modified_time":"2025-06-30T05:07:59+00:00","twitter_card":"summary_large_image","schema":{"@context":"https:\/\/schema.org","@graph":[{"@type":"WebPage","@id":"https:\/\/888starz.tips\/sl\/bonus\/","url":"https:\/\/888starz.tips\/sl\/bonus\/","name":"888Starz Bonus 2025: Do \u20ac 500 dobrodo\u0161la ponudba + brezpla\u010dni vrtljaji","isPartOf":{"@id":"https:\/\/888starz.tips\/sl\/#website"},"datePublished":"2023-05-18T17:39:43+00:00","dateModified":"2025-06-30T05:07:59+00:00","description":"Ne zamudite prilo\u017enosti in se obrnite na radodarnost 888Starz! Prejmite 100-odstotni bonus za prvi polog in odkrijte izjemne promocije 2025. \u010cakajo vas ekskluzivne brezpla\u010dne stave in vra\u010dilo denarja vsak teden!","breadcrumb":{"@id":"https:\/\/888starz.tips\/sl\/bonus\/#breadcrumb"},"inLanguage":"sl-SI","potentialAction":[{"@type":"ReadAction","target":["https:\/\/888starz.tips\/sl\/bonus\/"]}]},{"@type":"BreadcrumbList","@id":"https:\/\/888starz.tips\/sl\/bonus\/#breadcrumb","itemListElement":[{"@type":"ListItem","position":1,"name":"Home","item":"https:\/\/888starz.tips\/sl\/"},{"@type":"ListItem","position":2,"name":"Bonus"}]},{"@type":"WebSite","@id":"https:\/\/888starz.tips\/sl\/#website","url":"https:\/\/888starz.tips\/sl\/","name":"888Starz Tips sl","description":"My WordPress Blog","potentialAction":[{"@type":"SearchAction","target":{"@type":"EntryPoint","urlTemplate":"https:\/\/888starz.tips\/sl\/?s={search_term_string}"},"query-input":{"@type":"PropertyValueSpecification","valueRequired":true,"valueName":"search_term_string"}}],"inLanguage":"sl-SI"}]}},"_links":{"self":[{"href":"https:\/\/888starz.tips\/sl\/wp-json\/wp\/v2\/pages\/152","targetHints":{"allow":["GET"]}}],"collection":[{"href":"https:\/\/888starz.tips\/sl\/wp-json\/wp\/v2\/pages"}],"about":[{"href":"https:\/\/888starz.tips\/sl\/wp-json\/wp\/v2\/types\/page"}],"author":[{"embeddable":true,"href":"https:\/\/888starz.tips\/sl\/wp-json\/wp\/v2\/users\/1"}],"replies":[{"embeddable":true,"href":"https:\/\/888starz.tips\/sl\/wp-json\/wp\/v2\/comments?post=152"}],"version-history":[{"count":10,"href":"https:\/\/888starz.tips\/sl\/wp-json\/wp\/v2\/pages\/152\/revisions"}],"predecessor-version":[{"id":570,"href":"https:\/\/888starz.tips\/sl\/wp-json\/wp\/v2\/pages\/152\/revisions\/570"}],"wp:attachment":[{"href":"https:\/\/888starz.tips\/sl\/wp-json\/wp\/v2\/media?parent=152"}],"curies":[{"name":"wp","href":"https:\/\/api.w.org\/{rel}","templated":true}]}}