{"id":451,"date":"2025-01-27T13:46:18","date_gmt":"2025-01-27T13:46:18","guid":{"rendered":"https:\/\/888starz.tips\/sl\/?page_id=451"},"modified":"2025-06-30T06:04:22","modified_gmt":"2025-06-30T06:04:22","slug":"promo-code","status":"publish","type":"page","link":"https:\/\/888starz.tips\/sl\/promo-code\/","title":{"rendered":"Promocijska koda"},"content":{"rendered":"","protected":false},"excerpt":{"rendered":"","protected":false},"author":1,"featured_media":0,"parent":0,"menu_order":0,"comment_status":"closed","ping_status":"closed","template":"","meta":{"footnotes":""},"class_list":["post-451","page","type-page","status-publish","hentry"],"yoast_head":"<!-- This site is optimized with the Yoast SEO plugin v27.4 - https:\/\/yoast.com\/product\/yoast-seo-wordpress\/ -->\n<title>888Starz promocijska koda 2025 \u2705 Zahtevajte svoj bonus 100%!<\/title>\n<meta name=\"description\" content=\"\u017delite pove\u010dati svoj dobitek? \ud83d\udd25Zaklju\u010di ekskluzivno promocijsko kodo 888Starz 2025 in si \u0161e danes priigraj ogromen 100 % bonus! Ne \u010dakajte - va\u0161e potovanje z glavnim dobitkom se za\u010dne zdaj!\" \/>\n<meta name=\"robots\" content=\"index, follow, max-snippet:-1, max-image-preview:large, max-video-preview:-1\" \/>\n<meta property=\"og:locale\" content=\"sl_SI\" \/>\n<meta property=\"og:type\" content=\"article\" \/>\n<meta property=\"og:title\" content=\"888Starz promocijska koda 2025 \u2705 Zahtevajte svoj bonus 100%!\" \/>\n<meta property=\"og:description\" content=\"\u017delite pove\u010dati svoj dobitek? \ud83d\udd25Zaklju\u010di ekskluzivno promocijsko kodo 888Starz 2025 in si \u0161e danes priigraj ogromen 100 % bonus! Ne \u010dakajte - va\u0161e potovanje z glavnim dobitkom se za\u010dne zdaj!\" \/>\n<meta property=\"og:url\" content=\"https:\/\/888starz.tips\/sl\/promo-code\/\" \/>\n<meta property=\"og:site_name\" content=\"888Starz Tips sl\" \/>\n<meta property=\"article:modified_time\" content=\"2025-06-30T06:04:22+00:00\" \/>\n<meta name=\"twitter:card\" content=\"summary_large_image\" \/>\n<script type=\"application\/ld+json\" class=\"yoast-schema-graph\">{\"@context\":\"https:\\\/\\\/schema.org\",\"@graph\":[{\"@type\":\"WebPage\",\"@id\":\"https:\\\/\\\/888starz.tips\\\/sl\\\/promo-code\\\/\",\"url\":\"https:\\\/\\\/888starz.tips\\\/sl\\\/promo-code\\\/\",\"name\":\"888Starz promocijska koda 2025 \u2705 Zahtevajte svoj bonus 100%!\",\"isPartOf\":{\"@id\":\"https:\\\/\\\/888starz.tips\\\/sl\\\/#website\"},\"datePublished\":\"2025-01-27T13:46:18+00:00\",\"dateModified\":\"2025-06-30T06:04:22+00:00\",\"description\":\"\u017delite pove\u010dati svoj dobitek? \ud83d\udd25Zaklju\u010di ekskluzivno promocijsko kodo 888Starz 2025 in si \u0161e danes priigraj ogromen 100 % bonus! Ne \u010dakajte - va\u0161e potovanje z glavnim dobitkom se za\u010dne zdaj!\",\"breadcrumb\":{\"@id\":\"https:\\\/\\\/888starz.tips\\\/sl\\\/promo-code\\\/#breadcrumb\"},\"inLanguage\":\"sl-SI\",\"potentialAction\":[{\"@type\":\"ReadAction\",\"target\":[\"https:\\\/\\\/888starz.tips\\\/sl\\\/promo-code\\\/\"]}]},{\"@type\":\"BreadcrumbList\",\"@id\":\"https:\\\/\\\/888starz.tips\\\/sl\\\/promo-code\\\/#breadcrumb\",\"itemListElement\":[{\"@type\":\"ListItem\",\"position\":1,\"name\":\"Home\",\"item\":\"https:\\\/\\\/888starz.tips\\\/sl\\\/\"},{\"@type\":\"ListItem\",\"position\":2,\"name\":\"Promocijska koda\"}]},{\"@type\":\"WebSite\",\"@id\":\"https:\\\/\\\/888starz.tips\\\/sl\\\/#website\",\"url\":\"https:\\\/\\\/888starz.tips\\\/sl\\\/\",\"name\":\"888Starz Tips sl\",\"description\":\"My WordPress Blog\",\"potentialAction\":[{\"@type\":\"SearchAction\",\"target\":{\"@type\":\"EntryPoint\",\"urlTemplate\":\"https:\\\/\\\/888starz.tips\\\/sl\\\/?s={search_term_string}\"},\"query-input\":{\"@type\":\"PropertyValueSpecification\",\"valueRequired\":true,\"valueName\":\"search_term_string\"}}],\"inLanguage\":\"sl-SI\"}]}<\/script>\n<!-- \/ Yoast SEO plugin. -->","yoast_head_json":{"title":"888Starz promocijska koda 2025 \u2705 Zahtevajte svoj bonus 100%!","description":"\u017delite pove\u010dati svoj dobitek? \ud83d\udd25Zaklju\u010di ekskluzivno promocijsko kodo 888Starz 2025 in si \u0161e danes priigraj ogromen 100 % bonus! Ne \u010dakajte - va\u0161e potovanje z glavnim dobitkom se za\u010dne zdaj!","robots":{"index":"index","follow":"follow","max-snippet":"max-snippet:-1","max-image-preview":"max-image-preview:large","max-video-preview":"max-video-preview:-1"},"og_locale":"sl_SI","og_type":"article","og_title":"888Starz promocijska koda 2025 \u2705 Zahtevajte svoj bonus 100%!","og_description":"\u017delite pove\u010dati svoj dobitek? \ud83d\udd25Zaklju\u010di ekskluzivno promocijsko kodo 888Starz 2025 in si \u0161e danes priigraj ogromen 100 % bonus! Ne \u010dakajte - va\u0161e potovanje z glavnim dobitkom se za\u010dne zdaj!","og_url":"https:\/\/888starz.tips\/sl\/promo-code\/","og_site_name":"888Starz Tips sl","article_modified_time":"2025-06-30T06:04:22+00:00","twitter_card":"summary_large_image","schema":{"@context":"https:\/\/schema.org","@graph":[{"@type":"WebPage","@id":"https:\/\/888starz.tips\/sl\/promo-code\/","url":"https:\/\/888starz.tips\/sl\/promo-code\/","name":"888Starz promocijska koda 2025 \u2705 Zahtevajte svoj bonus 100%!","isPartOf":{"@id":"https:\/\/888starz.tips\/sl\/#website"},"datePublished":"2025-01-27T13:46:18+00:00","dateModified":"2025-06-30T06:04:22+00:00","description":"\u017delite pove\u010dati svoj dobitek? \ud83d\udd25Zaklju\u010di ekskluzivno promocijsko kodo 888Starz 2025 in si \u0161e danes priigraj ogromen 100 % bonus! Ne \u010dakajte - va\u0161e potovanje z glavnim dobitkom se za\u010dne zdaj!","breadcrumb":{"@id":"https:\/\/888starz.tips\/sl\/promo-code\/#breadcrumb"},"inLanguage":"sl-SI","potentialAction":[{"@type":"ReadAction","target":["https:\/\/888starz.tips\/sl\/promo-code\/"]}]},{"@type":"BreadcrumbList","@id":"https:\/\/888starz.tips\/sl\/promo-code\/#breadcrumb","itemListElement":[{"@type":"ListItem","position":1,"name":"Home","item":"https:\/\/888starz.tips\/sl\/"},{"@type":"ListItem","position":2,"name":"Promocijska koda"}]},{"@type":"WebSite","@id":"https:\/\/888starz.tips\/sl\/#website","url":"https:\/\/888starz.tips\/sl\/","name":"888Starz Tips sl","description":"My WordPress Blog","potentialAction":[{"@type":"SearchAction","target":{"@type":"EntryPoint","urlTemplate":"https:\/\/888starz.tips\/sl\/?s={search_term_string}"},"query-input":{"@type":"PropertyValueSpecification","valueRequired":true,"valueName":"search_term_string"}}],"inLanguage":"sl-SI"}]}},"_links":{"self":[{"href":"https:\/\/888starz.tips\/sl\/wp-json\/wp\/v2\/pages\/451","targetHints":{"allow":["GET"]}}],"collection":[{"href":"https:\/\/888starz.tips\/sl\/wp-json\/wp\/v2\/pages"}],"about":[{"href":"https:\/\/888starz.tips\/sl\/wp-json\/wp\/v2\/types\/page"}],"author":[{"embeddable":true,"href":"https:\/\/888starz.tips\/sl\/wp-json\/wp\/v2\/users\/1"}],"replies":[{"embeddable":true,"href":"https:\/\/888starz.tips\/sl\/wp-json\/wp\/v2\/comments?post=451"}],"version-history":[{"count":6,"href":"https:\/\/888starz.tips\/sl\/wp-json\/wp\/v2\/pages\/451\/revisions"}],"predecessor-version":[{"id":582,"href":"https:\/\/888starz.tips\/sl\/wp-json\/wp\/v2\/pages\/451\/revisions\/582"}],"wp:attachment":[{"href":"https:\/\/888starz.tips\/sl\/wp-json\/wp\/v2\/media?parent=451"}],"curies":[{"name":"wp","href":"https:\/\/api.w.org\/{rel}","templated":true}]}}