{"id":471,"date":"2025-01-28T05:38:45","date_gmt":"2025-01-28T05:38:45","guid":{"rendered":"https:\/\/888starz.tips\/sl\/?page_id=471"},"modified":"2025-07-08T18:19:42","modified_gmt":"2025-07-08T18:19:42","slug":"affiliate","status":"publish","type":"page","link":"https:\/\/888starz.tips\/sl\/affiliate\/","title":{"rendered":"Podru\u017enica"},"content":{"rendered":"","protected":false},"excerpt":{"rendered":"","protected":false},"author":1,"featured_media":0,"parent":0,"menu_order":0,"comment_status":"closed","ping_status":"closed","template":"","meta":{"footnotes":""},"class_list":["post-471","page","type-page","status-publish","hentry"],"yoast_head":"<!-- This site is optimized with the Yoast SEO plugin v27.4 - https:\/\/yoast.com\/product\/yoast-seo-wordpress\/ -->\n<title>888Starz Pridru\u017eena dru\u017eba: \u2705iGaming Partnership Program<\/title>\n<meta name=\"description\" content=\"Pridru\u017eite se partnerskemu programu 888Starz \u0161e danes! \ud83d\ude80 Odkrijte vznemirljive prilo\u017enosti za zaslu\u017eek, neverjetne ugodnosti in vrhunsko podporo. Ne gledajte samo igre - igrajte in zmagujte z nami! \ud83d\udcb0 Optimizirajte svoj zaslu\u017eek in za\u010dnite zaslu\u017eiti REALNI denar zdaj!\" \/>\n<meta name=\"robots\" content=\"index, follow, max-snippet:-1, max-image-preview:large, max-video-preview:-1\" \/>\n<meta property=\"og:locale\" content=\"sl_SI\" \/>\n<meta property=\"og:type\" content=\"article\" \/>\n<meta property=\"og:title\" content=\"888Starz Pridru\u017eena dru\u017eba: \u2705iGaming Partnership Program\" \/>\n<meta property=\"og:description\" content=\"Pridru\u017eite se partnerskemu programu 888Starz \u0161e danes! \ud83d\ude80 Odkrijte vznemirljive prilo\u017enosti za zaslu\u017eek, neverjetne ugodnosti in vrhunsko podporo. Ne gledajte samo igre - igrajte in zmagujte z nami! \ud83d\udcb0 Optimizirajte svoj zaslu\u017eek in za\u010dnite zaslu\u017eiti REALNI denar zdaj!\" \/>\n<meta property=\"og:url\" content=\"https:\/\/888starz.tips\/sl\/affiliate\/\" \/>\n<meta property=\"og:site_name\" content=\"888Starz Tips sl\" \/>\n<meta property=\"article:modified_time\" content=\"2025-07-08T18:19:42+00:00\" \/>\n<meta name=\"twitter:card\" content=\"summary_large_image\" \/>\n<script type=\"application\/ld+json\" class=\"yoast-schema-graph\">{\"@context\":\"https:\\\/\\\/schema.org\",\"@graph\":[{\"@type\":\"WebPage\",\"@id\":\"https:\\\/\\\/888starz.tips\\\/sl\\\/affiliate\\\/\",\"url\":\"https:\\\/\\\/888starz.tips\\\/sl\\\/affiliate\\\/\",\"name\":\"888Starz Pridru\u017eena dru\u017eba: \u2705iGaming Partnership Program\",\"isPartOf\":{\"@id\":\"https:\\\/\\\/888starz.tips\\\/sl\\\/#website\"},\"datePublished\":\"2025-01-28T05:38:45+00:00\",\"dateModified\":\"2025-07-08T18:19:42+00:00\",\"description\":\"Pridru\u017eite se partnerskemu programu 888Starz \u0161e danes! \ud83d\ude80 Odkrijte vznemirljive prilo\u017enosti za zaslu\u017eek, neverjetne ugodnosti in vrhunsko podporo. Ne gledajte samo igre - igrajte in zmagujte z nami! \ud83d\udcb0 Optimizirajte svoj zaslu\u017eek in za\u010dnite zaslu\u017eiti REALNI denar zdaj!\",\"breadcrumb\":{\"@id\":\"https:\\\/\\\/888starz.tips\\\/sl\\\/affiliate\\\/#breadcrumb\"},\"inLanguage\":\"sl-SI\",\"potentialAction\":[{\"@type\":\"ReadAction\",\"target\":[\"https:\\\/\\\/888starz.tips\\\/sl\\\/affiliate\\\/\"]}]},{\"@type\":\"BreadcrumbList\",\"@id\":\"https:\\\/\\\/888starz.tips\\\/sl\\\/affiliate\\\/#breadcrumb\",\"itemListElement\":[{\"@type\":\"ListItem\",\"position\":1,\"name\":\"Home\",\"item\":\"https:\\\/\\\/888starz.tips\\\/sl\\\/\"},{\"@type\":\"ListItem\",\"position\":2,\"name\":\"Podru\u017enica\"}]},{\"@type\":\"WebSite\",\"@id\":\"https:\\\/\\\/888starz.tips\\\/sl\\\/#website\",\"url\":\"https:\\\/\\\/888starz.tips\\\/sl\\\/\",\"name\":\"888Starz Tips sl\",\"description\":\"My WordPress Blog\",\"potentialAction\":[{\"@type\":\"SearchAction\",\"target\":{\"@type\":\"EntryPoint\",\"urlTemplate\":\"https:\\\/\\\/888starz.tips\\\/sl\\\/?s={search_term_string}\"},\"query-input\":{\"@type\":\"PropertyValueSpecification\",\"valueRequired\":true,\"valueName\":\"search_term_string\"}}],\"inLanguage\":\"sl-SI\"}]}<\/script>\n<!-- \/ Yoast SEO plugin. -->","yoast_head_json":{"title":"888Starz Pridru\u017eena dru\u017eba: \u2705iGaming Partnership Program","description":"Pridru\u017eite se partnerskemu programu 888Starz \u0161e danes! \ud83d\ude80 Odkrijte vznemirljive prilo\u017enosti za zaslu\u017eek, neverjetne ugodnosti in vrhunsko podporo. Ne gledajte samo igre - igrajte in zmagujte z nami! \ud83d\udcb0 Optimizirajte svoj zaslu\u017eek in za\u010dnite zaslu\u017eiti REALNI denar zdaj!","robots":{"index":"index","follow":"follow","max-snippet":"max-snippet:-1","max-image-preview":"max-image-preview:large","max-video-preview":"max-video-preview:-1"},"og_locale":"sl_SI","og_type":"article","og_title":"888Starz Pridru\u017eena dru\u017eba: \u2705iGaming Partnership Program","og_description":"Pridru\u017eite se partnerskemu programu 888Starz \u0161e danes! \ud83d\ude80 Odkrijte vznemirljive prilo\u017enosti za zaslu\u017eek, neverjetne ugodnosti in vrhunsko podporo. Ne gledajte samo igre - igrajte in zmagujte z nami! \ud83d\udcb0 Optimizirajte svoj zaslu\u017eek in za\u010dnite zaslu\u017eiti REALNI denar zdaj!","og_url":"https:\/\/888starz.tips\/sl\/affiliate\/","og_site_name":"888Starz Tips sl","article_modified_time":"2025-07-08T18:19:42+00:00","twitter_card":"summary_large_image","schema":{"@context":"https:\/\/schema.org","@graph":[{"@type":"WebPage","@id":"https:\/\/888starz.tips\/sl\/affiliate\/","url":"https:\/\/888starz.tips\/sl\/affiliate\/","name":"888Starz Pridru\u017eena dru\u017eba: \u2705iGaming Partnership Program","isPartOf":{"@id":"https:\/\/888starz.tips\/sl\/#website"},"datePublished":"2025-01-28T05:38:45+00:00","dateModified":"2025-07-08T18:19:42+00:00","description":"Pridru\u017eite se partnerskemu programu 888Starz \u0161e danes! \ud83d\ude80 Odkrijte vznemirljive prilo\u017enosti za zaslu\u017eek, neverjetne ugodnosti in vrhunsko podporo. Ne gledajte samo igre - igrajte in zmagujte z nami! \ud83d\udcb0 Optimizirajte svoj zaslu\u017eek in za\u010dnite zaslu\u017eiti REALNI denar zdaj!","breadcrumb":{"@id":"https:\/\/888starz.tips\/sl\/affiliate\/#breadcrumb"},"inLanguage":"sl-SI","potentialAction":[{"@type":"ReadAction","target":["https:\/\/888starz.tips\/sl\/affiliate\/"]}]},{"@type":"BreadcrumbList","@id":"https:\/\/888starz.tips\/sl\/affiliate\/#breadcrumb","itemListElement":[{"@type":"ListItem","position":1,"name":"Home","item":"https:\/\/888starz.tips\/sl\/"},{"@type":"ListItem","position":2,"name":"Podru\u017enica"}]},{"@type":"WebSite","@id":"https:\/\/888starz.tips\/sl\/#website","url":"https:\/\/888starz.tips\/sl\/","name":"888Starz Tips sl","description":"My WordPress Blog","potentialAction":[{"@type":"SearchAction","target":{"@type":"EntryPoint","urlTemplate":"https:\/\/888starz.tips\/sl\/?s={search_term_string}"},"query-input":{"@type":"PropertyValueSpecification","valueRequired":true,"valueName":"search_term_string"}}],"inLanguage":"sl-SI"}]}},"_links":{"self":[{"href":"https:\/\/888starz.tips\/sl\/wp-json\/wp\/v2\/pages\/471","targetHints":{"allow":["GET"]}}],"collection":[{"href":"https:\/\/888starz.tips\/sl\/wp-json\/wp\/v2\/pages"}],"about":[{"href":"https:\/\/888starz.tips\/sl\/wp-json\/wp\/v2\/types\/page"}],"author":[{"embeddable":true,"href":"https:\/\/888starz.tips\/sl\/wp-json\/wp\/v2\/users\/1"}],"replies":[{"embeddable":true,"href":"https:\/\/888starz.tips\/sl\/wp-json\/wp\/v2\/comments?post=471"}],"version-history":[{"count":7,"href":"https:\/\/888starz.tips\/sl\/wp-json\/wp\/v2\/pages\/471\/revisions"}],"predecessor-version":[{"id":565,"href":"https:\/\/888starz.tips\/sl\/wp-json\/wp\/v2\/pages\/471\/revisions\/565"}],"wp:attachment":[{"href":"https:\/\/888starz.tips\/sl\/wp-json\/wp\/v2\/media?parent=471"}],"curies":[{"name":"wp","href":"https:\/\/api.w.org\/{rel}","templated":true}]}}