{"id":517,"date":"2025-06-18T05:58:23","date_gmt":"2025-06-18T05:58:23","guid":{"rendered":"https:\/\/888starz.tips\/sl\/?page_id=517"},"modified":"2025-07-08T18:15:43","modified_gmt":"2025-07-08T18:15:43","slug":"first-victory","status":"publish","type":"page","link":"https:\/\/888starz.tips\/sl\/bonus\/first-victory\/","title":{"rendered":"Prva zmaga"},"content":{"rendered":"","protected":false},"excerpt":{"rendered":"","protected":false},"author":1,"featured_media":0,"parent":152,"menu_order":0,"comment_status":"closed","ping_status":"closed","template":"","meta":{"footnotes":""},"class_list":["post-517","page","type-page","status-publish","hentry"],"yoast_head":"<!-- This site is optimized with the Yoast SEO plugin v27.4 - https:\/\/yoast.com\/product\/yoast-seo-wordpress\/ -->\n<title>Stavite na klubsko svetovno prvenstvo z 888Starz | 80.000 \u20ac<\/title>\n<meta name=\"description\" content=\"Ste pripravljeni na resni\u010dne zmage? Pridru\u017eite se 888Starz in stavite na klubsko svetovno prvenstvo 2025! Osvojite svoj dele\u017e neverjetnega nagradnega sklada v vi\u0161ini 80.000 \u20ac! Ne zamudite prilo\u017enosti, aktivirajte promocijo First Victory in poka\u017eite, kaj zmorete!\" \/>\n<meta name=\"robots\" content=\"index, follow, max-snippet:-1, max-image-preview:large, max-video-preview:-1\" \/>\n<meta property=\"og:locale\" content=\"sl_SI\" \/>\n<meta property=\"og:type\" content=\"article\" \/>\n<meta property=\"og:title\" content=\"Stavite na klubsko svetovno prvenstvo z 888Starz | 80.000 \u20ac\" \/>\n<meta property=\"og:description\" content=\"Ste pripravljeni na resni\u010dne zmage? Pridru\u017eite se 888Starz in stavite na klubsko svetovno prvenstvo 2025! Osvojite svoj dele\u017e neverjetnega nagradnega sklada v vi\u0161ini 80.000 \u20ac! Ne zamudite prilo\u017enosti, aktivirajte promocijo First Victory in poka\u017eite, kaj zmorete!\" \/>\n<meta property=\"og:url\" content=\"https:\/\/888starz.tips\/sl\/bonus\/first-victory\/\" \/>\n<meta property=\"og:site_name\" content=\"888Starz Tips sl\" \/>\n<meta property=\"article:modified_time\" content=\"2025-07-08T18:15:43+00:00\" \/>\n<meta name=\"twitter:card\" content=\"summary_large_image\" \/>\n<script type=\"application\/ld+json\" class=\"yoast-schema-graph\">{\"@context\":\"https:\\\/\\\/schema.org\",\"@graph\":[{\"@type\":\"WebPage\",\"@id\":\"https:\\\/\\\/888starz.tips\\\/sl\\\/bonus\\\/first-victory\\\/\",\"url\":\"https:\\\/\\\/888starz.tips\\\/sl\\\/bonus\\\/first-victory\\\/\",\"name\":\"Stavite na klubsko svetovno prvenstvo z 888Starz | 80.000 \u20ac\",\"isPartOf\":{\"@id\":\"https:\\\/\\\/888starz.tips\\\/sl\\\/#website\"},\"datePublished\":\"2025-06-18T05:58:23+00:00\",\"dateModified\":\"2025-07-08T18:15:43+00:00\",\"description\":\"Ste pripravljeni na resni\u010dne zmage? Pridru\u017eite se 888Starz in stavite na klubsko svetovno prvenstvo 2025! Osvojite svoj dele\u017e neverjetnega nagradnega sklada v vi\u0161ini 80.000 \u20ac! Ne zamudite prilo\u017enosti, aktivirajte promocijo First Victory in poka\u017eite, kaj zmorete!\",\"breadcrumb\":{\"@id\":\"https:\\\/\\\/888starz.tips\\\/sl\\\/bonus\\\/first-victory\\\/#breadcrumb\"},\"inLanguage\":\"sl-SI\",\"potentialAction\":[{\"@type\":\"ReadAction\",\"target\":[\"https:\\\/\\\/888starz.tips\\\/sl\\\/bonus\\\/first-victory\\\/\"]}]},{\"@type\":\"BreadcrumbList\",\"@id\":\"https:\\\/\\\/888starz.tips\\\/sl\\\/bonus\\\/first-victory\\\/#breadcrumb\",\"itemListElement\":[{\"@type\":\"ListItem\",\"position\":1,\"name\":\"Home\",\"item\":\"https:\\\/\\\/888starz.tips\\\/sl\\\/\"},{\"@type\":\"ListItem\",\"position\":2,\"name\":\"Bonus\",\"item\":\"https:\\\/\\\/888starz.tips\\\/sl\\\/bonus\\\/\"},{\"@type\":\"ListItem\",\"position\":3,\"name\":\"Prva zmaga\"}]},{\"@type\":\"WebSite\",\"@id\":\"https:\\\/\\\/888starz.tips\\\/sl\\\/#website\",\"url\":\"https:\\\/\\\/888starz.tips\\\/sl\\\/\",\"name\":\"888Starz Tips sl\",\"description\":\"My WordPress Blog\",\"potentialAction\":[{\"@type\":\"SearchAction\",\"target\":{\"@type\":\"EntryPoint\",\"urlTemplate\":\"https:\\\/\\\/888starz.tips\\\/sl\\\/?s={search_term_string}\"},\"query-input\":{\"@type\":\"PropertyValueSpecification\",\"valueRequired\":true,\"valueName\":\"search_term_string\"}}],\"inLanguage\":\"sl-SI\"}]}<\/script>\n<!-- \/ Yoast SEO plugin. -->","yoast_head_json":{"title":"Stavite na klubsko svetovno prvenstvo z 888Starz | 80.000 \u20ac","description":"Ste pripravljeni na resni\u010dne zmage? Pridru\u017eite se 888Starz in stavite na klubsko svetovno prvenstvo 2025! Osvojite svoj dele\u017e neverjetnega nagradnega sklada v vi\u0161ini 80.000 \u20ac! Ne zamudite prilo\u017enosti, aktivirajte promocijo First Victory in poka\u017eite, kaj zmorete!","robots":{"index":"index","follow":"follow","max-snippet":"max-snippet:-1","max-image-preview":"max-image-preview:large","max-video-preview":"max-video-preview:-1"},"og_locale":"sl_SI","og_type":"article","og_title":"Stavite na klubsko svetovno prvenstvo z 888Starz | 80.000 \u20ac","og_description":"Ste pripravljeni na resni\u010dne zmage? Pridru\u017eite se 888Starz in stavite na klubsko svetovno prvenstvo 2025! Osvojite svoj dele\u017e neverjetnega nagradnega sklada v vi\u0161ini 80.000 \u20ac! Ne zamudite prilo\u017enosti, aktivirajte promocijo First Victory in poka\u017eite, kaj zmorete!","og_url":"https:\/\/888starz.tips\/sl\/bonus\/first-victory\/","og_site_name":"888Starz Tips sl","article_modified_time":"2025-07-08T18:15:43+00:00","twitter_card":"summary_large_image","schema":{"@context":"https:\/\/schema.org","@graph":[{"@type":"WebPage","@id":"https:\/\/888starz.tips\/sl\/bonus\/first-victory\/","url":"https:\/\/888starz.tips\/sl\/bonus\/first-victory\/","name":"Stavite na klubsko svetovno prvenstvo z 888Starz | 80.000 \u20ac","isPartOf":{"@id":"https:\/\/888starz.tips\/sl\/#website"},"datePublished":"2025-06-18T05:58:23+00:00","dateModified":"2025-07-08T18:15:43+00:00","description":"Ste pripravljeni na resni\u010dne zmage? Pridru\u017eite se 888Starz in stavite na klubsko svetovno prvenstvo 2025! Osvojite svoj dele\u017e neverjetnega nagradnega sklada v vi\u0161ini 80.000 \u20ac! Ne zamudite prilo\u017enosti, aktivirajte promocijo First Victory in poka\u017eite, kaj zmorete!","breadcrumb":{"@id":"https:\/\/888starz.tips\/sl\/bonus\/first-victory\/#breadcrumb"},"inLanguage":"sl-SI","potentialAction":[{"@type":"ReadAction","target":["https:\/\/888starz.tips\/sl\/bonus\/first-victory\/"]}]},{"@type":"BreadcrumbList","@id":"https:\/\/888starz.tips\/sl\/bonus\/first-victory\/#breadcrumb","itemListElement":[{"@type":"ListItem","position":1,"name":"Home","item":"https:\/\/888starz.tips\/sl\/"},{"@type":"ListItem","position":2,"name":"Bonus","item":"https:\/\/888starz.tips\/sl\/bonus\/"},{"@type":"ListItem","position":3,"name":"Prva zmaga"}]},{"@type":"WebSite","@id":"https:\/\/888starz.tips\/sl\/#website","url":"https:\/\/888starz.tips\/sl\/","name":"888Starz Tips sl","description":"My WordPress Blog","potentialAction":[{"@type":"SearchAction","target":{"@type":"EntryPoint","urlTemplate":"https:\/\/888starz.tips\/sl\/?s={search_term_string}"},"query-input":{"@type":"PropertyValueSpecification","valueRequired":true,"valueName":"search_term_string"}}],"inLanguage":"sl-SI"}]}},"_links":{"self":[{"href":"https:\/\/888starz.tips\/sl\/wp-json\/wp\/v2\/pages\/517","targetHints":{"allow":["GET"]}}],"collection":[{"href":"https:\/\/888starz.tips\/sl\/wp-json\/wp\/v2\/pages"}],"about":[{"href":"https:\/\/888starz.tips\/sl\/wp-json\/wp\/v2\/types\/page"}],"author":[{"embeddable":true,"href":"https:\/\/888starz.tips\/sl\/wp-json\/wp\/v2\/users\/1"}],"replies":[{"embeddable":true,"href":"https:\/\/888starz.tips\/sl\/wp-json\/wp\/v2\/comments?post=517"}],"version-history":[{"count":6,"href":"https:\/\/888starz.tips\/sl\/wp-json\/wp\/v2\/pages\/517\/revisions"}],"predecessor-version":[{"id":573,"href":"https:\/\/888starz.tips\/sl\/wp-json\/wp\/v2\/pages\/517\/revisions\/573"}],"up":[{"embeddable":true,"href":"https:\/\/888starz.tips\/sl\/wp-json\/wp\/v2\/pages\/152"}],"wp:attachment":[{"href":"https:\/\/888starz.tips\/sl\/wp-json\/wp\/v2\/media?parent=517"}],"curies":[{"name":"wp","href":"https:\/\/api.w.org\/{rel}","templated":true}]}}