{"id":535,"date":"2025-06-18T07:09:49","date_gmt":"2025-06-18T07:09:49","guid":{"rendered":"https:\/\/888starz.tips\/sl\/?page_id=535"},"modified":"2025-07-08T18:17:10","modified_gmt":"2025-07-08T18:17:10","slug":"aviator","status":"publish","type":"page","link":"https:\/\/888starz.tips\/sl\/bonus\/aviator\/","title":{"rendered":"Aviator"},"content":{"rendered":"","protected":false},"excerpt":{"rendered":"","protected":false},"author":1,"featured_media":0,"parent":152,"menu_order":0,"comment_status":"closed","ping_status":"closed","template":"","meta":{"footnotes":""},"class_list":["post-535","page","type-page","status-publish","hentry"],"yoast_head":"<!-- This site is optimized with the Yoast SEO plugin v27.4 - https:\/\/yoast.com\/product\/yoast-seo-wordpress\/ -->\n<title>Posebni bonus 888Starz | Pridobite brezpla\u010dne zagone v Aviatorju!<\/title>\n<meta name=\"description\" content=\"Ste pripravljeni na vi\u0161jo ceno? Za igranje igre Aviator vas \u010daka poseben bonus 888Starz! Naka\u017eite ob ponedeljkih in prejmite do 50 brezpla\u010dnih vrtljajev! Ne zamudite prilo\u017enosti za zmago in igrajte brez tveganja.\" \/>\n<meta name=\"robots\" content=\"index, follow, max-snippet:-1, max-image-preview:large, max-video-preview:-1\" \/>\n<meta property=\"og:locale\" content=\"sl_SI\" \/>\n<meta property=\"og:type\" content=\"article\" \/>\n<meta property=\"og:title\" content=\"Posebni bonus 888Starz | Pridobite brezpla\u010dne zagone v Aviatorju!\" \/>\n<meta property=\"og:description\" content=\"Ste pripravljeni na vi\u0161jo ceno? Za igranje igre Aviator vas \u010daka poseben bonus 888Starz! Naka\u017eite ob ponedeljkih in prejmite do 50 brezpla\u010dnih vrtljajev! Ne zamudite prilo\u017enosti za zmago in igrajte brez tveganja.\" \/>\n<meta property=\"og:url\" content=\"https:\/\/888starz.tips\/sl\/bonus\/aviator\/\" \/>\n<meta property=\"og:site_name\" content=\"888Starz Tips sl\" \/>\n<meta property=\"article:modified_time\" content=\"2025-07-08T18:17:10+00:00\" \/>\n<meta name=\"twitter:card\" content=\"summary_large_image\" \/>\n<script type=\"application\/ld+json\" class=\"yoast-schema-graph\">{\"@context\":\"https:\\\/\\\/schema.org\",\"@graph\":[{\"@type\":\"WebPage\",\"@id\":\"https:\\\/\\\/888starz.tips\\\/sl\\\/bonus\\\/aviator\\\/\",\"url\":\"https:\\\/\\\/888starz.tips\\\/sl\\\/bonus\\\/aviator\\\/\",\"name\":\"Posebni bonus 888Starz | Pridobite brezpla\u010dne zagone v Aviatorju!\",\"isPartOf\":{\"@id\":\"https:\\\/\\\/888starz.tips\\\/sl\\\/#website\"},\"datePublished\":\"2025-06-18T07:09:49+00:00\",\"dateModified\":\"2025-07-08T18:17:10+00:00\",\"description\":\"Ste pripravljeni na vi\u0161jo ceno? Za igranje igre Aviator vas \u010daka poseben bonus 888Starz! Naka\u017eite ob ponedeljkih in prejmite do 50 brezpla\u010dnih vrtljajev! Ne zamudite prilo\u017enosti za zmago in igrajte brez tveganja.\",\"breadcrumb\":{\"@id\":\"https:\\\/\\\/888starz.tips\\\/sl\\\/bonus\\\/aviator\\\/#breadcrumb\"},\"inLanguage\":\"sl-SI\",\"potentialAction\":[{\"@type\":\"ReadAction\",\"target\":[\"https:\\\/\\\/888starz.tips\\\/sl\\\/bonus\\\/aviator\\\/\"]}]},{\"@type\":\"BreadcrumbList\",\"@id\":\"https:\\\/\\\/888starz.tips\\\/sl\\\/bonus\\\/aviator\\\/#breadcrumb\",\"itemListElement\":[{\"@type\":\"ListItem\",\"position\":1,\"name\":\"Home\",\"item\":\"https:\\\/\\\/888starz.tips\\\/sl\\\/\"},{\"@type\":\"ListItem\",\"position\":2,\"name\":\"Bonus\",\"item\":\"https:\\\/\\\/888starz.tips\\\/sl\\\/bonus\\\/\"},{\"@type\":\"ListItem\",\"position\":3,\"name\":\"Aviator\"}]},{\"@type\":\"WebSite\",\"@id\":\"https:\\\/\\\/888starz.tips\\\/sl\\\/#website\",\"url\":\"https:\\\/\\\/888starz.tips\\\/sl\\\/\",\"name\":\"888Starz Tips sl\",\"description\":\"My WordPress Blog\",\"potentialAction\":[{\"@type\":\"SearchAction\",\"target\":{\"@type\":\"EntryPoint\",\"urlTemplate\":\"https:\\\/\\\/888starz.tips\\\/sl\\\/?s={search_term_string}\"},\"query-input\":{\"@type\":\"PropertyValueSpecification\",\"valueRequired\":true,\"valueName\":\"search_term_string\"}}],\"inLanguage\":\"sl-SI\"}]}<\/script>\n<!-- \/ Yoast SEO plugin. -->","yoast_head_json":{"title":"Posebni bonus 888Starz | Pridobite brezpla\u010dne zagone v Aviatorju!","description":"Ste pripravljeni na vi\u0161jo ceno? Za igranje igre Aviator vas \u010daka poseben bonus 888Starz! Naka\u017eite ob ponedeljkih in prejmite do 50 brezpla\u010dnih vrtljajev! Ne zamudite prilo\u017enosti za zmago in igrajte brez tveganja.","robots":{"index":"index","follow":"follow","max-snippet":"max-snippet:-1","max-image-preview":"max-image-preview:large","max-video-preview":"max-video-preview:-1"},"og_locale":"sl_SI","og_type":"article","og_title":"Posebni bonus 888Starz | Pridobite brezpla\u010dne zagone v Aviatorju!","og_description":"Ste pripravljeni na vi\u0161jo ceno? Za igranje igre Aviator vas \u010daka poseben bonus 888Starz! Naka\u017eite ob ponedeljkih in prejmite do 50 brezpla\u010dnih vrtljajev! Ne zamudite prilo\u017enosti za zmago in igrajte brez tveganja.","og_url":"https:\/\/888starz.tips\/sl\/bonus\/aviator\/","og_site_name":"888Starz Tips sl","article_modified_time":"2025-07-08T18:17:10+00:00","twitter_card":"summary_large_image","schema":{"@context":"https:\/\/schema.org","@graph":[{"@type":"WebPage","@id":"https:\/\/888starz.tips\/sl\/bonus\/aviator\/","url":"https:\/\/888starz.tips\/sl\/bonus\/aviator\/","name":"Posebni bonus 888Starz | Pridobite brezpla\u010dne zagone v Aviatorju!","isPartOf":{"@id":"https:\/\/888starz.tips\/sl\/#website"},"datePublished":"2025-06-18T07:09:49+00:00","dateModified":"2025-07-08T18:17:10+00:00","description":"Ste pripravljeni na vi\u0161jo ceno? Za igranje igre Aviator vas \u010daka poseben bonus 888Starz! Naka\u017eite ob ponedeljkih in prejmite do 50 brezpla\u010dnih vrtljajev! Ne zamudite prilo\u017enosti za zmago in igrajte brez tveganja.","breadcrumb":{"@id":"https:\/\/888starz.tips\/sl\/bonus\/aviator\/#breadcrumb"},"inLanguage":"sl-SI","potentialAction":[{"@type":"ReadAction","target":["https:\/\/888starz.tips\/sl\/bonus\/aviator\/"]}]},{"@type":"BreadcrumbList","@id":"https:\/\/888starz.tips\/sl\/bonus\/aviator\/#breadcrumb","itemListElement":[{"@type":"ListItem","position":1,"name":"Home","item":"https:\/\/888starz.tips\/sl\/"},{"@type":"ListItem","position":2,"name":"Bonus","item":"https:\/\/888starz.tips\/sl\/bonus\/"},{"@type":"ListItem","position":3,"name":"Aviator"}]},{"@type":"WebSite","@id":"https:\/\/888starz.tips\/sl\/#website","url":"https:\/\/888starz.tips\/sl\/","name":"888Starz Tips sl","description":"My WordPress Blog","potentialAction":[{"@type":"SearchAction","target":{"@type":"EntryPoint","urlTemplate":"https:\/\/888starz.tips\/sl\/?s={search_term_string}"},"query-input":{"@type":"PropertyValueSpecification","valueRequired":true,"valueName":"search_term_string"}}],"inLanguage":"sl-SI"}]}},"_links":{"self":[{"href":"https:\/\/888starz.tips\/sl\/wp-json\/wp\/v2\/pages\/535","targetHints":{"allow":["GET"]}}],"collection":[{"href":"https:\/\/888starz.tips\/sl\/wp-json\/wp\/v2\/pages"}],"about":[{"href":"https:\/\/888starz.tips\/sl\/wp-json\/wp\/v2\/types\/page"}],"author":[{"embeddable":true,"href":"https:\/\/888starz.tips\/sl\/wp-json\/wp\/v2\/users\/1"}],"replies":[{"embeddable":true,"href":"https:\/\/888starz.tips\/sl\/wp-json\/wp\/v2\/comments?post=535"}],"version-history":[{"count":3,"href":"https:\/\/888starz.tips\/sl\/wp-json\/wp\/v2\/pages\/535\/revisions"}],"predecessor-version":[{"id":571,"href":"https:\/\/888starz.tips\/sl\/wp-json\/wp\/v2\/pages\/535\/revisions\/571"}],"up":[{"embeddable":true,"href":"https:\/\/888starz.tips\/sl\/wp-json\/wp\/v2\/pages\/152"}],"wp:attachment":[{"href":"https:\/\/888starz.tips\/sl\/wp-json\/wp\/v2\/media?parent=535"}],"curies":[{"name":"wp","href":"https:\/\/api.w.org\/{rel}","templated":true}]}}