{"id":290,"date":"2024-09-05T06:01:53","date_gmt":"2024-09-05T06:01:53","guid":{"rendered":"https:\/\/888starz.tips\/tr\/?page_id=290"},"modified":"2025-10-18T15:48:38","modified_gmt":"2025-10-18T15:48:38","slug":"login","status":"publish","type":"page","link":"https:\/\/888starz.tips\/tr\/login\/","title":{"rendered":"Giri\u015f"},"content":{"rendered":"","protected":false},"excerpt":{"rendered":"","protected":false},"author":1,"featured_media":0,"parent":0,"menu_order":0,"comment_status":"closed","ping_status":"closed","template":"","meta":{"footnotes":""},"class_list":["post-290","page","type-page","status-publish","hentry"],"yoast_head":"<!-- This site is optimized with the Yoast SEO plugin v27.4 - https:\/\/yoast.com\/product\/yoast-seo-wordpress\/ -->\n<title>888Starz Giri\u015f \u1409 888Starz hesab\u0131n\u0131za giri\u015f yap\u0131n<\/title>\n<meta name=\"description\" content=\"888Starz Hesab\u0131na Nas\u0131l Giri\u015f Yap\u0131l\u0131r \u2713 888starz Sitesine veya Uygulamas\u0131na gidin ve gerekli alanlara giri\u015f bilgilerinizi girin \u2713 888Starz giri\u015f d\u00fc\u011fmesine t\u0131klay\u0131n ve bahis yapmaya ba\u015flay\u0131n\" \/>\n<meta name=\"robots\" content=\"index, follow, max-snippet:-1, max-image-preview:large, max-video-preview:-1\" \/>\n<meta property=\"og:locale\" content=\"tr_TR\" \/>\n<meta property=\"og:type\" content=\"article\" \/>\n<meta property=\"og:title\" content=\"888Starz Giri\u015f \u1409 888Starz hesab\u0131n\u0131za giri\u015f yap\u0131n\" \/>\n<meta property=\"og:description\" content=\"888Starz Hesab\u0131na Nas\u0131l Giri\u015f Yap\u0131l\u0131r \u2713 888starz Sitesine veya Uygulamas\u0131na gidin ve gerekli alanlara giri\u015f bilgilerinizi girin \u2713 888Starz giri\u015f d\u00fc\u011fmesine t\u0131klay\u0131n ve bahis yapmaya ba\u015flay\u0131n\" \/>\n<meta property=\"og:url\" content=\"https:\/\/888starz.tips\/tr\/login\/\" \/>\n<meta property=\"og:site_name\" content=\"888Starz Tips tr\" \/>\n<meta property=\"article:modified_time\" content=\"2025-10-18T15:48:38+00:00\" \/>\n<meta name=\"twitter:card\" content=\"summary_large_image\" \/>\n<script type=\"application\/ld+json\" class=\"yoast-schema-graph\">{\"@context\":\"https:\\\/\\\/schema.org\",\"@graph\":[{\"@type\":\"WebPage\",\"@id\":\"https:\\\/\\\/888starz.tips\\\/tr\\\/login\\\/\",\"url\":\"https:\\\/\\\/888starz.tips\\\/tr\\\/login\\\/\",\"name\":\"888Starz Giri\u015f \u1409 888Starz hesab\u0131n\u0131za giri\u015f yap\u0131n\",\"isPartOf\":{\"@id\":\"https:\\\/\\\/888starz.tips\\\/tr\\\/#website\"},\"datePublished\":\"2024-09-05T06:01:53+00:00\",\"dateModified\":\"2025-10-18T15:48:38+00:00\",\"description\":\"888Starz Hesab\u0131na Nas\u0131l Giri\u015f Yap\u0131l\u0131r \u2713 888starz Sitesine veya Uygulamas\u0131na gidin ve gerekli alanlara giri\u015f bilgilerinizi girin \u2713 888Starz giri\u015f d\u00fc\u011fmesine t\u0131klay\u0131n ve bahis yapmaya ba\u015flay\u0131n\",\"breadcrumb\":{\"@id\":\"https:\\\/\\\/888starz.tips\\\/tr\\\/login\\\/#breadcrumb\"},\"inLanguage\":\"tr\",\"potentialAction\":[{\"@type\":\"ReadAction\",\"target\":[\"https:\\\/\\\/888starz.tips\\\/tr\\\/login\\\/\"]}]},{\"@type\":\"BreadcrumbList\",\"@id\":\"https:\\\/\\\/888starz.tips\\\/tr\\\/login\\\/#breadcrumb\",\"itemListElement\":[{\"@type\":\"ListItem\",\"position\":1,\"name\":\"Home\",\"item\":\"https:\\\/\\\/888starz.tips\\\/tr\\\/\"},{\"@type\":\"ListItem\",\"position\":2,\"name\":\"Giri\u015f\"}]},{\"@type\":\"WebSite\",\"@id\":\"https:\\\/\\\/888starz.tips\\\/tr\\\/#website\",\"url\":\"https:\\\/\\\/888starz.tips\\\/tr\\\/\",\"name\":\"888Starz Tips tr\",\"description\":\"My WordPress Blog\",\"potentialAction\":[{\"@type\":\"SearchAction\",\"target\":{\"@type\":\"EntryPoint\",\"urlTemplate\":\"https:\\\/\\\/888starz.tips\\\/tr\\\/?s={search_term_string}\"},\"query-input\":{\"@type\":\"PropertyValueSpecification\",\"valueRequired\":true,\"valueName\":\"search_term_string\"}}],\"inLanguage\":\"tr\"}]}<\/script>\n<!-- \/ Yoast SEO plugin. -->","yoast_head_json":{"title":"888Starz Giri\u015f \u1409 888Starz hesab\u0131n\u0131za giri\u015f yap\u0131n","description":"888Starz Hesab\u0131na Nas\u0131l Giri\u015f Yap\u0131l\u0131r \u2713 888starz Sitesine veya Uygulamas\u0131na gidin ve gerekli alanlara giri\u015f bilgilerinizi girin \u2713 888Starz giri\u015f d\u00fc\u011fmesine t\u0131klay\u0131n ve bahis yapmaya ba\u015flay\u0131n","robots":{"index":"index","follow":"follow","max-snippet":"max-snippet:-1","max-image-preview":"max-image-preview:large","max-video-preview":"max-video-preview:-1"},"og_locale":"tr_TR","og_type":"article","og_title":"888Starz Giri\u015f \u1409 888Starz hesab\u0131n\u0131za giri\u015f yap\u0131n","og_description":"888Starz Hesab\u0131na Nas\u0131l Giri\u015f Yap\u0131l\u0131r \u2713 888starz Sitesine veya Uygulamas\u0131na gidin ve gerekli alanlara giri\u015f bilgilerinizi girin \u2713 888Starz giri\u015f d\u00fc\u011fmesine t\u0131klay\u0131n ve bahis yapmaya ba\u015flay\u0131n","og_url":"https:\/\/888starz.tips\/tr\/login\/","og_site_name":"888Starz Tips tr","article_modified_time":"2025-10-18T15:48:38+00:00","twitter_card":"summary_large_image","schema":{"@context":"https:\/\/schema.org","@graph":[{"@type":"WebPage","@id":"https:\/\/888starz.tips\/tr\/login\/","url":"https:\/\/888starz.tips\/tr\/login\/","name":"888Starz Giri\u015f \u1409 888Starz hesab\u0131n\u0131za giri\u015f yap\u0131n","isPartOf":{"@id":"https:\/\/888starz.tips\/tr\/#website"},"datePublished":"2024-09-05T06:01:53+00:00","dateModified":"2025-10-18T15:48:38+00:00","description":"888Starz Hesab\u0131na Nas\u0131l Giri\u015f Yap\u0131l\u0131r \u2713 888starz Sitesine veya Uygulamas\u0131na gidin ve gerekli alanlara giri\u015f bilgilerinizi girin \u2713 888Starz giri\u015f d\u00fc\u011fmesine t\u0131klay\u0131n ve bahis yapmaya ba\u015flay\u0131n","breadcrumb":{"@id":"https:\/\/888starz.tips\/tr\/login\/#breadcrumb"},"inLanguage":"tr","potentialAction":[{"@type":"ReadAction","target":["https:\/\/888starz.tips\/tr\/login\/"]}]},{"@type":"BreadcrumbList","@id":"https:\/\/888starz.tips\/tr\/login\/#breadcrumb","itemListElement":[{"@type":"ListItem","position":1,"name":"Home","item":"https:\/\/888starz.tips\/tr\/"},{"@type":"ListItem","position":2,"name":"Giri\u015f"}]},{"@type":"WebSite","@id":"https:\/\/888starz.tips\/tr\/#website","url":"https:\/\/888starz.tips\/tr\/","name":"888Starz Tips tr","description":"My WordPress Blog","potentialAction":[{"@type":"SearchAction","target":{"@type":"EntryPoint","urlTemplate":"https:\/\/888starz.tips\/tr\/?s={search_term_string}"},"query-input":{"@type":"PropertyValueSpecification","valueRequired":true,"valueName":"search_term_string"}}],"inLanguage":"tr"}]}},"_links":{"self":[{"href":"https:\/\/888starz.tips\/tr\/wp-json\/wp\/v2\/pages\/290","targetHints":{"allow":["GET"]}}],"collection":[{"href":"https:\/\/888starz.tips\/tr\/wp-json\/wp\/v2\/pages"}],"about":[{"href":"https:\/\/888starz.tips\/tr\/wp-json\/wp\/v2\/types\/page"}],"author":[{"embeddable":true,"href":"https:\/\/888starz.tips\/tr\/wp-json\/wp\/v2\/users\/1"}],"replies":[{"embeddable":true,"href":"https:\/\/888starz.tips\/tr\/wp-json\/wp\/v2\/comments?post=290"}],"version-history":[{"count":28,"href":"https:\/\/888starz.tips\/tr\/wp-json\/wp\/v2\/pages\/290\/revisions"}],"predecessor-version":[{"id":669,"href":"https:\/\/888starz.tips\/tr\/wp-json\/wp\/v2\/pages\/290\/revisions\/669"}],"wp:attachment":[{"href":"https:\/\/888starz.tips\/tr\/wp-json\/wp\/v2\/media?parent=290"}],"curies":[{"name":"wp","href":"https:\/\/api.w.org\/{rel}","templated":true}]}}