{"id":292,"date":"2024-09-05T06:02:09","date_gmt":"2024-09-05T06:02:09","guid":{"rendered":"https:\/\/888starz.tips\/tr\/?page_id=292"},"modified":"2025-09-20T10:49:54","modified_gmt":"2025-09-20T10:49:54","slug":"registration","status":"publish","type":"page","link":"https:\/\/888starz.tips\/tr\/registration\/","title":{"rendered":"Kay\u0131t"},"content":{"rendered":"","protected":false},"excerpt":{"rendered":"","protected":false},"author":1,"featured_media":0,"parent":0,"menu_order":0,"comment_status":"closed","ping_status":"closed","template":"","meta":{"footnotes":""},"class_list":["post-292","page","type-page","status-publish","hentry"],"yoast_head":"<!-- This site is optimized with the Yoast SEO plugin v27.4 - https:\/\/yoast.com\/product\/yoast-seo-wordpress\/ -->\n<title>888Starz Kayd\u0131 \u1409 888Starz Kay\u0131t Rehberi<\/title>\n<meta name=\"description\" content=\"Resmi 888Starz web sitesinde kay\u0131t \u2714\ufe0f 888Starz Uygulamas\u0131nda kay\u0131t \u1409 888starz&#039;a nas\u0131l \u00fcye olunur ve hesap nas\u0131l olu\u015fturulur \u2b50\ufe0f Kaydolun ve 0 \u0130lk Para Yat\u0131rma Bonusu kazan\u0131n\" \/>\n<meta name=\"robots\" content=\"index, follow, max-snippet:-1, max-image-preview:large, max-video-preview:-1\" \/>\n<meta property=\"og:locale\" content=\"tr_TR\" \/>\n<meta property=\"og:type\" content=\"article\" \/>\n<meta property=\"og:title\" content=\"888Starz Kayd\u0131 \u1409 888Starz Kay\u0131t Rehberi\" \/>\n<meta property=\"og:description\" content=\"Resmi 888Starz web sitesinde kay\u0131t \u2714\ufe0f 888Starz Uygulamas\u0131nda kay\u0131t \u1409 888starz&#039;a nas\u0131l \u00fcye olunur ve hesap nas\u0131l olu\u015fturulur \u2b50\ufe0f Kaydolun ve 0 \u0130lk Para Yat\u0131rma Bonusu kazan\u0131n\" \/>\n<meta property=\"og:url\" content=\"https:\/\/888starz.tips\/tr\/registration\/\" \/>\n<meta property=\"og:site_name\" content=\"888Starz Tips tr\" \/>\n<meta property=\"article:modified_time\" content=\"2025-09-20T10:49:54+00:00\" \/>\n<meta name=\"twitter:card\" content=\"summary_large_image\" \/>\n<script type=\"application\/ld+json\" class=\"yoast-schema-graph\">{\"@context\":\"https:\\\/\\\/schema.org\",\"@graph\":[{\"@type\":\"WebPage\",\"@id\":\"https:\\\/\\\/888starz.tips\\\/tr\\\/registration\\\/\",\"url\":\"https:\\\/\\\/888starz.tips\\\/tr\\\/registration\\\/\",\"name\":\"888Starz Kayd\u0131 \u1409 888Starz Kay\u0131t Rehberi\",\"isPartOf\":{\"@id\":\"https:\\\/\\\/888starz.tips\\\/tr\\\/#website\"},\"datePublished\":\"2024-09-05T06:02:09+00:00\",\"dateModified\":\"2025-09-20T10:49:54+00:00\",\"description\":\"Resmi 888Starz web sitesinde kay\u0131t \u2714\ufe0f 888Starz Uygulamas\u0131nda kay\u0131t \u1409 888starz'a nas\u0131l \u00fcye olunur ve hesap nas\u0131l olu\u015fturulur \u2b50\ufe0f Kaydolun ve 0 \u0130lk Para Yat\u0131rma Bonusu kazan\u0131n\",\"breadcrumb\":{\"@id\":\"https:\\\/\\\/888starz.tips\\\/tr\\\/registration\\\/#breadcrumb\"},\"inLanguage\":\"tr\",\"potentialAction\":[{\"@type\":\"ReadAction\",\"target\":[\"https:\\\/\\\/888starz.tips\\\/tr\\\/registration\\\/\"]}]},{\"@type\":\"BreadcrumbList\",\"@id\":\"https:\\\/\\\/888starz.tips\\\/tr\\\/registration\\\/#breadcrumb\",\"itemListElement\":[{\"@type\":\"ListItem\",\"position\":1,\"name\":\"Home\",\"item\":\"https:\\\/\\\/888starz.tips\\\/tr\\\/\"},{\"@type\":\"ListItem\",\"position\":2,\"name\":\"Kay\u0131t\"}]},{\"@type\":\"WebSite\",\"@id\":\"https:\\\/\\\/888starz.tips\\\/tr\\\/#website\",\"url\":\"https:\\\/\\\/888starz.tips\\\/tr\\\/\",\"name\":\"888Starz Tips tr\",\"description\":\"My WordPress Blog\",\"potentialAction\":[{\"@type\":\"SearchAction\",\"target\":{\"@type\":\"EntryPoint\",\"urlTemplate\":\"https:\\\/\\\/888starz.tips\\\/tr\\\/?s={search_term_string}\"},\"query-input\":{\"@type\":\"PropertyValueSpecification\",\"valueRequired\":true,\"valueName\":\"search_term_string\"}}],\"inLanguage\":\"tr\"}]}<\/script>\n<!-- \/ Yoast SEO plugin. -->","yoast_head_json":{"title":"888Starz Kayd\u0131 \u1409 888Starz Kay\u0131t Rehberi","description":"Resmi 888Starz web sitesinde kay\u0131t \u2714\ufe0f 888Starz Uygulamas\u0131nda kay\u0131t \u1409 888starz'a nas\u0131l \u00fcye olunur ve hesap nas\u0131l olu\u015fturulur \u2b50\ufe0f Kaydolun ve 0 \u0130lk Para Yat\u0131rma Bonusu kazan\u0131n","robots":{"index":"index","follow":"follow","max-snippet":"max-snippet:-1","max-image-preview":"max-image-preview:large","max-video-preview":"max-video-preview:-1"},"og_locale":"tr_TR","og_type":"article","og_title":"888Starz Kayd\u0131 \u1409 888Starz Kay\u0131t Rehberi","og_description":"Resmi 888Starz web sitesinde kay\u0131t \u2714\ufe0f 888Starz Uygulamas\u0131nda kay\u0131t \u1409 888starz'a nas\u0131l \u00fcye olunur ve hesap nas\u0131l olu\u015fturulur \u2b50\ufe0f Kaydolun ve 0 \u0130lk Para Yat\u0131rma Bonusu kazan\u0131n","og_url":"https:\/\/888starz.tips\/tr\/registration\/","og_site_name":"888Starz Tips tr","article_modified_time":"2025-09-20T10:49:54+00:00","twitter_card":"summary_large_image","schema":{"@context":"https:\/\/schema.org","@graph":[{"@type":"WebPage","@id":"https:\/\/888starz.tips\/tr\/registration\/","url":"https:\/\/888starz.tips\/tr\/registration\/","name":"888Starz Kayd\u0131 \u1409 888Starz Kay\u0131t Rehberi","isPartOf":{"@id":"https:\/\/888starz.tips\/tr\/#website"},"datePublished":"2024-09-05T06:02:09+00:00","dateModified":"2025-09-20T10:49:54+00:00","description":"Resmi 888Starz web sitesinde kay\u0131t \u2714\ufe0f 888Starz Uygulamas\u0131nda kay\u0131t \u1409 888starz'a nas\u0131l \u00fcye olunur ve hesap nas\u0131l olu\u015fturulur \u2b50\ufe0f Kaydolun ve 0 \u0130lk Para Yat\u0131rma Bonusu kazan\u0131n","breadcrumb":{"@id":"https:\/\/888starz.tips\/tr\/registration\/#breadcrumb"},"inLanguage":"tr","potentialAction":[{"@type":"ReadAction","target":["https:\/\/888starz.tips\/tr\/registration\/"]}]},{"@type":"BreadcrumbList","@id":"https:\/\/888starz.tips\/tr\/registration\/#breadcrumb","itemListElement":[{"@type":"ListItem","position":1,"name":"Home","item":"https:\/\/888starz.tips\/tr\/"},{"@type":"ListItem","position":2,"name":"Kay\u0131t"}]},{"@type":"WebSite","@id":"https:\/\/888starz.tips\/tr\/#website","url":"https:\/\/888starz.tips\/tr\/","name":"888Starz Tips tr","description":"My WordPress Blog","potentialAction":[{"@type":"SearchAction","target":{"@type":"EntryPoint","urlTemplate":"https:\/\/888starz.tips\/tr\/?s={search_term_string}"},"query-input":{"@type":"PropertyValueSpecification","valueRequired":true,"valueName":"search_term_string"}}],"inLanguage":"tr"}]}},"_links":{"self":[{"href":"https:\/\/888starz.tips\/tr\/wp-json\/wp\/v2\/pages\/292","targetHints":{"allow":["GET"]}}],"collection":[{"href":"https:\/\/888starz.tips\/tr\/wp-json\/wp\/v2\/pages"}],"about":[{"href":"https:\/\/888starz.tips\/tr\/wp-json\/wp\/v2\/types\/page"}],"author":[{"embeddable":true,"href":"https:\/\/888starz.tips\/tr\/wp-json\/wp\/v2\/users\/1"}],"replies":[{"embeddable":true,"href":"https:\/\/888starz.tips\/tr\/wp-json\/wp\/v2\/comments?post=292"}],"version-history":[{"count":23,"href":"https:\/\/888starz.tips\/tr\/wp-json\/wp\/v2\/pages\/292\/revisions"}],"predecessor-version":[{"id":654,"href":"https:\/\/888starz.tips\/tr\/wp-json\/wp\/v2\/pages\/292\/revisions\/654"}],"wp:attachment":[{"href":"https:\/\/888starz.tips\/tr\/wp-json\/wp\/v2\/media?parent=292"}],"curies":[{"name":"wp","href":"https:\/\/api.w.org\/{rel}","templated":true}]}}