{"id":425,"date":"2025-01-27T08:09:38","date_gmt":"2025-01-27T08:09:38","guid":{"rendered":"https:\/\/888starz.tips\/tr\/?page_id=425"},"modified":"2025-10-18T08:17:58","modified_gmt":"2025-10-18T08:17:58","slug":"casino","status":"publish","type":"page","link":"https:\/\/888starz.tips\/tr\/casino\/","title":{"rendered":"Kumarhane"},"content":{"rendered":"","protected":false},"excerpt":{"rendered":"","protected":false},"author":1,"featured_media":0,"parent":0,"menu_order":0,"comment_status":"closed","ping_status":"closed","template":"","meta":{"footnotes":""},"class_list":["post-425","page","type-page","status-publish","hentry"],"yoast_head":"<!-- This site is optimized with the Yoast SEO plugin v27.4 - https:\/\/yoast.com\/product\/yoast-seo-wordpress\/ -->\n<title>888Starz Kumarhane\u2b50 Ho\u015f Geldiniz Bonusunuzu \u015eimdi Al\u0131n<\/title>\n<meta name=\"description\" content=\"888Starz Kumarhane ile kumar d\u00fcnyas\u0131na dal\u0131n! Ho\u015fgeldin bonusunuzu \u015fimdi etkinle\u015ftirin ve 25.000 TRY + \u00fccretsiz d\u00f6n\u00fc\u015f kazan\u0131n. Binlerce en iyi slot ve canl\u0131 oyun sizi bekliyor.\" \/>\n<meta name=\"robots\" content=\"index, follow, max-snippet:-1, max-image-preview:large, max-video-preview:-1\" \/>\n<meta property=\"og:locale\" content=\"tr_TR\" \/>\n<meta property=\"og:type\" content=\"article\" \/>\n<meta property=\"og:title\" content=\"888Starz Kumarhane\u2b50 Ho\u015f Geldiniz Bonusunuzu \u015eimdi Al\u0131n\" \/>\n<meta property=\"og:description\" content=\"888Starz Kumarhane ile kumar d\u00fcnyas\u0131na dal\u0131n! Ho\u015fgeldin bonusunuzu \u015fimdi etkinle\u015ftirin ve 25.000 TRY + \u00fccretsiz d\u00f6n\u00fc\u015f kazan\u0131n. Binlerce en iyi slot ve canl\u0131 oyun sizi bekliyor.\" \/>\n<meta property=\"og:url\" content=\"https:\/\/888starz.tips\/tr\/casino\/\" \/>\n<meta property=\"og:site_name\" content=\"888Starz Tips tr\" \/>\n<meta property=\"article:modified_time\" content=\"2025-10-18T08:17:58+00:00\" \/>\n<meta name=\"twitter:card\" content=\"summary_large_image\" \/>\n<script type=\"application\/ld+json\" class=\"yoast-schema-graph\">{\"@context\":\"https:\\\/\\\/schema.org\",\"@graph\":[{\"@type\":\"WebPage\",\"@id\":\"https:\\\/\\\/888starz.tips\\\/tr\\\/casino\\\/\",\"url\":\"https:\\\/\\\/888starz.tips\\\/tr\\\/casino\\\/\",\"name\":\"888Starz Kumarhane\u2b50 Ho\u015f Geldiniz Bonusunuzu \u015eimdi Al\u0131n\",\"isPartOf\":{\"@id\":\"https:\\\/\\\/888starz.tips\\\/tr\\\/#website\"},\"datePublished\":\"2025-01-27T08:09:38+00:00\",\"dateModified\":\"2025-10-18T08:17:58+00:00\",\"description\":\"888Starz Kumarhane ile kumar d\u00fcnyas\u0131na dal\u0131n! Ho\u015fgeldin bonusunuzu \u015fimdi etkinle\u015ftirin ve 25.000 TRY + \u00fccretsiz d\u00f6n\u00fc\u015f kazan\u0131n. Binlerce en iyi slot ve canl\u0131 oyun sizi bekliyor.\",\"breadcrumb\":{\"@id\":\"https:\\\/\\\/888starz.tips\\\/tr\\\/casino\\\/#breadcrumb\"},\"inLanguage\":\"tr\",\"potentialAction\":[{\"@type\":\"ReadAction\",\"target\":[\"https:\\\/\\\/888starz.tips\\\/tr\\\/casino\\\/\"]}]},{\"@type\":\"BreadcrumbList\",\"@id\":\"https:\\\/\\\/888starz.tips\\\/tr\\\/casino\\\/#breadcrumb\",\"itemListElement\":[{\"@type\":\"ListItem\",\"position\":1,\"name\":\"Home\",\"item\":\"https:\\\/\\\/888starz.tips\\\/tr\\\/\"},{\"@type\":\"ListItem\",\"position\":2,\"name\":\"Kumarhane\"}]},{\"@type\":\"WebSite\",\"@id\":\"https:\\\/\\\/888starz.tips\\\/tr\\\/#website\",\"url\":\"https:\\\/\\\/888starz.tips\\\/tr\\\/\",\"name\":\"888Starz Tips tr\",\"description\":\"My WordPress Blog\",\"potentialAction\":[{\"@type\":\"SearchAction\",\"target\":{\"@type\":\"EntryPoint\",\"urlTemplate\":\"https:\\\/\\\/888starz.tips\\\/tr\\\/?s={search_term_string}\"},\"query-input\":{\"@type\":\"PropertyValueSpecification\",\"valueRequired\":true,\"valueName\":\"search_term_string\"}}],\"inLanguage\":\"tr\"}]}<\/script>\n<!-- \/ Yoast SEO plugin. -->","yoast_head_json":{"title":"888Starz Kumarhane\u2b50 Ho\u015f Geldiniz Bonusunuzu \u015eimdi Al\u0131n","description":"888Starz Kumarhane ile kumar d\u00fcnyas\u0131na dal\u0131n! Ho\u015fgeldin bonusunuzu \u015fimdi etkinle\u015ftirin ve 25.000 TRY + \u00fccretsiz d\u00f6n\u00fc\u015f kazan\u0131n. Binlerce en iyi slot ve canl\u0131 oyun sizi bekliyor.","robots":{"index":"index","follow":"follow","max-snippet":"max-snippet:-1","max-image-preview":"max-image-preview:large","max-video-preview":"max-video-preview:-1"},"og_locale":"tr_TR","og_type":"article","og_title":"888Starz Kumarhane\u2b50 Ho\u015f Geldiniz Bonusunuzu \u015eimdi Al\u0131n","og_description":"888Starz Kumarhane ile kumar d\u00fcnyas\u0131na dal\u0131n! Ho\u015fgeldin bonusunuzu \u015fimdi etkinle\u015ftirin ve 25.000 TRY + \u00fccretsiz d\u00f6n\u00fc\u015f kazan\u0131n. Binlerce en iyi slot ve canl\u0131 oyun sizi bekliyor.","og_url":"https:\/\/888starz.tips\/tr\/casino\/","og_site_name":"888Starz Tips tr","article_modified_time":"2025-10-18T08:17:58+00:00","twitter_card":"summary_large_image","schema":{"@context":"https:\/\/schema.org","@graph":[{"@type":"WebPage","@id":"https:\/\/888starz.tips\/tr\/casino\/","url":"https:\/\/888starz.tips\/tr\/casino\/","name":"888Starz Kumarhane\u2b50 Ho\u015f Geldiniz Bonusunuzu \u015eimdi Al\u0131n","isPartOf":{"@id":"https:\/\/888starz.tips\/tr\/#website"},"datePublished":"2025-01-27T08:09:38+00:00","dateModified":"2025-10-18T08:17:58+00:00","description":"888Starz Kumarhane ile kumar d\u00fcnyas\u0131na dal\u0131n! Ho\u015fgeldin bonusunuzu \u015fimdi etkinle\u015ftirin ve 25.000 TRY + \u00fccretsiz d\u00f6n\u00fc\u015f kazan\u0131n. Binlerce en iyi slot ve canl\u0131 oyun sizi bekliyor.","breadcrumb":{"@id":"https:\/\/888starz.tips\/tr\/casino\/#breadcrumb"},"inLanguage":"tr","potentialAction":[{"@type":"ReadAction","target":["https:\/\/888starz.tips\/tr\/casino\/"]}]},{"@type":"BreadcrumbList","@id":"https:\/\/888starz.tips\/tr\/casino\/#breadcrumb","itemListElement":[{"@type":"ListItem","position":1,"name":"Home","item":"https:\/\/888starz.tips\/tr\/"},{"@type":"ListItem","position":2,"name":"Kumarhane"}]},{"@type":"WebSite","@id":"https:\/\/888starz.tips\/tr\/#website","url":"https:\/\/888starz.tips\/tr\/","name":"888Starz Tips tr","description":"My WordPress Blog","potentialAction":[{"@type":"SearchAction","target":{"@type":"EntryPoint","urlTemplate":"https:\/\/888starz.tips\/tr\/?s={search_term_string}"},"query-input":{"@type":"PropertyValueSpecification","valueRequired":true,"valueName":"search_term_string"}}],"inLanguage":"tr"}]}},"_links":{"self":[{"href":"https:\/\/888starz.tips\/tr\/wp-json\/wp\/v2\/pages\/425","targetHints":{"allow":["GET"]}}],"collection":[{"href":"https:\/\/888starz.tips\/tr\/wp-json\/wp\/v2\/pages"}],"about":[{"href":"https:\/\/888starz.tips\/tr\/wp-json\/wp\/v2\/types\/page"}],"author":[{"embeddable":true,"href":"https:\/\/888starz.tips\/tr\/wp-json\/wp\/v2\/users\/1"}],"replies":[{"embeddable":true,"href":"https:\/\/888starz.tips\/tr\/wp-json\/wp\/v2\/comments?post=425"}],"version-history":[{"count":9,"href":"https:\/\/888starz.tips\/tr\/wp-json\/wp\/v2\/pages\/425\/revisions"}],"predecessor-version":[{"id":657,"href":"https:\/\/888starz.tips\/tr\/wp-json\/wp\/v2\/pages\/425\/revisions\/657"}],"wp:attachment":[{"href":"https:\/\/888starz.tips\/tr\/wp-json\/wp\/v2\/media?parent=425"}],"curies":[{"name":"wp","href":"https:\/\/api.w.org\/{rel}","templated":true}]}}