{"id":451,"date":"2025-01-27T13:46:18","date_gmt":"2025-01-27T13:46:18","guid":{"rendered":"https:\/\/888starz.tips\/tr\/?page_id=451"},"modified":"2025-09-20T11:02:57","modified_gmt":"2025-09-20T11:02:57","slug":"promo-code","status":"publish","type":"page","link":"https:\/\/888starz.tips\/tr\/promo-code\/","title":{"rendered":"Promosyon kodu"},"content":{"rendered":"","protected":false},"excerpt":{"rendered":"","protected":false},"author":1,"featured_media":0,"parent":0,"menu_order":0,"comment_status":"closed","ping_status":"closed","template":"","meta":{"footnotes":""},"class_list":["post-451","page","type-page","status-publish","hentry"],"yoast_head":"<!-- This site is optimized with the Yoast SEO plugin v27.4 - https:\/\/yoast.com\/product\/yoast-seo-wordpress\/ -->\n<title>888Starz Promosyon Kodu 2025 \u2705 0 Bonusunuzu Al\u0131n!<\/title>\n<meta name=\"description\" content=\"Kazan\u00e7lar\u0131n\u0131z\u0131 art\u0131rmak ister misiniz? \ud83d\udd25\u00d6zel 888Starz promosyon kodu 2025&#039;i a\u00e7\u0131n ve bug\u00fcn 0&#039;l\u00fck muazzam bir bonus kazan\u0131n! Beklemeyin, jackpot yolculu\u011funuz \u015fimdi ba\u015fl\u0131yor!\" \/>\n<meta name=\"robots\" content=\"index, follow, max-snippet:-1, max-image-preview:large, max-video-preview:-1\" \/>\n<meta property=\"og:locale\" content=\"tr_TR\" \/>\n<meta property=\"og:type\" content=\"article\" \/>\n<meta property=\"og:title\" content=\"888Starz Promosyon Kodu 2025 \u2705 0 Bonusunuzu Al\u0131n!\" \/>\n<meta property=\"og:description\" content=\"Kazan\u00e7lar\u0131n\u0131z\u0131 art\u0131rmak ister misiniz? \ud83d\udd25\u00d6zel 888Starz promosyon kodu 2025&#039;i a\u00e7\u0131n ve bug\u00fcn 0&#039;l\u00fck muazzam bir bonus kazan\u0131n! Beklemeyin, jackpot yolculu\u011funuz \u015fimdi ba\u015fl\u0131yor!\" \/>\n<meta property=\"og:url\" content=\"https:\/\/888starz.tips\/tr\/promo-code\/\" \/>\n<meta property=\"og:site_name\" content=\"888Starz Tips tr\" \/>\n<meta property=\"article:modified_time\" content=\"2025-09-20T11:02:57+00:00\" \/>\n<meta name=\"twitter:card\" content=\"summary_large_image\" \/>\n<script type=\"application\/ld+json\" class=\"yoast-schema-graph\">{\"@context\":\"https:\\\/\\\/schema.org\",\"@graph\":[{\"@type\":\"WebPage\",\"@id\":\"https:\\\/\\\/888starz.tips\\\/tr\\\/promo-code\\\/\",\"url\":\"https:\\\/\\\/888starz.tips\\\/tr\\\/promo-code\\\/\",\"name\":\"888Starz Promosyon Kodu 2025 \u2705 0 Bonusunuzu Al\u0131n!\",\"isPartOf\":{\"@id\":\"https:\\\/\\\/888starz.tips\\\/tr\\\/#website\"},\"datePublished\":\"2025-01-27T13:46:18+00:00\",\"dateModified\":\"2025-09-20T11:02:57+00:00\",\"description\":\"Kazan\u00e7lar\u0131n\u0131z\u0131 art\u0131rmak ister misiniz? \ud83d\udd25\u00d6zel 888Starz promosyon kodu 2025'i a\u00e7\u0131n ve bug\u00fcn 0'l\u00fck muazzam bir bonus kazan\u0131n! Beklemeyin, jackpot yolculu\u011funuz \u015fimdi ba\u015fl\u0131yor!\",\"breadcrumb\":{\"@id\":\"https:\\\/\\\/888starz.tips\\\/tr\\\/promo-code\\\/#breadcrumb\"},\"inLanguage\":\"tr\",\"potentialAction\":[{\"@type\":\"ReadAction\",\"target\":[\"https:\\\/\\\/888starz.tips\\\/tr\\\/promo-code\\\/\"]}]},{\"@type\":\"BreadcrumbList\",\"@id\":\"https:\\\/\\\/888starz.tips\\\/tr\\\/promo-code\\\/#breadcrumb\",\"itemListElement\":[{\"@type\":\"ListItem\",\"position\":1,\"name\":\"Home\",\"item\":\"https:\\\/\\\/888starz.tips\\\/tr\\\/\"},{\"@type\":\"ListItem\",\"position\":2,\"name\":\"Promosyon kodu\"}]},{\"@type\":\"WebSite\",\"@id\":\"https:\\\/\\\/888starz.tips\\\/tr\\\/#website\",\"url\":\"https:\\\/\\\/888starz.tips\\\/tr\\\/\",\"name\":\"888Starz Tips tr\",\"description\":\"My WordPress Blog\",\"potentialAction\":[{\"@type\":\"SearchAction\",\"target\":{\"@type\":\"EntryPoint\",\"urlTemplate\":\"https:\\\/\\\/888starz.tips\\\/tr\\\/?s={search_term_string}\"},\"query-input\":{\"@type\":\"PropertyValueSpecification\",\"valueRequired\":true,\"valueName\":\"search_term_string\"}}],\"inLanguage\":\"tr\"}]}<\/script>\n<!-- \/ Yoast SEO plugin. -->","yoast_head_json":{"title":"888Starz Promosyon Kodu 2025 \u2705 0 Bonusunuzu Al\u0131n!","description":"Kazan\u00e7lar\u0131n\u0131z\u0131 art\u0131rmak ister misiniz? \ud83d\udd25\u00d6zel 888Starz promosyon kodu 2025'i a\u00e7\u0131n ve bug\u00fcn 0'l\u00fck muazzam bir bonus kazan\u0131n! Beklemeyin, jackpot yolculu\u011funuz \u015fimdi ba\u015fl\u0131yor!","robots":{"index":"index","follow":"follow","max-snippet":"max-snippet:-1","max-image-preview":"max-image-preview:large","max-video-preview":"max-video-preview:-1"},"og_locale":"tr_TR","og_type":"article","og_title":"888Starz Promosyon Kodu 2025 \u2705 0 Bonusunuzu Al\u0131n!","og_description":"Kazan\u00e7lar\u0131n\u0131z\u0131 art\u0131rmak ister misiniz? \ud83d\udd25\u00d6zel 888Starz promosyon kodu 2025'i a\u00e7\u0131n ve bug\u00fcn 0'l\u00fck muazzam bir bonus kazan\u0131n! Beklemeyin, jackpot yolculu\u011funuz \u015fimdi ba\u015fl\u0131yor!","og_url":"https:\/\/888starz.tips\/tr\/promo-code\/","og_site_name":"888Starz Tips tr","article_modified_time":"2025-09-20T11:02:57+00:00","twitter_card":"summary_large_image","schema":{"@context":"https:\/\/schema.org","@graph":[{"@type":"WebPage","@id":"https:\/\/888starz.tips\/tr\/promo-code\/","url":"https:\/\/888starz.tips\/tr\/promo-code\/","name":"888Starz Promosyon Kodu 2025 \u2705 0 Bonusunuzu Al\u0131n!","isPartOf":{"@id":"https:\/\/888starz.tips\/tr\/#website"},"datePublished":"2025-01-27T13:46:18+00:00","dateModified":"2025-09-20T11:02:57+00:00","description":"Kazan\u00e7lar\u0131n\u0131z\u0131 art\u0131rmak ister misiniz? \ud83d\udd25\u00d6zel 888Starz promosyon kodu 2025'i a\u00e7\u0131n ve bug\u00fcn 0'l\u00fck muazzam bir bonus kazan\u0131n! Beklemeyin, jackpot yolculu\u011funuz \u015fimdi ba\u015fl\u0131yor!","breadcrumb":{"@id":"https:\/\/888starz.tips\/tr\/promo-code\/#breadcrumb"},"inLanguage":"tr","potentialAction":[{"@type":"ReadAction","target":["https:\/\/888starz.tips\/tr\/promo-code\/"]}]},{"@type":"BreadcrumbList","@id":"https:\/\/888starz.tips\/tr\/promo-code\/#breadcrumb","itemListElement":[{"@type":"ListItem","position":1,"name":"Home","item":"https:\/\/888starz.tips\/tr\/"},{"@type":"ListItem","position":2,"name":"Promosyon kodu"}]},{"@type":"WebSite","@id":"https:\/\/888starz.tips\/tr\/#website","url":"https:\/\/888starz.tips\/tr\/","name":"888Starz Tips tr","description":"My WordPress Blog","potentialAction":[{"@type":"SearchAction","target":{"@type":"EntryPoint","urlTemplate":"https:\/\/888starz.tips\/tr\/?s={search_term_string}"},"query-input":{"@type":"PropertyValueSpecification","valueRequired":true,"valueName":"search_term_string"}}],"inLanguage":"tr"}]}},"_links":{"self":[{"href":"https:\/\/888starz.tips\/tr\/wp-json\/wp\/v2\/pages\/451","targetHints":{"allow":["GET"]}}],"collection":[{"href":"https:\/\/888starz.tips\/tr\/wp-json\/wp\/v2\/pages"}],"about":[{"href":"https:\/\/888starz.tips\/tr\/wp-json\/wp\/v2\/types\/page"}],"author":[{"embeddable":true,"href":"https:\/\/888starz.tips\/tr\/wp-json\/wp\/v2\/users\/1"}],"replies":[{"embeddable":true,"href":"https:\/\/888starz.tips\/tr\/wp-json\/wp\/v2\/comments?post=451"}],"version-history":[{"count":8,"href":"https:\/\/888starz.tips\/tr\/wp-json\/wp\/v2\/pages\/451\/revisions"}],"predecessor-version":[{"id":656,"href":"https:\/\/888starz.tips\/tr\/wp-json\/wp\/v2\/pages\/451\/revisions\/656"}],"wp:attachment":[{"href":"https:\/\/888starz.tips\/tr\/wp-json\/wp\/v2\/media?parent=451"}],"curies":[{"name":"wp","href":"https:\/\/api.w.org\/{rel}","templated":true}]}}