{"id":471,"date":"2025-01-28T05:38:45","date_gmt":"2025-01-28T05:38:45","guid":{"rendered":"https:\/\/888starz.tips\/tr\/?page_id=471"},"modified":"2025-09-20T11:13:42","modified_gmt":"2025-09-20T11:13:42","slug":"affiliate","status":"publish","type":"page","link":"https:\/\/888starz.tips\/tr\/affiliate\/","title":{"rendered":"\u0130\u015ftirak"},"content":{"rendered":"","protected":false},"excerpt":{"rendered":"","protected":false},"author":1,"featured_media":0,"parent":0,"menu_order":0,"comment_status":"closed","ping_status":"closed","template":"","meta":{"footnotes":""},"class_list":["post-471","page","type-page","status-publish","hentry"],"yoast_head":"<!-- This site is optimized with the Yoast SEO plugin v27.4 - https:\/\/yoast.com\/product\/yoast-seo-wordpress\/ -->\n<title>888Starz Ortakl\u0131\u011f\u0131: \u2705Premium iGaming Ortakl\u0131k Program\u0131<\/title>\n<meta name=\"description\" content=\"888Starz Ortakl\u0131k Program\u0131na bug\u00fcn kat\u0131l\u0131n! \ud83d\ude80 Heyecan verici gelir f\u0131rsatlar\u0131, harika avantajlar ve birinci s\u0131n\u0131f destekten yararlan\u0131n. Ma\u00e7\u0131 sadece izlemekle kalmay\u0131n, bizimle birlikte KAZANMAK i\u00e7in oynay\u0131n! \ud83d\udcb0 Kazan\u00e7lar\u0131n\u0131z\u0131 optimize edin ve \u015fimdi GER\u00c7EK para kazanmaya ba\u015flay\u0131n!\" \/>\n<meta name=\"robots\" content=\"index, follow, max-snippet:-1, max-image-preview:large, max-video-preview:-1\" \/>\n<meta property=\"og:locale\" content=\"tr_TR\" \/>\n<meta property=\"og:type\" content=\"article\" \/>\n<meta property=\"og:title\" content=\"888Starz Ortakl\u0131\u011f\u0131: \u2705Premium iGaming Ortakl\u0131k Program\u0131\" \/>\n<meta property=\"og:description\" content=\"888Starz Ortakl\u0131k Program\u0131na bug\u00fcn kat\u0131l\u0131n! \ud83d\ude80 Heyecan verici gelir f\u0131rsatlar\u0131, harika avantajlar ve birinci s\u0131n\u0131f destekten yararlan\u0131n. Ma\u00e7\u0131 sadece izlemekle kalmay\u0131n, bizimle birlikte KAZANMAK i\u00e7in oynay\u0131n! \ud83d\udcb0 Kazan\u00e7lar\u0131n\u0131z\u0131 optimize edin ve \u015fimdi GER\u00c7EK para kazanmaya ba\u015flay\u0131n!\" \/>\n<meta property=\"og:url\" content=\"https:\/\/888starz.tips\/tr\/affiliate\/\" \/>\n<meta property=\"og:site_name\" content=\"888Starz Tips tr\" \/>\n<meta property=\"article:modified_time\" content=\"2025-09-20T11:13:42+00:00\" \/>\n<meta name=\"twitter:card\" content=\"summary_large_image\" \/>\n<script type=\"application\/ld+json\" class=\"yoast-schema-graph\">{\"@context\":\"https:\\\/\\\/schema.org\",\"@graph\":[{\"@type\":\"WebPage\",\"@id\":\"https:\\\/\\\/888starz.tips\\\/tr\\\/affiliate\\\/\",\"url\":\"https:\\\/\\\/888starz.tips\\\/tr\\\/affiliate\\\/\",\"name\":\"888Starz Ortakl\u0131\u011f\u0131: \u2705Premium iGaming Ortakl\u0131k Program\u0131\",\"isPartOf\":{\"@id\":\"https:\\\/\\\/888starz.tips\\\/tr\\\/#website\"},\"datePublished\":\"2025-01-28T05:38:45+00:00\",\"dateModified\":\"2025-09-20T11:13:42+00:00\",\"description\":\"888Starz Ortakl\u0131k Program\u0131na bug\u00fcn kat\u0131l\u0131n! \ud83d\ude80 Heyecan verici gelir f\u0131rsatlar\u0131, harika avantajlar ve birinci s\u0131n\u0131f destekten yararlan\u0131n. Ma\u00e7\u0131 sadece izlemekle kalmay\u0131n, bizimle birlikte KAZANMAK i\u00e7in oynay\u0131n! \ud83d\udcb0 Kazan\u00e7lar\u0131n\u0131z\u0131 optimize edin ve \u015fimdi GER\u00c7EK para kazanmaya ba\u015flay\u0131n!\",\"breadcrumb\":{\"@id\":\"https:\\\/\\\/888starz.tips\\\/tr\\\/affiliate\\\/#breadcrumb\"},\"inLanguage\":\"tr\",\"potentialAction\":[{\"@type\":\"ReadAction\",\"target\":[\"https:\\\/\\\/888starz.tips\\\/tr\\\/affiliate\\\/\"]}]},{\"@type\":\"BreadcrumbList\",\"@id\":\"https:\\\/\\\/888starz.tips\\\/tr\\\/affiliate\\\/#breadcrumb\",\"itemListElement\":[{\"@type\":\"ListItem\",\"position\":1,\"name\":\"Home\",\"item\":\"https:\\\/\\\/888starz.tips\\\/tr\\\/\"},{\"@type\":\"ListItem\",\"position\":2,\"name\":\"\u0130\u015ftirak\"}]},{\"@type\":\"WebSite\",\"@id\":\"https:\\\/\\\/888starz.tips\\\/tr\\\/#website\",\"url\":\"https:\\\/\\\/888starz.tips\\\/tr\\\/\",\"name\":\"888Starz Tips tr\",\"description\":\"My WordPress Blog\",\"potentialAction\":[{\"@type\":\"SearchAction\",\"target\":{\"@type\":\"EntryPoint\",\"urlTemplate\":\"https:\\\/\\\/888starz.tips\\\/tr\\\/?s={search_term_string}\"},\"query-input\":{\"@type\":\"PropertyValueSpecification\",\"valueRequired\":true,\"valueName\":\"search_term_string\"}}],\"inLanguage\":\"tr\"}]}<\/script>\n<!-- \/ Yoast SEO plugin. -->","yoast_head_json":{"title":"888Starz Ortakl\u0131\u011f\u0131: \u2705Premium iGaming Ortakl\u0131k Program\u0131","description":"888Starz Ortakl\u0131k Program\u0131na bug\u00fcn kat\u0131l\u0131n! \ud83d\ude80 Heyecan verici gelir f\u0131rsatlar\u0131, harika avantajlar ve birinci s\u0131n\u0131f destekten yararlan\u0131n. Ma\u00e7\u0131 sadece izlemekle kalmay\u0131n, bizimle birlikte KAZANMAK i\u00e7in oynay\u0131n! \ud83d\udcb0 Kazan\u00e7lar\u0131n\u0131z\u0131 optimize edin ve \u015fimdi GER\u00c7EK para kazanmaya ba\u015flay\u0131n!","robots":{"index":"index","follow":"follow","max-snippet":"max-snippet:-1","max-image-preview":"max-image-preview:large","max-video-preview":"max-video-preview:-1"},"og_locale":"tr_TR","og_type":"article","og_title":"888Starz Ortakl\u0131\u011f\u0131: \u2705Premium iGaming Ortakl\u0131k Program\u0131","og_description":"888Starz Ortakl\u0131k Program\u0131na bug\u00fcn kat\u0131l\u0131n! \ud83d\ude80 Heyecan verici gelir f\u0131rsatlar\u0131, harika avantajlar ve birinci s\u0131n\u0131f destekten yararlan\u0131n. Ma\u00e7\u0131 sadece izlemekle kalmay\u0131n, bizimle birlikte KAZANMAK i\u00e7in oynay\u0131n! \ud83d\udcb0 Kazan\u00e7lar\u0131n\u0131z\u0131 optimize edin ve \u015fimdi GER\u00c7EK para kazanmaya ba\u015flay\u0131n!","og_url":"https:\/\/888starz.tips\/tr\/affiliate\/","og_site_name":"888Starz Tips tr","article_modified_time":"2025-09-20T11:13:42+00:00","twitter_card":"summary_large_image","schema":{"@context":"https:\/\/schema.org","@graph":[{"@type":"WebPage","@id":"https:\/\/888starz.tips\/tr\/affiliate\/","url":"https:\/\/888starz.tips\/tr\/affiliate\/","name":"888Starz Ortakl\u0131\u011f\u0131: \u2705Premium iGaming Ortakl\u0131k Program\u0131","isPartOf":{"@id":"https:\/\/888starz.tips\/tr\/#website"},"datePublished":"2025-01-28T05:38:45+00:00","dateModified":"2025-09-20T11:13:42+00:00","description":"888Starz Ortakl\u0131k Program\u0131na bug\u00fcn kat\u0131l\u0131n! \ud83d\ude80 Heyecan verici gelir f\u0131rsatlar\u0131, harika avantajlar ve birinci s\u0131n\u0131f destekten yararlan\u0131n. Ma\u00e7\u0131 sadece izlemekle kalmay\u0131n, bizimle birlikte KAZANMAK i\u00e7in oynay\u0131n! \ud83d\udcb0 Kazan\u00e7lar\u0131n\u0131z\u0131 optimize edin ve \u015fimdi GER\u00c7EK para kazanmaya ba\u015flay\u0131n!","breadcrumb":{"@id":"https:\/\/888starz.tips\/tr\/affiliate\/#breadcrumb"},"inLanguage":"tr","potentialAction":[{"@type":"ReadAction","target":["https:\/\/888starz.tips\/tr\/affiliate\/"]}]},{"@type":"BreadcrumbList","@id":"https:\/\/888starz.tips\/tr\/affiliate\/#breadcrumb","itemListElement":[{"@type":"ListItem","position":1,"name":"Home","item":"https:\/\/888starz.tips\/tr\/"},{"@type":"ListItem","position":2,"name":"\u0130\u015ftirak"}]},{"@type":"WebSite","@id":"https:\/\/888starz.tips\/tr\/#website","url":"https:\/\/888starz.tips\/tr\/","name":"888Starz Tips tr","description":"My WordPress Blog","potentialAction":[{"@type":"SearchAction","target":{"@type":"EntryPoint","urlTemplate":"https:\/\/888starz.tips\/tr\/?s={search_term_string}"},"query-input":{"@type":"PropertyValueSpecification","valueRequired":true,"valueName":"search_term_string"}}],"inLanguage":"tr"}]}},"_links":{"self":[{"href":"https:\/\/888starz.tips\/tr\/wp-json\/wp\/v2\/pages\/471","targetHints":{"allow":["GET"]}}],"collection":[{"href":"https:\/\/888starz.tips\/tr\/wp-json\/wp\/v2\/pages"}],"about":[{"href":"https:\/\/888starz.tips\/tr\/wp-json\/wp\/v2\/types\/page"}],"author":[{"embeddable":true,"href":"https:\/\/888starz.tips\/tr\/wp-json\/wp\/v2\/users\/1"}],"replies":[{"embeddable":true,"href":"https:\/\/888starz.tips\/tr\/wp-json\/wp\/v2\/comments?post=471"}],"version-history":[{"count":7,"href":"https:\/\/888starz.tips\/tr\/wp-json\/wp\/v2\/pages\/471\/revisions"}],"predecessor-version":[{"id":659,"href":"https:\/\/888starz.tips\/tr\/wp-json\/wp\/v2\/pages\/471\/revisions\/659"}],"wp:attachment":[{"href":"https:\/\/888starz.tips\/tr\/wp-json\/wp\/v2\/media?parent=471"}],"curies":[{"name":"wp","href":"https:\/\/api.w.org\/{rel}","templated":true}]}}