{"id":525,"date":"2025-06-18T06:42:44","date_gmt":"2025-06-18T06:42:44","guid":{"rendered":"https:\/\/888starz.tips\/tr\/?page_id=525"},"modified":"2025-09-20T09:05:04","modified_gmt":"2025-09-20T09:05:04","slug":"losing-bets","status":"publish","type":"page","link":"https:\/\/888starz.tips\/tr\/bonus\/losing-bets\/","title":{"rendered":"Kaybeden Bahisler"},"content":{"rendered":"","protected":false},"excerpt":{"rendered":"","protected":false},"author":1,"featured_media":0,"parent":152,"menu_order":0,"comment_status":"closed","ping_status":"closed","template":"","meta":{"footnotes":""},"class_list":["post-525","page","type-page","status-publish","hentry"],"yoast_head":"<!-- This site is optimized with the Yoast SEO plugin v27.4 - https:\/\/yoast.com\/product\/yoast-seo-wordpress\/ -->\n<title>888Starz bonusu ile kaybetti\u011finiz 20 bahsin kar\u015f\u0131l\u0131\u011f\u0131n\u0131 al\u0131n!<\/title>\n<meta name=\"description\" content=\"Kaybetme serisine mi tak\u0131ld\u0131n\u0131z? 888Starz sizi kaderinizle ba\u015f ba\u015fa b\u0131rakmaz! 20 ard\u0131\u015f\u0131k kaybeden bahis i\u00e7in 25.000 TRY&#039;ye kadar tazminat al\u0131n!\" \/>\n<meta name=\"robots\" content=\"index, follow, max-snippet:-1, max-image-preview:large, max-video-preview:-1\" \/>\n<meta property=\"og:locale\" content=\"tr_TR\" \/>\n<meta property=\"og:type\" content=\"article\" \/>\n<meta property=\"og:title\" content=\"888Starz bonusu ile kaybetti\u011finiz 20 bahsin kar\u015f\u0131l\u0131\u011f\u0131n\u0131 al\u0131n!\" \/>\n<meta property=\"og:description\" content=\"Kaybetme serisine mi tak\u0131ld\u0131n\u0131z? 888Starz sizi kaderinizle ba\u015f ba\u015fa b\u0131rakmaz! 20 ard\u0131\u015f\u0131k kaybeden bahis i\u00e7in 25.000 TRY&#039;ye kadar tazminat al\u0131n!\" \/>\n<meta property=\"og:url\" content=\"https:\/\/888starz.tips\/tr\/bonus\/losing-bets\/\" \/>\n<meta property=\"og:site_name\" content=\"888Starz Tips tr\" \/>\n<meta property=\"article:modified_time\" content=\"2025-09-20T09:05:04+00:00\" \/>\n<meta name=\"twitter:card\" content=\"summary_large_image\" \/>\n<script type=\"application\/ld+json\" class=\"yoast-schema-graph\">{\"@context\":\"https:\\\/\\\/schema.org\",\"@graph\":[{\"@type\":\"WebPage\",\"@id\":\"https:\\\/\\\/888starz.tips\\\/tr\\\/bonus\\\/losing-bets\\\/\",\"url\":\"https:\\\/\\\/888starz.tips\\\/tr\\\/bonus\\\/losing-bets\\\/\",\"name\":\"888Starz bonusu ile kaybetti\u011finiz 20 bahsin kar\u015f\u0131l\u0131\u011f\u0131n\u0131 al\u0131n!\",\"isPartOf\":{\"@id\":\"https:\\\/\\\/888starz.tips\\\/tr\\\/#website\"},\"datePublished\":\"2025-06-18T06:42:44+00:00\",\"dateModified\":\"2025-09-20T09:05:04+00:00\",\"description\":\"Kaybetme serisine mi tak\u0131ld\u0131n\u0131z? 888Starz sizi kaderinizle ba\u015f ba\u015fa b\u0131rakmaz! 20 ard\u0131\u015f\u0131k kaybeden bahis i\u00e7in 25.000 TRY'ye kadar tazminat al\u0131n!\",\"breadcrumb\":{\"@id\":\"https:\\\/\\\/888starz.tips\\\/tr\\\/bonus\\\/losing-bets\\\/#breadcrumb\"},\"inLanguage\":\"tr\",\"potentialAction\":[{\"@type\":\"ReadAction\",\"target\":[\"https:\\\/\\\/888starz.tips\\\/tr\\\/bonus\\\/losing-bets\\\/\"]}]},{\"@type\":\"BreadcrumbList\",\"@id\":\"https:\\\/\\\/888starz.tips\\\/tr\\\/bonus\\\/losing-bets\\\/#breadcrumb\",\"itemListElement\":[{\"@type\":\"ListItem\",\"position\":1,\"name\":\"Home\",\"item\":\"https:\\\/\\\/888starz.tips\\\/tr\\\/\"},{\"@type\":\"ListItem\",\"position\":2,\"name\":\"Bonus\",\"item\":\"https:\\\/\\\/888starz.tips\\\/tr\\\/bonus\\\/\"},{\"@type\":\"ListItem\",\"position\":3,\"name\":\"Kaybeden Bahisler\"}]},{\"@type\":\"WebSite\",\"@id\":\"https:\\\/\\\/888starz.tips\\\/tr\\\/#website\",\"url\":\"https:\\\/\\\/888starz.tips\\\/tr\\\/\",\"name\":\"888Starz Tips tr\",\"description\":\"My WordPress Blog\",\"potentialAction\":[{\"@type\":\"SearchAction\",\"target\":{\"@type\":\"EntryPoint\",\"urlTemplate\":\"https:\\\/\\\/888starz.tips\\\/tr\\\/?s={search_term_string}\"},\"query-input\":{\"@type\":\"PropertyValueSpecification\",\"valueRequired\":true,\"valueName\":\"search_term_string\"}}],\"inLanguage\":\"tr\"}]}<\/script>\n<!-- \/ Yoast SEO plugin. -->","yoast_head_json":{"title":"888Starz bonusu ile kaybetti\u011finiz 20 bahsin kar\u015f\u0131l\u0131\u011f\u0131n\u0131 al\u0131n!","description":"Kaybetme serisine mi tak\u0131ld\u0131n\u0131z? 888Starz sizi kaderinizle ba\u015f ba\u015fa b\u0131rakmaz! 20 ard\u0131\u015f\u0131k kaybeden bahis i\u00e7in 25.000 TRY'ye kadar tazminat al\u0131n!","robots":{"index":"index","follow":"follow","max-snippet":"max-snippet:-1","max-image-preview":"max-image-preview:large","max-video-preview":"max-video-preview:-1"},"og_locale":"tr_TR","og_type":"article","og_title":"888Starz bonusu ile kaybetti\u011finiz 20 bahsin kar\u015f\u0131l\u0131\u011f\u0131n\u0131 al\u0131n!","og_description":"Kaybetme serisine mi tak\u0131ld\u0131n\u0131z? 888Starz sizi kaderinizle ba\u015f ba\u015fa b\u0131rakmaz! 20 ard\u0131\u015f\u0131k kaybeden bahis i\u00e7in 25.000 TRY'ye kadar tazminat al\u0131n!","og_url":"https:\/\/888starz.tips\/tr\/bonus\/losing-bets\/","og_site_name":"888Starz Tips tr","article_modified_time":"2025-09-20T09:05:04+00:00","twitter_card":"summary_large_image","schema":{"@context":"https:\/\/schema.org","@graph":[{"@type":"WebPage","@id":"https:\/\/888starz.tips\/tr\/bonus\/losing-bets\/","url":"https:\/\/888starz.tips\/tr\/bonus\/losing-bets\/","name":"888Starz bonusu ile kaybetti\u011finiz 20 bahsin kar\u015f\u0131l\u0131\u011f\u0131n\u0131 al\u0131n!","isPartOf":{"@id":"https:\/\/888starz.tips\/tr\/#website"},"datePublished":"2025-06-18T06:42:44+00:00","dateModified":"2025-09-20T09:05:04+00:00","description":"Kaybetme serisine mi tak\u0131ld\u0131n\u0131z? 888Starz sizi kaderinizle ba\u015f ba\u015fa b\u0131rakmaz! 20 ard\u0131\u015f\u0131k kaybeden bahis i\u00e7in 25.000 TRY'ye kadar tazminat al\u0131n!","breadcrumb":{"@id":"https:\/\/888starz.tips\/tr\/bonus\/losing-bets\/#breadcrumb"},"inLanguage":"tr","potentialAction":[{"@type":"ReadAction","target":["https:\/\/888starz.tips\/tr\/bonus\/losing-bets\/"]}]},{"@type":"BreadcrumbList","@id":"https:\/\/888starz.tips\/tr\/bonus\/losing-bets\/#breadcrumb","itemListElement":[{"@type":"ListItem","position":1,"name":"Home","item":"https:\/\/888starz.tips\/tr\/"},{"@type":"ListItem","position":2,"name":"Bonus","item":"https:\/\/888starz.tips\/tr\/bonus\/"},{"@type":"ListItem","position":3,"name":"Kaybeden Bahisler"}]},{"@type":"WebSite","@id":"https:\/\/888starz.tips\/tr\/#website","url":"https:\/\/888starz.tips\/tr\/","name":"888Starz Tips tr","description":"My WordPress Blog","potentialAction":[{"@type":"SearchAction","target":{"@type":"EntryPoint","urlTemplate":"https:\/\/888starz.tips\/tr\/?s={search_term_string}"},"query-input":{"@type":"PropertyValueSpecification","valueRequired":true,"valueName":"search_term_string"}}],"inLanguage":"tr"}]}},"_links":{"self":[{"href":"https:\/\/888starz.tips\/tr\/wp-json\/wp\/v2\/pages\/525","targetHints":{"allow":["GET"]}}],"collection":[{"href":"https:\/\/888starz.tips\/tr\/wp-json\/wp\/v2\/pages"}],"about":[{"href":"https:\/\/888starz.tips\/tr\/wp-json\/wp\/v2\/types\/page"}],"author":[{"embeddable":true,"href":"https:\/\/888starz.tips\/tr\/wp-json\/wp\/v2\/users\/1"}],"replies":[{"embeddable":true,"href":"https:\/\/888starz.tips\/tr\/wp-json\/wp\/v2\/comments?post=525"}],"version-history":[{"count":5,"href":"https:\/\/888starz.tips\/tr\/wp-json\/wp\/v2\/pages\/525\/revisions"}],"predecessor-version":[{"id":646,"href":"https:\/\/888starz.tips\/tr\/wp-json\/wp\/v2\/pages\/525\/revisions\/646"}],"up":[{"embeddable":true,"href":"https:\/\/888starz.tips\/tr\/wp-json\/wp\/v2\/pages\/152"}],"wp:attachment":[{"href":"https:\/\/888starz.tips\/tr\/wp-json\/wp\/v2\/media?parent=525"}],"curies":[{"name":"wp","href":"https:\/\/api.w.org\/{rel}","templated":true}]}}