{"id":535,"date":"2025-06-18T07:09:49","date_gmt":"2025-06-18T07:09:49","guid":{"rendered":"https:\/\/888starz.tips\/tr\/?page_id=535"},"modified":"2025-10-18T08:16:20","modified_gmt":"2025-10-18T08:16:20","slug":"aviator","status":"publish","type":"page","link":"https:\/\/888starz.tips\/tr\/bonus\/aviator\/","title":{"rendered":"Havac\u0131"},"content":{"rendered":"","protected":false},"excerpt":{"rendered":"","protected":false},"author":1,"featured_media":0,"parent":152,"menu_order":0,"comment_status":"closed","ping_status":"closed","template":"","meta":{"footnotes":""},"class_list":["post-535","page","type-page","status-publish","hentry"],"yoast_head":"<!-- This site is optimized with the Yoast SEO plugin v27.4 - https:\/\/yoast.com\/product\/yoast-seo-wordpress\/ -->\n<title>\u00d6zel 888Starz bonusu | Aviator oyna ve \u00fccretsiz ba\u015flang\u0131\u00e7lar yap!<\/title>\n<meta name=\"description\" content=\"Bahis miktar\u0131n\u0131 art\u0131rmaya haz\u0131r m\u0131s\u0131n\u0131z? Aviator oynamak i\u00e7in 888Starz&#039;dan \u00f6zel bir bonus sizi bekliyor! Pazartesi g\u00fcnleri para yat\u0131r\u0131n ve 50&#039;ye kadar \u00fccretsiz d\u00f6n\u00fc\u015f kazan\u0131n! Risksiz oynayarak kazanma \u015fans\u0131n\u0131 ka\u00e7\u0131rmay\u0131n.\" \/>\n<meta name=\"robots\" content=\"index, follow, max-snippet:-1, max-image-preview:large, max-video-preview:-1\" \/>\n<meta property=\"og:locale\" content=\"tr_TR\" \/>\n<meta property=\"og:type\" content=\"article\" \/>\n<meta property=\"og:title\" content=\"\u00d6zel 888Starz bonusu | Aviator oyna ve \u00fccretsiz ba\u015flang\u0131\u00e7lar yap!\" \/>\n<meta property=\"og:description\" content=\"Bahis miktar\u0131n\u0131 art\u0131rmaya haz\u0131r m\u0131s\u0131n\u0131z? Aviator oynamak i\u00e7in 888Starz&#039;dan \u00f6zel bir bonus sizi bekliyor! Pazartesi g\u00fcnleri para yat\u0131r\u0131n ve 50&#039;ye kadar \u00fccretsiz d\u00f6n\u00fc\u015f kazan\u0131n! Risksiz oynayarak kazanma \u015fans\u0131n\u0131 ka\u00e7\u0131rmay\u0131n.\" \/>\n<meta property=\"og:url\" content=\"https:\/\/888starz.tips\/tr\/bonus\/aviator\/\" \/>\n<meta property=\"og:site_name\" content=\"888Starz Tips tr\" \/>\n<meta property=\"article:modified_time\" content=\"2025-10-18T08:16:20+00:00\" \/>\n<meta name=\"twitter:card\" content=\"summary_large_image\" \/>\n<script type=\"application\/ld+json\" class=\"yoast-schema-graph\">{\"@context\":\"https:\\\/\\\/schema.org\",\"@graph\":[{\"@type\":\"WebPage\",\"@id\":\"https:\\\/\\\/888starz.tips\\\/tr\\\/bonus\\\/aviator\\\/\",\"url\":\"https:\\\/\\\/888starz.tips\\\/tr\\\/bonus\\\/aviator\\\/\",\"name\":\"\u00d6zel 888Starz bonusu | Aviator oyna ve \u00fccretsiz ba\u015flang\u0131\u00e7lar yap!\",\"isPartOf\":{\"@id\":\"https:\\\/\\\/888starz.tips\\\/tr\\\/#website\"},\"datePublished\":\"2025-06-18T07:09:49+00:00\",\"dateModified\":\"2025-10-18T08:16:20+00:00\",\"description\":\"Bahis miktar\u0131n\u0131 art\u0131rmaya haz\u0131r m\u0131s\u0131n\u0131z? Aviator oynamak i\u00e7in 888Starz'dan \u00f6zel bir bonus sizi bekliyor! Pazartesi g\u00fcnleri para yat\u0131r\u0131n ve 50'ye kadar \u00fccretsiz d\u00f6n\u00fc\u015f kazan\u0131n! Risksiz oynayarak kazanma \u015fans\u0131n\u0131 ka\u00e7\u0131rmay\u0131n.\",\"breadcrumb\":{\"@id\":\"https:\\\/\\\/888starz.tips\\\/tr\\\/bonus\\\/aviator\\\/#breadcrumb\"},\"inLanguage\":\"tr\",\"potentialAction\":[{\"@type\":\"ReadAction\",\"target\":[\"https:\\\/\\\/888starz.tips\\\/tr\\\/bonus\\\/aviator\\\/\"]}]},{\"@type\":\"BreadcrumbList\",\"@id\":\"https:\\\/\\\/888starz.tips\\\/tr\\\/bonus\\\/aviator\\\/#breadcrumb\",\"itemListElement\":[{\"@type\":\"ListItem\",\"position\":1,\"name\":\"Home\",\"item\":\"https:\\\/\\\/888starz.tips\\\/tr\\\/\"},{\"@type\":\"ListItem\",\"position\":2,\"name\":\"Bonus\",\"item\":\"https:\\\/\\\/888starz.tips\\\/tr\\\/bonus\\\/\"},{\"@type\":\"ListItem\",\"position\":3,\"name\":\"Havac\u0131\"}]},{\"@type\":\"WebSite\",\"@id\":\"https:\\\/\\\/888starz.tips\\\/tr\\\/#website\",\"url\":\"https:\\\/\\\/888starz.tips\\\/tr\\\/\",\"name\":\"888Starz Tips tr\",\"description\":\"My WordPress Blog\",\"potentialAction\":[{\"@type\":\"SearchAction\",\"target\":{\"@type\":\"EntryPoint\",\"urlTemplate\":\"https:\\\/\\\/888starz.tips\\\/tr\\\/?s={search_term_string}\"},\"query-input\":{\"@type\":\"PropertyValueSpecification\",\"valueRequired\":true,\"valueName\":\"search_term_string\"}}],\"inLanguage\":\"tr\"}]}<\/script>\n<!-- \/ Yoast SEO plugin. -->","yoast_head_json":{"title":"\u00d6zel 888Starz bonusu | Aviator oyna ve \u00fccretsiz ba\u015flang\u0131\u00e7lar yap!","description":"Bahis miktar\u0131n\u0131 art\u0131rmaya haz\u0131r m\u0131s\u0131n\u0131z? Aviator oynamak i\u00e7in 888Starz'dan \u00f6zel bir bonus sizi bekliyor! Pazartesi g\u00fcnleri para yat\u0131r\u0131n ve 50'ye kadar \u00fccretsiz d\u00f6n\u00fc\u015f kazan\u0131n! Risksiz oynayarak kazanma \u015fans\u0131n\u0131 ka\u00e7\u0131rmay\u0131n.","robots":{"index":"index","follow":"follow","max-snippet":"max-snippet:-1","max-image-preview":"max-image-preview:large","max-video-preview":"max-video-preview:-1"},"og_locale":"tr_TR","og_type":"article","og_title":"\u00d6zel 888Starz bonusu | Aviator oyna ve \u00fccretsiz ba\u015flang\u0131\u00e7lar yap!","og_description":"Bahis miktar\u0131n\u0131 art\u0131rmaya haz\u0131r m\u0131s\u0131n\u0131z? Aviator oynamak i\u00e7in 888Starz'dan \u00f6zel bir bonus sizi bekliyor! Pazartesi g\u00fcnleri para yat\u0131r\u0131n ve 50'ye kadar \u00fccretsiz d\u00f6n\u00fc\u015f kazan\u0131n! Risksiz oynayarak kazanma \u015fans\u0131n\u0131 ka\u00e7\u0131rmay\u0131n.","og_url":"https:\/\/888starz.tips\/tr\/bonus\/aviator\/","og_site_name":"888Starz Tips tr","article_modified_time":"2025-10-18T08:16:20+00:00","twitter_card":"summary_large_image","schema":{"@context":"https:\/\/schema.org","@graph":[{"@type":"WebPage","@id":"https:\/\/888starz.tips\/tr\/bonus\/aviator\/","url":"https:\/\/888starz.tips\/tr\/bonus\/aviator\/","name":"\u00d6zel 888Starz bonusu | Aviator oyna ve \u00fccretsiz ba\u015flang\u0131\u00e7lar yap!","isPartOf":{"@id":"https:\/\/888starz.tips\/tr\/#website"},"datePublished":"2025-06-18T07:09:49+00:00","dateModified":"2025-10-18T08:16:20+00:00","description":"Bahis miktar\u0131n\u0131 art\u0131rmaya haz\u0131r m\u0131s\u0131n\u0131z? Aviator oynamak i\u00e7in 888Starz'dan \u00f6zel bir bonus sizi bekliyor! Pazartesi g\u00fcnleri para yat\u0131r\u0131n ve 50'ye kadar \u00fccretsiz d\u00f6n\u00fc\u015f kazan\u0131n! Risksiz oynayarak kazanma \u015fans\u0131n\u0131 ka\u00e7\u0131rmay\u0131n.","breadcrumb":{"@id":"https:\/\/888starz.tips\/tr\/bonus\/aviator\/#breadcrumb"},"inLanguage":"tr","potentialAction":[{"@type":"ReadAction","target":["https:\/\/888starz.tips\/tr\/bonus\/aviator\/"]}]},{"@type":"BreadcrumbList","@id":"https:\/\/888starz.tips\/tr\/bonus\/aviator\/#breadcrumb","itemListElement":[{"@type":"ListItem","position":1,"name":"Home","item":"https:\/\/888starz.tips\/tr\/"},{"@type":"ListItem","position":2,"name":"Bonus","item":"https:\/\/888starz.tips\/tr\/bonus\/"},{"@type":"ListItem","position":3,"name":"Havac\u0131"}]},{"@type":"WebSite","@id":"https:\/\/888starz.tips\/tr\/#website","url":"https:\/\/888starz.tips\/tr\/","name":"888Starz Tips tr","description":"My WordPress Blog","potentialAction":[{"@type":"SearchAction","target":{"@type":"EntryPoint","urlTemplate":"https:\/\/888starz.tips\/tr\/?s={search_term_string}"},"query-input":{"@type":"PropertyValueSpecification","valueRequired":true,"valueName":"search_term_string"}}],"inLanguage":"tr"}]}},"_links":{"self":[{"href":"https:\/\/888starz.tips\/tr\/wp-json\/wp\/v2\/pages\/535","targetHints":{"allow":["GET"]}}],"collection":[{"href":"https:\/\/888starz.tips\/tr\/wp-json\/wp\/v2\/pages"}],"about":[{"href":"https:\/\/888starz.tips\/tr\/wp-json\/wp\/v2\/types\/page"}],"author":[{"embeddable":true,"href":"https:\/\/888starz.tips\/tr\/wp-json\/wp\/v2\/users\/1"}],"replies":[{"embeddable":true,"href":"https:\/\/888starz.tips\/tr\/wp-json\/wp\/v2\/comments?post=535"}],"version-history":[{"count":4,"href":"https:\/\/888starz.tips\/tr\/wp-json\/wp\/v2\/pages\/535\/revisions"}],"predecessor-version":[{"id":641,"href":"https:\/\/888starz.tips\/tr\/wp-json\/wp\/v2\/pages\/535\/revisions\/641"}],"up":[{"embeddable":true,"href":"https:\/\/888starz.tips\/tr\/wp-json\/wp\/v2\/pages\/152"}],"wp:attachment":[{"href":"https:\/\/888starz.tips\/tr\/wp-json\/wp\/v2\/media?parent=535"}],"curies":[{"name":"wp","href":"https:\/\/api.w.org\/{rel}","templated":true}]}}