{"id":152,"date":"2023-05-18T17:39:43","date_gmt":"2023-05-18T17:39:43","guid":{"rendered":"https:\/\/888starz.tips\/vi\/?page_id=152"},"modified":"2025-03-23T12:15:55","modified_gmt":"2025-03-23T12:15:55","slug":"bonus","status":"publish","type":"page","link":"https:\/\/888starz.tips\/vi\/bonus\/","title":{"rendered":"Th\u01b0\u1edfng"},"content":{"rendered":"","protected":false},"excerpt":{"rendered":"","protected":false},"author":1,"featured_media":0,"parent":0,"menu_order":0,"comment_status":"closed","ping_status":"closed","template":"","meta":{"footnotes":""},"class_list":["post-152","page","type-page","status-publish","hentry"],"yoast_head":"<!-- This site is optimized with the Yoast SEO plugin v27.4 - https:\/\/yoast.com\/product\/yoast-seo-wordpress\/ -->\n<title>Ti\u1ec1n th\u01b0\u1edfng 888Starz: L\u00ean \u0111\u1ebfn 13.000.000 VND. \u01afu \u0111\u00e3i ch\u00e0o m\u1eebng + V\u00f2ng quay mi\u1ec5n ph\u00ed<\/title>\n<meta name=\"description\" content=\"\u0110\u1eebng b\u1ecf l\u1ee1 c\u01a1 h\u1ed9i \u0111\u1ec3 nh\u1eadn \u0111\u01b0\u1ee3c s\u1ef1 h\u00e0o ph\u00f3ng c\u1ee7a 888Starz! Nh\u1eadn ti\u1ec1n th\u01b0\u1edfng 100% cho kho\u1ea3n ti\u1ec1n g\u1eedi \u0111\u1ea7u ti\u00ean c\u1ee7a b\u1ea1n v\u00e0 kh\u00e1m ph\u00e1 ch\u01b0\u01a1ng tr\u00ecnh khuy\u1ebfn m\u00e3i \u0111\u1eb7c bi\u1ec7t n\u0103m 2025. C\u01b0\u1ee3c mi\u1ec5n ph\u00ed \u0111\u1ed9c quy\u1ec1n v\u00e0 ho\u00e0n ti\u1ec1n m\u1ed7i tu\u1ea7n \u0111ang ch\u1edd b\u1ea1n!\" \/>\n<meta name=\"robots\" content=\"index, follow, max-snippet:-1, max-image-preview:large, max-video-preview:-1\" \/>\n<meta property=\"og:locale\" content=\"vi_VN\" \/>\n<meta property=\"og:type\" content=\"article\" \/>\n<meta property=\"og:title\" content=\"Ti\u1ec1n th\u01b0\u1edfng 888Starz: L\u00ean \u0111\u1ebfn 13.000.000 VND. \u01afu \u0111\u00e3i ch\u00e0o m\u1eebng + V\u00f2ng quay mi\u1ec5n ph\u00ed\" \/>\n<meta property=\"og:description\" content=\"\u0110\u1eebng b\u1ecf l\u1ee1 c\u01a1 h\u1ed9i \u0111\u1ec3 nh\u1eadn \u0111\u01b0\u1ee3c s\u1ef1 h\u00e0o ph\u00f3ng c\u1ee7a 888Starz! Nh\u1eadn ti\u1ec1n th\u01b0\u1edfng 100% cho kho\u1ea3n ti\u1ec1n g\u1eedi \u0111\u1ea7u ti\u00ean c\u1ee7a b\u1ea1n v\u00e0 kh\u00e1m ph\u00e1 ch\u01b0\u01a1ng tr\u00ecnh khuy\u1ebfn m\u00e3i \u0111\u1eb7c bi\u1ec7t n\u0103m 2025. C\u01b0\u1ee3c mi\u1ec5n ph\u00ed \u0111\u1ed9c quy\u1ec1n v\u00e0 ho\u00e0n ti\u1ec1n m\u1ed7i tu\u1ea7n \u0111ang ch\u1edd b\u1ea1n!\" \/>\n<meta property=\"og:url\" content=\"https:\/\/888starz.tips\/vi\/bonus\/\" \/>\n<meta property=\"og:site_name\" content=\"888starz Tips vi\" \/>\n<meta property=\"article:modified_time\" content=\"2025-03-23T12:15:55+00:00\" \/>\n<meta name=\"twitter:card\" content=\"summary_large_image\" \/>\n<script type=\"application\/ld+json\" class=\"yoast-schema-graph\">{\"@context\":\"https:\\\/\\\/schema.org\",\"@graph\":[{\"@type\":\"WebPage\",\"@id\":\"https:\\\/\\\/888starz.tips\\\/vi\\\/bonus\\\/\",\"url\":\"https:\\\/\\\/888starz.tips\\\/vi\\\/bonus\\\/\",\"name\":\"Ti\u1ec1n th\u01b0\u1edfng 888Starz: L\u00ean \u0111\u1ebfn 13.000.000 VND. \u01afu \u0111\u00e3i ch\u00e0o m\u1eebng + V\u00f2ng quay mi\u1ec5n ph\u00ed\",\"isPartOf\":{\"@id\":\"https:\\\/\\\/888starz.tips\\\/vi\\\/#website\"},\"datePublished\":\"2023-05-18T17:39:43+00:00\",\"dateModified\":\"2025-03-23T12:15:55+00:00\",\"description\":\"\u0110\u1eebng b\u1ecf l\u1ee1 c\u01a1 h\u1ed9i \u0111\u1ec3 nh\u1eadn \u0111\u01b0\u1ee3c s\u1ef1 h\u00e0o ph\u00f3ng c\u1ee7a 888Starz! Nh\u1eadn ti\u1ec1n th\u01b0\u1edfng 100% cho kho\u1ea3n ti\u1ec1n g\u1eedi \u0111\u1ea7u ti\u00ean c\u1ee7a b\u1ea1n v\u00e0 kh\u00e1m ph\u00e1 ch\u01b0\u01a1ng tr\u00ecnh khuy\u1ebfn m\u00e3i \u0111\u1eb7c bi\u1ec7t n\u0103m 2025. C\u01b0\u1ee3c mi\u1ec5n ph\u00ed \u0111\u1ed9c quy\u1ec1n v\u00e0 ho\u00e0n ti\u1ec1n m\u1ed7i tu\u1ea7n \u0111ang ch\u1edd b\u1ea1n!\",\"breadcrumb\":{\"@id\":\"https:\\\/\\\/888starz.tips\\\/vi\\\/bonus\\\/#breadcrumb\"},\"inLanguage\":\"vi\",\"potentialAction\":[{\"@type\":\"ReadAction\",\"target\":[\"https:\\\/\\\/888starz.tips\\\/vi\\\/bonus\\\/\"]}]},{\"@type\":\"BreadcrumbList\",\"@id\":\"https:\\\/\\\/888starz.tips\\\/vi\\\/bonus\\\/#breadcrumb\",\"itemListElement\":[{\"@type\":\"ListItem\",\"position\":1,\"name\":\"Home\",\"item\":\"https:\\\/\\\/888starz.tips\\\/vi\\\/\"},{\"@type\":\"ListItem\",\"position\":2,\"name\":\"Th\u01b0\u1edfng\"}]},{\"@type\":\"WebSite\",\"@id\":\"https:\\\/\\\/888starz.tips\\\/vi\\\/#website\",\"url\":\"https:\\\/\\\/888starz.tips\\\/vi\\\/\",\"name\":\"888starz Tips vi\",\"description\":\"My WordPress Blog\",\"potentialAction\":[{\"@type\":\"SearchAction\",\"target\":{\"@type\":\"EntryPoint\",\"urlTemplate\":\"https:\\\/\\\/888starz.tips\\\/vi\\\/?s={search_term_string}\"},\"query-input\":{\"@type\":\"PropertyValueSpecification\",\"valueRequired\":true,\"valueName\":\"search_term_string\"}}],\"inLanguage\":\"vi\"}]}<\/script>\n<!-- \/ Yoast SEO plugin. -->","yoast_head_json":{"title":"Ti\u1ec1n th\u01b0\u1edfng 888Starz: L\u00ean \u0111\u1ebfn 13.000.000 VND. \u01afu \u0111\u00e3i ch\u00e0o m\u1eebng + V\u00f2ng quay mi\u1ec5n ph\u00ed","description":"\u0110\u1eebng b\u1ecf l\u1ee1 c\u01a1 h\u1ed9i \u0111\u1ec3 nh\u1eadn \u0111\u01b0\u1ee3c s\u1ef1 h\u00e0o ph\u00f3ng c\u1ee7a 888Starz! Nh\u1eadn ti\u1ec1n th\u01b0\u1edfng 100% cho kho\u1ea3n ti\u1ec1n g\u1eedi \u0111\u1ea7u ti\u00ean c\u1ee7a b\u1ea1n v\u00e0 kh\u00e1m ph\u00e1 ch\u01b0\u01a1ng tr\u00ecnh khuy\u1ebfn m\u00e3i \u0111\u1eb7c bi\u1ec7t n\u0103m 2025. C\u01b0\u1ee3c mi\u1ec5n ph\u00ed \u0111\u1ed9c quy\u1ec1n v\u00e0 ho\u00e0n ti\u1ec1n m\u1ed7i tu\u1ea7n \u0111ang ch\u1edd b\u1ea1n!","robots":{"index":"index","follow":"follow","max-snippet":"max-snippet:-1","max-image-preview":"max-image-preview:large","max-video-preview":"max-video-preview:-1"},"og_locale":"vi_VN","og_type":"article","og_title":"Ti\u1ec1n th\u01b0\u1edfng 888Starz: L\u00ean \u0111\u1ebfn 13.000.000 VND. \u01afu \u0111\u00e3i ch\u00e0o m\u1eebng + V\u00f2ng quay mi\u1ec5n ph\u00ed","og_description":"\u0110\u1eebng b\u1ecf l\u1ee1 c\u01a1 h\u1ed9i \u0111\u1ec3 nh\u1eadn \u0111\u01b0\u1ee3c s\u1ef1 h\u00e0o ph\u00f3ng c\u1ee7a 888Starz! Nh\u1eadn ti\u1ec1n th\u01b0\u1edfng 100% cho kho\u1ea3n ti\u1ec1n g\u1eedi \u0111\u1ea7u ti\u00ean c\u1ee7a b\u1ea1n v\u00e0 kh\u00e1m ph\u00e1 ch\u01b0\u01a1ng tr\u00ecnh khuy\u1ebfn m\u00e3i \u0111\u1eb7c bi\u1ec7t n\u0103m 2025. C\u01b0\u1ee3c mi\u1ec5n ph\u00ed \u0111\u1ed9c quy\u1ec1n v\u00e0 ho\u00e0n ti\u1ec1n m\u1ed7i tu\u1ea7n \u0111ang ch\u1edd b\u1ea1n!","og_url":"https:\/\/888starz.tips\/vi\/bonus\/","og_site_name":"888starz Tips vi","article_modified_time":"2025-03-23T12:15:55+00:00","twitter_card":"summary_large_image","schema":{"@context":"https:\/\/schema.org","@graph":[{"@type":"WebPage","@id":"https:\/\/888starz.tips\/vi\/bonus\/","url":"https:\/\/888starz.tips\/vi\/bonus\/","name":"Ti\u1ec1n th\u01b0\u1edfng 888Starz: L\u00ean \u0111\u1ebfn 13.000.000 VND. \u01afu \u0111\u00e3i ch\u00e0o m\u1eebng + V\u00f2ng quay mi\u1ec5n ph\u00ed","isPartOf":{"@id":"https:\/\/888starz.tips\/vi\/#website"},"datePublished":"2023-05-18T17:39:43+00:00","dateModified":"2025-03-23T12:15:55+00:00","description":"\u0110\u1eebng b\u1ecf l\u1ee1 c\u01a1 h\u1ed9i \u0111\u1ec3 nh\u1eadn \u0111\u01b0\u1ee3c s\u1ef1 h\u00e0o ph\u00f3ng c\u1ee7a 888Starz! Nh\u1eadn ti\u1ec1n th\u01b0\u1edfng 100% cho kho\u1ea3n ti\u1ec1n g\u1eedi \u0111\u1ea7u ti\u00ean c\u1ee7a b\u1ea1n v\u00e0 kh\u00e1m ph\u00e1 ch\u01b0\u01a1ng tr\u00ecnh khuy\u1ebfn m\u00e3i \u0111\u1eb7c bi\u1ec7t n\u0103m 2025. C\u01b0\u1ee3c mi\u1ec5n ph\u00ed \u0111\u1ed9c quy\u1ec1n v\u00e0 ho\u00e0n ti\u1ec1n m\u1ed7i tu\u1ea7n \u0111ang ch\u1edd b\u1ea1n!","breadcrumb":{"@id":"https:\/\/888starz.tips\/vi\/bonus\/#breadcrumb"},"inLanguage":"vi","potentialAction":[{"@type":"ReadAction","target":["https:\/\/888starz.tips\/vi\/bonus\/"]}]},{"@type":"BreadcrumbList","@id":"https:\/\/888starz.tips\/vi\/bonus\/#breadcrumb","itemListElement":[{"@type":"ListItem","position":1,"name":"Home","item":"https:\/\/888starz.tips\/vi\/"},{"@type":"ListItem","position":2,"name":"Th\u01b0\u1edfng"}]},{"@type":"WebSite","@id":"https:\/\/888starz.tips\/vi\/#website","url":"https:\/\/888starz.tips\/vi\/","name":"888starz Tips vi","description":"My WordPress Blog","potentialAction":[{"@type":"SearchAction","target":{"@type":"EntryPoint","urlTemplate":"https:\/\/888starz.tips\/vi\/?s={search_term_string}"},"query-input":{"@type":"PropertyValueSpecification","valueRequired":true,"valueName":"search_term_string"}}],"inLanguage":"vi"}]}},"_links":{"self":[{"href":"https:\/\/888starz.tips\/vi\/wp-json\/wp\/v2\/pages\/152","targetHints":{"allow":["GET"]}}],"collection":[{"href":"https:\/\/888starz.tips\/vi\/wp-json\/wp\/v2\/pages"}],"about":[{"href":"https:\/\/888starz.tips\/vi\/wp-json\/wp\/v2\/types\/page"}],"author":[{"embeddable":true,"href":"https:\/\/888starz.tips\/vi\/wp-json\/wp\/v2\/users\/1"}],"replies":[{"embeddable":true,"href":"https:\/\/888starz.tips\/vi\/wp-json\/wp\/v2\/comments?post=152"}],"version-history":[{"count":10,"href":"https:\/\/888starz.tips\/vi\/wp-json\/wp\/v2\/pages\/152\/revisions"}],"predecessor-version":[{"id":517,"href":"https:\/\/888starz.tips\/vi\/wp-json\/wp\/v2\/pages\/152\/revisions\/517"}],"wp:attachment":[{"href":"https:\/\/888starz.tips\/vi\/wp-json\/wp\/v2\/media?parent=152"}],"curies":[{"name":"wp","href":"https:\/\/api.w.org\/{rel}","templated":true}]}}