{"id":2,"date":"2023-05-18T17:18:34","date_gmt":"2023-05-18T17:18:34","guid":{"rendered":"https:\/\/888starz.tips\/vi\/?page_id=2"},"modified":"2025-10-17T13:26:28","modified_gmt":"2025-10-17T13:26:28","slug":"sample-page","status":"publish","type":"page","link":"https:\/\/888starz.tips\/vi\/","title":{"rendered":"Trang ch\u1ee7"},"content":{"rendered":"","protected":false},"excerpt":{"rendered":"","protected":false},"author":1,"featured_media":0,"parent":0,"menu_order":0,"comment_status":"closed","ping_status":"open","template":"","meta":{"footnotes":""},"class_list":["post-2","page","type-page","status-publish","hentry"],"yoast_head":"<!-- This site is optimized with the Yoast SEO plugin v27.4 - https:\/\/yoast.com\/product\/yoast-seo-wordpress\/ -->\n<title>888Starz C\u00e1 c\u01b0\u1ee3c th\u1ec3 thao v\u00e0 S\u00f2ng b\u1ea1c tr\u1ef1c tuy\u1ebfn \u2714\ufe0f \u0110\u0103ng k\u00fd<\/title>\n<meta name=\"description\" content=\"888Starz l\u00e0 m\u1ed9t th\u01b0\u01a1ng hi\u1ec7u qu\u1ed1c t\u1ebf h\u00e0ng \u0111\u1ea7u cung c\u1ea5p tr\u00f2 ch\u01a1i c\u00e1 c\u01b0\u1ee3c th\u1ec3 thao v\u00e0 s\u00f2ng b\u1ea1c Blockchain h\u00e0ng \u0111\u1ea7u \ud83d\uddf8 Trang web c\u00e1 c\u01b0\u1ee3c ch\u00ednh th\u1ee9c c\u1ee7a 888Starz\" \/>\n<meta name=\"robots\" content=\"index, follow, max-snippet:-1, max-image-preview:large, max-video-preview:-1\" \/>\n<meta property=\"og:locale\" content=\"vi_VN\" \/>\n<meta property=\"og:type\" content=\"article\" \/>\n<meta property=\"og:title\" content=\"888Starz C\u00e1 c\u01b0\u1ee3c th\u1ec3 thao v\u00e0 S\u00f2ng b\u1ea1c tr\u1ef1c tuy\u1ebfn \u2714\ufe0f \u0110\u0103ng k\u00fd\" \/>\n<meta property=\"og:description\" content=\"888Starz l\u00e0 m\u1ed9t th\u01b0\u01a1ng hi\u1ec7u qu\u1ed1c t\u1ebf h\u00e0ng \u0111\u1ea7u cung c\u1ea5p tr\u00f2 ch\u01a1i c\u00e1 c\u01b0\u1ee3c th\u1ec3 thao v\u00e0 s\u00f2ng b\u1ea1c Blockchain h\u00e0ng \u0111\u1ea7u \ud83d\uddf8 Trang web c\u00e1 c\u01b0\u1ee3c ch\u00ednh th\u1ee9c c\u1ee7a 888Starz\" \/>\n<meta property=\"og:url\" content=\"https:\/\/888starz.tips\/vi\/\" \/>\n<meta property=\"og:site_name\" content=\"888starz Tips vi\" \/>\n<meta property=\"article:modified_time\" content=\"2025-10-17T13:26:28+00:00\" \/>\n<meta name=\"twitter:card\" content=\"summary_large_image\" \/>\n<script type=\"application\/ld+json\" class=\"yoast-schema-graph\">{\"@context\":\"https:\\\/\\\/schema.org\",\"@graph\":[{\"@type\":\"WebPage\",\"@id\":\"https:\\\/\\\/888starz.tips\\\/vi\\\/\",\"url\":\"https:\\\/\\\/888starz.tips\\\/vi\\\/\",\"name\":\"888Starz C\u00e1 c\u01b0\u1ee3c th\u1ec3 thao v\u00e0 S\u00f2ng b\u1ea1c tr\u1ef1c tuy\u1ebfn \u2714\ufe0f \u0110\u0103ng k\u00fd\",\"isPartOf\":{\"@id\":\"https:\\\/\\\/888starz.tips\\\/vi\\\/#website\"},\"datePublished\":\"2023-05-18T17:18:34+00:00\",\"dateModified\":\"2025-10-17T13:26:28+00:00\",\"description\":\"888Starz l\u00e0 m\u1ed9t th\u01b0\u01a1ng hi\u1ec7u qu\u1ed1c t\u1ebf h\u00e0ng \u0111\u1ea7u cung c\u1ea5p tr\u00f2 ch\u01a1i c\u00e1 c\u01b0\u1ee3c th\u1ec3 thao v\u00e0 s\u00f2ng b\u1ea1c Blockchain h\u00e0ng \u0111\u1ea7u \ud83d\uddf8 Trang web c\u00e1 c\u01b0\u1ee3c ch\u00ednh th\u1ee9c c\u1ee7a 888Starz\",\"breadcrumb\":{\"@id\":\"https:\\\/\\\/888starz.tips\\\/vi\\\/#breadcrumb\"},\"inLanguage\":\"vi\",\"potentialAction\":[{\"@type\":\"ReadAction\",\"target\":[\"https:\\\/\\\/888starz.tips\\\/vi\\\/\"]}]},{\"@type\":\"BreadcrumbList\",\"@id\":\"https:\\\/\\\/888starz.tips\\\/vi\\\/#breadcrumb\",\"itemListElement\":[{\"@type\":\"ListItem\",\"position\":1,\"name\":\"Home\",\"item\":\"https:\\\/\\\/888starz.tips\\\/vi\\\/\"},{\"@type\":\"ListItem\",\"position\":2,\"name\":\"Trang ch\u1ee7\"}]},{\"@type\":\"WebSite\",\"@id\":\"https:\\\/\\\/888starz.tips\\\/vi\\\/#website\",\"url\":\"https:\\\/\\\/888starz.tips\\\/vi\\\/\",\"name\":\"888starz Tips vi\",\"description\":\"My WordPress Blog\",\"potentialAction\":[{\"@type\":\"SearchAction\",\"target\":{\"@type\":\"EntryPoint\",\"urlTemplate\":\"https:\\\/\\\/888starz.tips\\\/vi\\\/?s={search_term_string}\"},\"query-input\":{\"@type\":\"PropertyValueSpecification\",\"valueRequired\":true,\"valueName\":\"search_term_string\"}}],\"inLanguage\":\"vi\"}]}<\/script>\n<!-- \/ Yoast SEO plugin. -->","yoast_head_json":{"title":"888Starz C\u00e1 c\u01b0\u1ee3c th\u1ec3 thao v\u00e0 S\u00f2ng b\u1ea1c tr\u1ef1c tuy\u1ebfn \u2714\ufe0f \u0110\u0103ng k\u00fd","description":"888Starz l\u00e0 m\u1ed9t th\u01b0\u01a1ng hi\u1ec7u qu\u1ed1c t\u1ebf h\u00e0ng \u0111\u1ea7u cung c\u1ea5p tr\u00f2 ch\u01a1i c\u00e1 c\u01b0\u1ee3c th\u1ec3 thao v\u00e0 s\u00f2ng b\u1ea1c Blockchain h\u00e0ng \u0111\u1ea7u \ud83d\uddf8 Trang web c\u00e1 c\u01b0\u1ee3c ch\u00ednh th\u1ee9c c\u1ee7a 888Starz","robots":{"index":"index","follow":"follow","max-snippet":"max-snippet:-1","max-image-preview":"max-image-preview:large","max-video-preview":"max-video-preview:-1"},"og_locale":"vi_VN","og_type":"article","og_title":"888Starz C\u00e1 c\u01b0\u1ee3c th\u1ec3 thao v\u00e0 S\u00f2ng b\u1ea1c tr\u1ef1c tuy\u1ebfn \u2714\ufe0f \u0110\u0103ng k\u00fd","og_description":"888Starz l\u00e0 m\u1ed9t th\u01b0\u01a1ng hi\u1ec7u qu\u1ed1c t\u1ebf h\u00e0ng \u0111\u1ea7u cung c\u1ea5p tr\u00f2 ch\u01a1i c\u00e1 c\u01b0\u1ee3c th\u1ec3 thao v\u00e0 s\u00f2ng b\u1ea1c Blockchain h\u00e0ng \u0111\u1ea7u \ud83d\uddf8 Trang web c\u00e1 c\u01b0\u1ee3c ch\u00ednh th\u1ee9c c\u1ee7a 888Starz","og_url":"https:\/\/888starz.tips\/vi\/","og_site_name":"888starz Tips vi","article_modified_time":"2025-10-17T13:26:28+00:00","twitter_card":"summary_large_image","schema":{"@context":"https:\/\/schema.org","@graph":[{"@type":"WebPage","@id":"https:\/\/888starz.tips\/vi\/","url":"https:\/\/888starz.tips\/vi\/","name":"888Starz C\u00e1 c\u01b0\u1ee3c th\u1ec3 thao v\u00e0 S\u00f2ng b\u1ea1c tr\u1ef1c tuy\u1ebfn \u2714\ufe0f \u0110\u0103ng k\u00fd","isPartOf":{"@id":"https:\/\/888starz.tips\/vi\/#website"},"datePublished":"2023-05-18T17:18:34+00:00","dateModified":"2025-10-17T13:26:28+00:00","description":"888Starz l\u00e0 m\u1ed9t th\u01b0\u01a1ng hi\u1ec7u qu\u1ed1c t\u1ebf h\u00e0ng \u0111\u1ea7u cung c\u1ea5p tr\u00f2 ch\u01a1i c\u00e1 c\u01b0\u1ee3c th\u1ec3 thao v\u00e0 s\u00f2ng b\u1ea1c Blockchain h\u00e0ng \u0111\u1ea7u \ud83d\uddf8 Trang web c\u00e1 c\u01b0\u1ee3c ch\u00ednh th\u1ee9c c\u1ee7a 888Starz","breadcrumb":{"@id":"https:\/\/888starz.tips\/vi\/#breadcrumb"},"inLanguage":"vi","potentialAction":[{"@type":"ReadAction","target":["https:\/\/888starz.tips\/vi\/"]}]},{"@type":"BreadcrumbList","@id":"https:\/\/888starz.tips\/vi\/#breadcrumb","itemListElement":[{"@type":"ListItem","position":1,"name":"Home","item":"https:\/\/888starz.tips\/vi\/"},{"@type":"ListItem","position":2,"name":"Trang ch\u1ee7"}]},{"@type":"WebSite","@id":"https:\/\/888starz.tips\/vi\/#website","url":"https:\/\/888starz.tips\/vi\/","name":"888starz Tips vi","description":"My WordPress Blog","potentialAction":[{"@type":"SearchAction","target":{"@type":"EntryPoint","urlTemplate":"https:\/\/888starz.tips\/vi\/?s={search_term_string}"},"query-input":{"@type":"PropertyValueSpecification","valueRequired":true,"valueName":"search_term_string"}}],"inLanguage":"vi"}]}},"_links":{"self":[{"href":"https:\/\/888starz.tips\/vi\/wp-json\/wp\/v2\/pages\/2","targetHints":{"allow":["GET"]}}],"collection":[{"href":"https:\/\/888starz.tips\/vi\/wp-json\/wp\/v2\/pages"}],"about":[{"href":"https:\/\/888starz.tips\/vi\/wp-json\/wp\/v2\/types\/page"}],"author":[{"embeddable":true,"href":"https:\/\/888starz.tips\/vi\/wp-json\/wp\/v2\/users\/1"}],"replies":[{"embeddable":true,"href":"https:\/\/888starz.tips\/vi\/wp-json\/wp\/v2\/comments?post=2"}],"version-history":[{"count":87,"href":"https:\/\/888starz.tips\/vi\/wp-json\/wp\/v2\/pages\/2\/revisions"}],"predecessor-version":[{"id":534,"href":"https:\/\/888starz.tips\/vi\/wp-json\/wp\/v2\/pages\/2\/revisions\/534"}],"wp:attachment":[{"href":"https:\/\/888starz.tips\/vi\/wp-json\/wp\/v2\/media?parent=2"}],"curies":[{"name":"wp","href":"https:\/\/api.w.org\/{rel}","templated":true}]}}