{"id":223,"date":"2024-05-02T13:35:53","date_gmt":"2024-05-02T13:35:53","guid":{"rendered":"https:\/\/888starz.tips\/vi\/?page_id=223"},"modified":"2025-03-23T11:28:30","modified_gmt":"2025-03-23T11:28:30","slug":"app","status":"publish","type":"page","link":"https:\/\/888starz.tips\/vi\/app\/","title":{"rendered":"\u1ee8ng d\u1ee5ng"},"content":{"rendered":"","protected":false},"excerpt":{"rendered":"","protected":false},"author":1,"featured_media":0,"parent":0,"menu_order":0,"comment_status":"closed","ping_status":"closed","template":"","meta":{"footnotes":""},"class_list":["post-223","page","type-page","status-publish","hentry"],"yoast_head":"<!-- This site is optimized with the Yoast SEO plugin v27.4 - https:\/\/yoast.com\/product\/yoast-seo-wordpress\/ -->\n<title>T\u1ea3i xu\u1ed1ng \u1ee9ng d\u1ee5ng 888Starz \u2728 \u0110\u1eb7t c\u01b0\u1ee3c tr\u00ean thi\u1ebft b\u1ecb di \u0111\u1ed9ng<\/title>\n<meta name=\"description\" content=\"C\u00e1ch c\u00e0i \u0111\u1eb7t \u1ee9ng d\u1ee5ng 888Starz cho Android v\u00e0 iOS \ud83d\uddf8 \u1ee8ng d\u1ee5ng 888Starz l\u00e0 \u1ee9ng d\u1ee5ng di \u0111\u1ed9ng c\u00e1 c\u01b0\u1ee3c th\u1ec3 thao v\u00e0 s\u00f2ng b\u1ea1c tr\u1ef1c tuy\u1ebfn ch\u00ednh th\u1ee9c c\u00f3 th\u1ec3 t\u1ea3i xu\u1ed1ng mi\u1ec5n ph\u00ed t\u1eeb trang web c\u1ee7a ch\u00fang t\u00f4i\" \/>\n<meta name=\"robots\" content=\"index, follow, max-snippet:-1, max-image-preview:large, max-video-preview:-1\" \/>\n<meta property=\"og:locale\" content=\"vi_VN\" \/>\n<meta property=\"og:type\" content=\"article\" \/>\n<meta property=\"og:title\" content=\"T\u1ea3i xu\u1ed1ng \u1ee9ng d\u1ee5ng 888Starz \u2728 \u0110\u1eb7t c\u01b0\u1ee3c tr\u00ean thi\u1ebft b\u1ecb di \u0111\u1ed9ng\" \/>\n<meta property=\"og:description\" content=\"C\u00e1ch c\u00e0i \u0111\u1eb7t \u1ee9ng d\u1ee5ng 888Starz cho Android v\u00e0 iOS \ud83d\uddf8 \u1ee8ng d\u1ee5ng 888Starz l\u00e0 \u1ee9ng d\u1ee5ng di \u0111\u1ed9ng c\u00e1 c\u01b0\u1ee3c th\u1ec3 thao v\u00e0 s\u00f2ng b\u1ea1c tr\u1ef1c tuy\u1ebfn ch\u00ednh th\u1ee9c c\u00f3 th\u1ec3 t\u1ea3i xu\u1ed1ng mi\u1ec5n ph\u00ed t\u1eeb trang web c\u1ee7a ch\u00fang t\u00f4i\" \/>\n<meta property=\"og:url\" content=\"https:\/\/888starz.tips\/vi\/app\/\" \/>\n<meta property=\"og:site_name\" content=\"888starz Tips vi\" \/>\n<meta property=\"article:modified_time\" content=\"2025-03-23T11:28:30+00:00\" \/>\n<meta name=\"twitter:card\" content=\"summary_large_image\" \/>\n<script type=\"application\/ld+json\" class=\"yoast-schema-graph\">{\"@context\":\"https:\\\/\\\/schema.org\",\"@graph\":[{\"@type\":\"WebPage\",\"@id\":\"https:\\\/\\\/888starz.tips\\\/vi\\\/app\\\/\",\"url\":\"https:\\\/\\\/888starz.tips\\\/vi\\\/app\\\/\",\"name\":\"T\u1ea3i xu\u1ed1ng \u1ee9ng d\u1ee5ng 888Starz \u2728 \u0110\u1eb7t c\u01b0\u1ee3c tr\u00ean thi\u1ebft b\u1ecb di \u0111\u1ed9ng\",\"isPartOf\":{\"@id\":\"https:\\\/\\\/888starz.tips\\\/vi\\\/#website\"},\"datePublished\":\"2024-05-02T13:35:53+00:00\",\"dateModified\":\"2025-03-23T11:28:30+00:00\",\"description\":\"C\u00e1ch c\u00e0i \u0111\u1eb7t \u1ee9ng d\u1ee5ng 888Starz cho Android v\u00e0 iOS \ud83d\uddf8 \u1ee8ng d\u1ee5ng 888Starz l\u00e0 \u1ee9ng d\u1ee5ng di \u0111\u1ed9ng c\u00e1 c\u01b0\u1ee3c th\u1ec3 thao v\u00e0 s\u00f2ng b\u1ea1c tr\u1ef1c tuy\u1ebfn ch\u00ednh th\u1ee9c c\u00f3 th\u1ec3 t\u1ea3i xu\u1ed1ng mi\u1ec5n ph\u00ed t\u1eeb trang web c\u1ee7a ch\u00fang t\u00f4i\",\"breadcrumb\":{\"@id\":\"https:\\\/\\\/888starz.tips\\\/vi\\\/app\\\/#breadcrumb\"},\"inLanguage\":\"vi\",\"potentialAction\":[{\"@type\":\"ReadAction\",\"target\":[\"https:\\\/\\\/888starz.tips\\\/vi\\\/app\\\/\"]}]},{\"@type\":\"BreadcrumbList\",\"@id\":\"https:\\\/\\\/888starz.tips\\\/vi\\\/app\\\/#breadcrumb\",\"itemListElement\":[{\"@type\":\"ListItem\",\"position\":1,\"name\":\"Home\",\"item\":\"https:\\\/\\\/888starz.tips\\\/vi\\\/\"},{\"@type\":\"ListItem\",\"position\":2,\"name\":\"\u1ee8ng d\u1ee5ng\"}]},{\"@type\":\"WebSite\",\"@id\":\"https:\\\/\\\/888starz.tips\\\/vi\\\/#website\",\"url\":\"https:\\\/\\\/888starz.tips\\\/vi\\\/\",\"name\":\"888starz Tips vi\",\"description\":\"My WordPress Blog\",\"potentialAction\":[{\"@type\":\"SearchAction\",\"target\":{\"@type\":\"EntryPoint\",\"urlTemplate\":\"https:\\\/\\\/888starz.tips\\\/vi\\\/?s={search_term_string}\"},\"query-input\":{\"@type\":\"PropertyValueSpecification\",\"valueRequired\":true,\"valueName\":\"search_term_string\"}}],\"inLanguage\":\"vi\"}]}<\/script>\n<!-- \/ Yoast SEO plugin. -->","yoast_head_json":{"title":"T\u1ea3i xu\u1ed1ng \u1ee9ng d\u1ee5ng 888Starz \u2728 \u0110\u1eb7t c\u01b0\u1ee3c tr\u00ean thi\u1ebft b\u1ecb di \u0111\u1ed9ng","description":"C\u00e1ch c\u00e0i \u0111\u1eb7t \u1ee9ng d\u1ee5ng 888Starz cho Android v\u00e0 iOS \ud83d\uddf8 \u1ee8ng d\u1ee5ng 888Starz l\u00e0 \u1ee9ng d\u1ee5ng di \u0111\u1ed9ng c\u00e1 c\u01b0\u1ee3c th\u1ec3 thao v\u00e0 s\u00f2ng b\u1ea1c tr\u1ef1c tuy\u1ebfn ch\u00ednh th\u1ee9c c\u00f3 th\u1ec3 t\u1ea3i xu\u1ed1ng mi\u1ec5n ph\u00ed t\u1eeb trang web c\u1ee7a ch\u00fang t\u00f4i","robots":{"index":"index","follow":"follow","max-snippet":"max-snippet:-1","max-image-preview":"max-image-preview:large","max-video-preview":"max-video-preview:-1"},"og_locale":"vi_VN","og_type":"article","og_title":"T\u1ea3i xu\u1ed1ng \u1ee9ng d\u1ee5ng 888Starz \u2728 \u0110\u1eb7t c\u01b0\u1ee3c tr\u00ean thi\u1ebft b\u1ecb di \u0111\u1ed9ng","og_description":"C\u00e1ch c\u00e0i \u0111\u1eb7t \u1ee9ng d\u1ee5ng 888Starz cho Android v\u00e0 iOS \ud83d\uddf8 \u1ee8ng d\u1ee5ng 888Starz l\u00e0 \u1ee9ng d\u1ee5ng di \u0111\u1ed9ng c\u00e1 c\u01b0\u1ee3c th\u1ec3 thao v\u00e0 s\u00f2ng b\u1ea1c tr\u1ef1c tuy\u1ebfn ch\u00ednh th\u1ee9c c\u00f3 th\u1ec3 t\u1ea3i xu\u1ed1ng mi\u1ec5n ph\u00ed t\u1eeb trang web c\u1ee7a ch\u00fang t\u00f4i","og_url":"https:\/\/888starz.tips\/vi\/app\/","og_site_name":"888starz Tips vi","article_modified_time":"2025-03-23T11:28:30+00:00","twitter_card":"summary_large_image","schema":{"@context":"https:\/\/schema.org","@graph":[{"@type":"WebPage","@id":"https:\/\/888starz.tips\/vi\/app\/","url":"https:\/\/888starz.tips\/vi\/app\/","name":"T\u1ea3i xu\u1ed1ng \u1ee9ng d\u1ee5ng 888Starz \u2728 \u0110\u1eb7t c\u01b0\u1ee3c tr\u00ean thi\u1ebft b\u1ecb di \u0111\u1ed9ng","isPartOf":{"@id":"https:\/\/888starz.tips\/vi\/#website"},"datePublished":"2024-05-02T13:35:53+00:00","dateModified":"2025-03-23T11:28:30+00:00","description":"C\u00e1ch c\u00e0i \u0111\u1eb7t \u1ee9ng d\u1ee5ng 888Starz cho Android v\u00e0 iOS \ud83d\uddf8 \u1ee8ng d\u1ee5ng 888Starz l\u00e0 \u1ee9ng d\u1ee5ng di \u0111\u1ed9ng c\u00e1 c\u01b0\u1ee3c th\u1ec3 thao v\u00e0 s\u00f2ng b\u1ea1c tr\u1ef1c tuy\u1ebfn ch\u00ednh th\u1ee9c c\u00f3 th\u1ec3 t\u1ea3i xu\u1ed1ng mi\u1ec5n ph\u00ed t\u1eeb trang web c\u1ee7a ch\u00fang t\u00f4i","breadcrumb":{"@id":"https:\/\/888starz.tips\/vi\/app\/#breadcrumb"},"inLanguage":"vi","potentialAction":[{"@type":"ReadAction","target":["https:\/\/888starz.tips\/vi\/app\/"]}]},{"@type":"BreadcrumbList","@id":"https:\/\/888starz.tips\/vi\/app\/#breadcrumb","itemListElement":[{"@type":"ListItem","position":1,"name":"Home","item":"https:\/\/888starz.tips\/vi\/"},{"@type":"ListItem","position":2,"name":"\u1ee8ng d\u1ee5ng"}]},{"@type":"WebSite","@id":"https:\/\/888starz.tips\/vi\/#website","url":"https:\/\/888starz.tips\/vi\/","name":"888starz Tips vi","description":"My WordPress Blog","potentialAction":[{"@type":"SearchAction","target":{"@type":"EntryPoint","urlTemplate":"https:\/\/888starz.tips\/vi\/?s={search_term_string}"},"query-input":{"@type":"PropertyValueSpecification","valueRequired":true,"valueName":"search_term_string"}}],"inLanguage":"vi"}]}},"_links":{"self":[{"href":"https:\/\/888starz.tips\/vi\/wp-json\/wp\/v2\/pages\/223","targetHints":{"allow":["GET"]}}],"collection":[{"href":"https:\/\/888starz.tips\/vi\/wp-json\/wp\/v2\/pages"}],"about":[{"href":"https:\/\/888starz.tips\/vi\/wp-json\/wp\/v2\/types\/page"}],"author":[{"embeddable":true,"href":"https:\/\/888starz.tips\/vi\/wp-json\/wp\/v2\/users\/1"}],"replies":[{"embeddable":true,"href":"https:\/\/888starz.tips\/vi\/wp-json\/wp\/v2\/comments?post=223"}],"version-history":[{"count":35,"href":"https:\/\/888starz.tips\/vi\/wp-json\/wp\/v2\/pages\/223\/revisions"}],"predecessor-version":[{"id":515,"href":"https:\/\/888starz.tips\/vi\/wp-json\/wp\/v2\/pages\/223\/revisions\/515"}],"wp:attachment":[{"href":"https:\/\/888starz.tips\/vi\/wp-json\/wp\/v2\/media?parent=223"}],"curies":[{"name":"wp","href":"https:\/\/api.w.org\/{rel}","templated":true}]}}