{"id":290,"date":"2024-09-05T06:01:53","date_gmt":"2024-09-05T06:01:53","guid":{"rendered":"https:\/\/888starz.tips\/vi\/?page_id=290"},"modified":"2025-03-23T14:15:40","modified_gmt":"2025-03-23T14:15:40","slug":"login","status":"publish","type":"page","link":"https:\/\/888starz.tips\/vi\/login\/","title":{"rendered":"\u0110\u0103ng nh\u1eadp"},"content":{"rendered":"","protected":false},"excerpt":{"rendered":"","protected":false},"author":1,"featured_media":0,"parent":0,"menu_order":0,"comment_status":"closed","ping_status":"closed","template":"","meta":{"footnotes":""},"class_list":["post-290","page","type-page","status-publish","hentry"],"yoast_head":"<!-- This site is optimized with the Yoast SEO plugin v27.4 - https:\/\/yoast.com\/product\/yoast-seo-wordpress\/ -->\n<title>\u0110\u0103ng nh\u1eadp 888Starz \u1409 \u0110\u0103ng nh\u1eadp v\u00e0o t\u00e0i kho\u1ea3n 888Starz c\u1ee7a b\u1ea1n<\/title>\n<meta name=\"description\" content=\"C\u00e1ch \u0111\u0103ng nh\u1eadp v\u00e0o t\u00e0i kho\u1ea3n 888Starz \u2713 Truy c\u1eadp trang web ho\u1eb7c \u1ee9ng d\u1ee5ng 888starz v\u00e0 nh\u1eadp th\u00f4ng tin \u0111\u0103ng nh\u1eadp c\u1ee7a b\u1ea1n v\u00e0o c\u00e1c tr\u01b0\u1eddng b\u1eaft bu\u1ed9c \u2713 Nh\u1ea5p v\u00e0o n\u00fat \u0111\u0103ng nh\u1eadp 888Starz v\u00e0 b\u1eaft \u0111\u1ea7u \u0111\u1eb7t c\u01b0\u1ee3c\" \/>\n<meta name=\"robots\" content=\"index, follow, max-snippet:-1, max-image-preview:large, max-video-preview:-1\" \/>\n<meta property=\"og:locale\" content=\"vi_VN\" \/>\n<meta property=\"og:type\" content=\"article\" \/>\n<meta property=\"og:title\" content=\"\u0110\u0103ng nh\u1eadp 888Starz \u1409 \u0110\u0103ng nh\u1eadp v\u00e0o t\u00e0i kho\u1ea3n 888Starz c\u1ee7a b\u1ea1n\" \/>\n<meta property=\"og:description\" content=\"C\u00e1ch \u0111\u0103ng nh\u1eadp v\u00e0o t\u00e0i kho\u1ea3n 888Starz \u2713 Truy c\u1eadp trang web ho\u1eb7c \u1ee9ng d\u1ee5ng 888starz v\u00e0 nh\u1eadp th\u00f4ng tin \u0111\u0103ng nh\u1eadp c\u1ee7a b\u1ea1n v\u00e0o c\u00e1c tr\u01b0\u1eddng b\u1eaft bu\u1ed9c \u2713 Nh\u1ea5p v\u00e0o n\u00fat \u0111\u0103ng nh\u1eadp 888Starz v\u00e0 b\u1eaft \u0111\u1ea7u \u0111\u1eb7t c\u01b0\u1ee3c\" \/>\n<meta property=\"og:url\" content=\"https:\/\/888starz.tips\/vi\/login\/\" \/>\n<meta property=\"og:site_name\" content=\"888starz Tips vi\" \/>\n<meta property=\"article:modified_time\" content=\"2025-03-23T14:15:40+00:00\" \/>\n<meta name=\"twitter:card\" content=\"summary_large_image\" \/>\n<script type=\"application\/ld+json\" class=\"yoast-schema-graph\">{\"@context\":\"https:\\\/\\\/schema.org\",\"@graph\":[{\"@type\":\"WebPage\",\"@id\":\"https:\\\/\\\/888starz.tips\\\/vi\\\/login\\\/\",\"url\":\"https:\\\/\\\/888starz.tips\\\/vi\\\/login\\\/\",\"name\":\"\u0110\u0103ng nh\u1eadp 888Starz \u1409 \u0110\u0103ng nh\u1eadp v\u00e0o t\u00e0i kho\u1ea3n 888Starz c\u1ee7a b\u1ea1n\",\"isPartOf\":{\"@id\":\"https:\\\/\\\/888starz.tips\\\/vi\\\/#website\"},\"datePublished\":\"2024-09-05T06:01:53+00:00\",\"dateModified\":\"2025-03-23T14:15:40+00:00\",\"description\":\"C\u00e1ch \u0111\u0103ng nh\u1eadp v\u00e0o t\u00e0i kho\u1ea3n 888Starz \u2713 Truy c\u1eadp trang web ho\u1eb7c \u1ee9ng d\u1ee5ng 888starz v\u00e0 nh\u1eadp th\u00f4ng tin \u0111\u0103ng nh\u1eadp c\u1ee7a b\u1ea1n v\u00e0o c\u00e1c tr\u01b0\u1eddng b\u1eaft bu\u1ed9c \u2713 Nh\u1ea5p v\u00e0o n\u00fat \u0111\u0103ng nh\u1eadp 888Starz v\u00e0 b\u1eaft \u0111\u1ea7u \u0111\u1eb7t c\u01b0\u1ee3c\",\"breadcrumb\":{\"@id\":\"https:\\\/\\\/888starz.tips\\\/vi\\\/login\\\/#breadcrumb\"},\"inLanguage\":\"vi\",\"potentialAction\":[{\"@type\":\"ReadAction\",\"target\":[\"https:\\\/\\\/888starz.tips\\\/vi\\\/login\\\/\"]}]},{\"@type\":\"BreadcrumbList\",\"@id\":\"https:\\\/\\\/888starz.tips\\\/vi\\\/login\\\/#breadcrumb\",\"itemListElement\":[{\"@type\":\"ListItem\",\"position\":1,\"name\":\"Home\",\"item\":\"https:\\\/\\\/888starz.tips\\\/vi\\\/\"},{\"@type\":\"ListItem\",\"position\":2,\"name\":\"\u0110\u0103ng nh\u1eadp\"}]},{\"@type\":\"WebSite\",\"@id\":\"https:\\\/\\\/888starz.tips\\\/vi\\\/#website\",\"url\":\"https:\\\/\\\/888starz.tips\\\/vi\\\/\",\"name\":\"888starz Tips vi\",\"description\":\"My WordPress Blog\",\"potentialAction\":[{\"@type\":\"SearchAction\",\"target\":{\"@type\":\"EntryPoint\",\"urlTemplate\":\"https:\\\/\\\/888starz.tips\\\/vi\\\/?s={search_term_string}\"},\"query-input\":{\"@type\":\"PropertyValueSpecification\",\"valueRequired\":true,\"valueName\":\"search_term_string\"}}],\"inLanguage\":\"vi\"}]}<\/script>\n<!-- \/ Yoast SEO plugin. -->","yoast_head_json":{"title":"\u0110\u0103ng nh\u1eadp 888Starz \u1409 \u0110\u0103ng nh\u1eadp v\u00e0o t\u00e0i kho\u1ea3n 888Starz c\u1ee7a b\u1ea1n","description":"C\u00e1ch \u0111\u0103ng nh\u1eadp v\u00e0o t\u00e0i kho\u1ea3n 888Starz \u2713 Truy c\u1eadp trang web ho\u1eb7c \u1ee9ng d\u1ee5ng 888starz v\u00e0 nh\u1eadp th\u00f4ng tin \u0111\u0103ng nh\u1eadp c\u1ee7a b\u1ea1n v\u00e0o c\u00e1c tr\u01b0\u1eddng b\u1eaft bu\u1ed9c \u2713 Nh\u1ea5p v\u00e0o n\u00fat \u0111\u0103ng nh\u1eadp 888Starz v\u00e0 b\u1eaft \u0111\u1ea7u \u0111\u1eb7t c\u01b0\u1ee3c","robots":{"index":"index","follow":"follow","max-snippet":"max-snippet:-1","max-image-preview":"max-image-preview:large","max-video-preview":"max-video-preview:-1"},"og_locale":"vi_VN","og_type":"article","og_title":"\u0110\u0103ng nh\u1eadp 888Starz \u1409 \u0110\u0103ng nh\u1eadp v\u00e0o t\u00e0i kho\u1ea3n 888Starz c\u1ee7a b\u1ea1n","og_description":"C\u00e1ch \u0111\u0103ng nh\u1eadp v\u00e0o t\u00e0i kho\u1ea3n 888Starz \u2713 Truy c\u1eadp trang web ho\u1eb7c \u1ee9ng d\u1ee5ng 888starz v\u00e0 nh\u1eadp th\u00f4ng tin \u0111\u0103ng nh\u1eadp c\u1ee7a b\u1ea1n v\u00e0o c\u00e1c tr\u01b0\u1eddng b\u1eaft bu\u1ed9c \u2713 Nh\u1ea5p v\u00e0o n\u00fat \u0111\u0103ng nh\u1eadp 888Starz v\u00e0 b\u1eaft \u0111\u1ea7u \u0111\u1eb7t c\u01b0\u1ee3c","og_url":"https:\/\/888starz.tips\/vi\/login\/","og_site_name":"888starz Tips vi","article_modified_time":"2025-03-23T14:15:40+00:00","twitter_card":"summary_large_image","schema":{"@context":"https:\/\/schema.org","@graph":[{"@type":"WebPage","@id":"https:\/\/888starz.tips\/vi\/login\/","url":"https:\/\/888starz.tips\/vi\/login\/","name":"\u0110\u0103ng nh\u1eadp 888Starz \u1409 \u0110\u0103ng nh\u1eadp v\u00e0o t\u00e0i kho\u1ea3n 888Starz c\u1ee7a b\u1ea1n","isPartOf":{"@id":"https:\/\/888starz.tips\/vi\/#website"},"datePublished":"2024-09-05T06:01:53+00:00","dateModified":"2025-03-23T14:15:40+00:00","description":"C\u00e1ch \u0111\u0103ng nh\u1eadp v\u00e0o t\u00e0i kho\u1ea3n 888Starz \u2713 Truy c\u1eadp trang web ho\u1eb7c \u1ee9ng d\u1ee5ng 888starz v\u00e0 nh\u1eadp th\u00f4ng tin \u0111\u0103ng nh\u1eadp c\u1ee7a b\u1ea1n v\u00e0o c\u00e1c tr\u01b0\u1eddng b\u1eaft bu\u1ed9c \u2713 Nh\u1ea5p v\u00e0o n\u00fat \u0111\u0103ng nh\u1eadp 888Starz v\u00e0 b\u1eaft \u0111\u1ea7u \u0111\u1eb7t c\u01b0\u1ee3c","breadcrumb":{"@id":"https:\/\/888starz.tips\/vi\/login\/#breadcrumb"},"inLanguage":"vi","potentialAction":[{"@type":"ReadAction","target":["https:\/\/888starz.tips\/vi\/login\/"]}]},{"@type":"BreadcrumbList","@id":"https:\/\/888starz.tips\/vi\/login\/#breadcrumb","itemListElement":[{"@type":"ListItem","position":1,"name":"Home","item":"https:\/\/888starz.tips\/vi\/"},{"@type":"ListItem","position":2,"name":"\u0110\u0103ng nh\u1eadp"}]},{"@type":"WebSite","@id":"https:\/\/888starz.tips\/vi\/#website","url":"https:\/\/888starz.tips\/vi\/","name":"888starz Tips vi","description":"My WordPress Blog","potentialAction":[{"@type":"SearchAction","target":{"@type":"EntryPoint","urlTemplate":"https:\/\/888starz.tips\/vi\/?s={search_term_string}"},"query-input":{"@type":"PropertyValueSpecification","valueRequired":true,"valueName":"search_term_string"}}],"inLanguage":"vi"}]}},"_links":{"self":[{"href":"https:\/\/888starz.tips\/vi\/wp-json\/wp\/v2\/pages\/290","targetHints":{"allow":["GET"]}}],"collection":[{"href":"https:\/\/888starz.tips\/vi\/wp-json\/wp\/v2\/pages"}],"about":[{"href":"https:\/\/888starz.tips\/vi\/wp-json\/wp\/v2\/types\/page"}],"author":[{"embeddable":true,"href":"https:\/\/888starz.tips\/vi\/wp-json\/wp\/v2\/users\/1"}],"replies":[{"embeddable":true,"href":"https:\/\/888starz.tips\/vi\/wp-json\/wp\/v2\/comments?post=290"}],"version-history":[{"count":26,"href":"https:\/\/888starz.tips\/vi\/wp-json\/wp\/v2\/pages\/290\/revisions"}],"predecessor-version":[{"id":523,"href":"https:\/\/888starz.tips\/vi\/wp-json\/wp\/v2\/pages\/290\/revisions\/523"}],"wp:attachment":[{"href":"https:\/\/888starz.tips\/vi\/wp-json\/wp\/v2\/media?parent=290"}],"curies":[{"name":"wp","href":"https:\/\/api.w.org\/{rel}","templated":true}]}}