{"id":292,"date":"2024-09-05T06:02:09","date_gmt":"2024-09-05T06:02:09","guid":{"rendered":"https:\/\/888starz.tips\/vi\/?page_id=292"},"modified":"2025-03-27T04:53:24","modified_gmt":"2025-03-27T04:53:24","slug":"registration","status":"publish","type":"page","link":"https:\/\/888starz.tips\/vi\/registration\/","title":{"rendered":"S\u1ef1 \u0111\u0103ng k\u00fd"},"content":{"rendered":"","protected":false},"excerpt":{"rendered":"","protected":false},"author":1,"featured_media":0,"parent":0,"menu_order":0,"comment_status":"closed","ping_status":"closed","template":"","meta":{"footnotes":""},"class_list":["post-292","page","type-page","status-publish","hentry"],"yoast_head":"<!-- This site is optimized with the Yoast SEO plugin v27.4 - https:\/\/yoast.com\/product\/yoast-seo-wordpress\/ -->\n<title>\u0110\u0103ng k\u00fd 888Starz \u1409 H\u01b0\u1edbng d\u1eabn \u0111\u0103ng k\u00fd 888Starz<\/title>\n<meta name=\"description\" content=\"\u0110\u0103ng k\u00fd tr\u00ean trang web ch\u00ednh th\u1ee9c c\u1ee7a 888Starz \u2714\ufe0f \u0110\u0103ng k\u00fd trong \u1ee8ng d\u1ee5ng 888Starz \u1409 C\u00e1ch tham gia 888starz v\u00e0 t\u1ea1o t\u00e0i kho\u1ea3n \u2b50\ufe0f \u0110\u0103ng k\u00fd v\u00e0 nh\u1eadn Ti\u1ec1n th\u01b0\u1edfng g\u1eedi ti\u1ec1n \u0111\u1ea7u ti\u00ean 100%\" \/>\n<meta name=\"robots\" content=\"index, follow, max-snippet:-1, max-image-preview:large, max-video-preview:-1\" \/>\n<meta property=\"og:locale\" content=\"vi_VN\" \/>\n<meta property=\"og:type\" content=\"article\" \/>\n<meta property=\"og:title\" content=\"\u0110\u0103ng k\u00fd 888Starz \u1409 H\u01b0\u1edbng d\u1eabn \u0111\u0103ng k\u00fd 888Starz\" \/>\n<meta property=\"og:description\" content=\"\u0110\u0103ng k\u00fd tr\u00ean trang web ch\u00ednh th\u1ee9c c\u1ee7a 888Starz \u2714\ufe0f \u0110\u0103ng k\u00fd trong \u1ee8ng d\u1ee5ng 888Starz \u1409 C\u00e1ch tham gia 888starz v\u00e0 t\u1ea1o t\u00e0i kho\u1ea3n \u2b50\ufe0f \u0110\u0103ng k\u00fd v\u00e0 nh\u1eadn Ti\u1ec1n th\u01b0\u1edfng g\u1eedi ti\u1ec1n \u0111\u1ea7u ti\u00ean 100%\" \/>\n<meta property=\"og:url\" content=\"https:\/\/888starz.tips\/vi\/registration\/\" \/>\n<meta property=\"og:site_name\" content=\"888starz Tips vi\" \/>\n<meta property=\"article:modified_time\" content=\"2025-03-27T04:53:24+00:00\" \/>\n<meta name=\"twitter:card\" content=\"summary_large_image\" \/>\n<script type=\"application\/ld+json\" class=\"yoast-schema-graph\">{\"@context\":\"https:\\\/\\\/schema.org\",\"@graph\":[{\"@type\":\"WebPage\",\"@id\":\"https:\\\/\\\/888starz.tips\\\/vi\\\/registration\\\/\",\"url\":\"https:\\\/\\\/888starz.tips\\\/vi\\\/registration\\\/\",\"name\":\"\u0110\u0103ng k\u00fd 888Starz \u1409 H\u01b0\u1edbng d\u1eabn \u0111\u0103ng k\u00fd 888Starz\",\"isPartOf\":{\"@id\":\"https:\\\/\\\/888starz.tips\\\/vi\\\/#website\"},\"datePublished\":\"2024-09-05T06:02:09+00:00\",\"dateModified\":\"2025-03-27T04:53:24+00:00\",\"description\":\"\u0110\u0103ng k\u00fd tr\u00ean trang web ch\u00ednh th\u1ee9c c\u1ee7a 888Starz \u2714\ufe0f \u0110\u0103ng k\u00fd trong \u1ee8ng d\u1ee5ng 888Starz \u1409 C\u00e1ch tham gia 888starz v\u00e0 t\u1ea1o t\u00e0i kho\u1ea3n \u2b50\ufe0f \u0110\u0103ng k\u00fd v\u00e0 nh\u1eadn Ti\u1ec1n th\u01b0\u1edfng g\u1eedi ti\u1ec1n \u0111\u1ea7u ti\u00ean 100%\",\"breadcrumb\":{\"@id\":\"https:\\\/\\\/888starz.tips\\\/vi\\\/registration\\\/#breadcrumb\"},\"inLanguage\":\"vi\",\"potentialAction\":[{\"@type\":\"ReadAction\",\"target\":[\"https:\\\/\\\/888starz.tips\\\/vi\\\/registration\\\/\"]}]},{\"@type\":\"BreadcrumbList\",\"@id\":\"https:\\\/\\\/888starz.tips\\\/vi\\\/registration\\\/#breadcrumb\",\"itemListElement\":[{\"@type\":\"ListItem\",\"position\":1,\"name\":\"Home\",\"item\":\"https:\\\/\\\/888starz.tips\\\/vi\\\/\"},{\"@type\":\"ListItem\",\"position\":2,\"name\":\"S\u1ef1 \u0111\u0103ng k\u00fd\"}]},{\"@type\":\"WebSite\",\"@id\":\"https:\\\/\\\/888starz.tips\\\/vi\\\/#website\",\"url\":\"https:\\\/\\\/888starz.tips\\\/vi\\\/\",\"name\":\"888starz Tips vi\",\"description\":\"My WordPress Blog\",\"potentialAction\":[{\"@type\":\"SearchAction\",\"target\":{\"@type\":\"EntryPoint\",\"urlTemplate\":\"https:\\\/\\\/888starz.tips\\\/vi\\\/?s={search_term_string}\"},\"query-input\":{\"@type\":\"PropertyValueSpecification\",\"valueRequired\":true,\"valueName\":\"search_term_string\"}}],\"inLanguage\":\"vi\"}]}<\/script>\n<!-- \/ Yoast SEO plugin. -->","yoast_head_json":{"title":"\u0110\u0103ng k\u00fd 888Starz \u1409 H\u01b0\u1edbng d\u1eabn \u0111\u0103ng k\u00fd 888Starz","description":"\u0110\u0103ng k\u00fd tr\u00ean trang web ch\u00ednh th\u1ee9c c\u1ee7a 888Starz \u2714\ufe0f \u0110\u0103ng k\u00fd trong \u1ee8ng d\u1ee5ng 888Starz \u1409 C\u00e1ch tham gia 888starz v\u00e0 t\u1ea1o t\u00e0i kho\u1ea3n \u2b50\ufe0f \u0110\u0103ng k\u00fd v\u00e0 nh\u1eadn Ti\u1ec1n th\u01b0\u1edfng g\u1eedi ti\u1ec1n \u0111\u1ea7u ti\u00ean 100%","robots":{"index":"index","follow":"follow","max-snippet":"max-snippet:-1","max-image-preview":"max-image-preview:large","max-video-preview":"max-video-preview:-1"},"og_locale":"vi_VN","og_type":"article","og_title":"\u0110\u0103ng k\u00fd 888Starz \u1409 H\u01b0\u1edbng d\u1eabn \u0111\u0103ng k\u00fd 888Starz","og_description":"\u0110\u0103ng k\u00fd tr\u00ean trang web ch\u00ednh th\u1ee9c c\u1ee7a 888Starz \u2714\ufe0f \u0110\u0103ng k\u00fd trong \u1ee8ng d\u1ee5ng 888Starz \u1409 C\u00e1ch tham gia 888starz v\u00e0 t\u1ea1o t\u00e0i kho\u1ea3n \u2b50\ufe0f \u0110\u0103ng k\u00fd v\u00e0 nh\u1eadn Ti\u1ec1n th\u01b0\u1edfng g\u1eedi ti\u1ec1n \u0111\u1ea7u ti\u00ean 100%","og_url":"https:\/\/888starz.tips\/vi\/registration\/","og_site_name":"888starz Tips vi","article_modified_time":"2025-03-27T04:53:24+00:00","twitter_card":"summary_large_image","schema":{"@context":"https:\/\/schema.org","@graph":[{"@type":"WebPage","@id":"https:\/\/888starz.tips\/vi\/registration\/","url":"https:\/\/888starz.tips\/vi\/registration\/","name":"\u0110\u0103ng k\u00fd 888Starz \u1409 H\u01b0\u1edbng d\u1eabn \u0111\u0103ng k\u00fd 888Starz","isPartOf":{"@id":"https:\/\/888starz.tips\/vi\/#website"},"datePublished":"2024-09-05T06:02:09+00:00","dateModified":"2025-03-27T04:53:24+00:00","description":"\u0110\u0103ng k\u00fd tr\u00ean trang web ch\u00ednh th\u1ee9c c\u1ee7a 888Starz \u2714\ufe0f \u0110\u0103ng k\u00fd trong \u1ee8ng d\u1ee5ng 888Starz \u1409 C\u00e1ch tham gia 888starz v\u00e0 t\u1ea1o t\u00e0i kho\u1ea3n \u2b50\ufe0f \u0110\u0103ng k\u00fd v\u00e0 nh\u1eadn Ti\u1ec1n th\u01b0\u1edfng g\u1eedi ti\u1ec1n \u0111\u1ea7u ti\u00ean 100%","breadcrumb":{"@id":"https:\/\/888starz.tips\/vi\/registration\/#breadcrumb"},"inLanguage":"vi","potentialAction":[{"@type":"ReadAction","target":["https:\/\/888starz.tips\/vi\/registration\/"]}]},{"@type":"BreadcrumbList","@id":"https:\/\/888starz.tips\/vi\/registration\/#breadcrumb","itemListElement":[{"@type":"ListItem","position":1,"name":"Home","item":"https:\/\/888starz.tips\/vi\/"},{"@type":"ListItem","position":2,"name":"S\u1ef1 \u0111\u0103ng k\u00fd"}]},{"@type":"WebSite","@id":"https:\/\/888starz.tips\/vi\/#website","url":"https:\/\/888starz.tips\/vi\/","name":"888starz Tips vi","description":"My WordPress Blog","potentialAction":[{"@type":"SearchAction","target":{"@type":"EntryPoint","urlTemplate":"https:\/\/888starz.tips\/vi\/?s={search_term_string}"},"query-input":{"@type":"PropertyValueSpecification","valueRequired":true,"valueName":"search_term_string"}}],"inLanguage":"vi"}]}},"_links":{"self":[{"href":"https:\/\/888starz.tips\/vi\/wp-json\/wp\/v2\/pages\/292","targetHints":{"allow":["GET"]}}],"collection":[{"href":"https:\/\/888starz.tips\/vi\/wp-json\/wp\/v2\/pages"}],"about":[{"href":"https:\/\/888starz.tips\/vi\/wp-json\/wp\/v2\/types\/page"}],"author":[{"embeddable":true,"href":"https:\/\/888starz.tips\/vi\/wp-json\/wp\/v2\/users\/1"}],"replies":[{"embeddable":true,"href":"https:\/\/888starz.tips\/vi\/wp-json\/wp\/v2\/comments?post=292"}],"version-history":[{"count":24,"href":"https:\/\/888starz.tips\/vi\/wp-json\/wp\/v2\/pages\/292\/revisions"}],"predecessor-version":[{"id":531,"href":"https:\/\/888starz.tips\/vi\/wp-json\/wp\/v2\/pages\/292\/revisions\/531"}],"wp:attachment":[{"href":"https:\/\/888starz.tips\/vi\/wp-json\/wp\/v2\/media?parent=292"}],"curies":[{"name":"wp","href":"https:\/\/api.w.org\/{rel}","templated":true}]}}