{"id":425,"date":"2025-01-27T08:09:38","date_gmt":"2025-01-27T08:09:38","guid":{"rendered":"https:\/\/888starz.tips\/vi\/?page_id=425"},"modified":"2025-03-27T04:50:16","modified_gmt":"2025-03-27T04:50:16","slug":"casino","status":"publish","type":"page","link":"https:\/\/888starz.tips\/vi\/casino\/","title":{"rendered":"S\u00f2ng b\u1ea1c"},"content":{"rendered":"","protected":false},"excerpt":{"rendered":"","protected":false},"author":1,"featured_media":0,"parent":0,"menu_order":0,"comment_status":"closed","ping_status":"closed","template":"","meta":{"footnotes":""},"class_list":["post-425","page","type-page","status-publish","hentry"],"yoast_head":"<!-- This site is optimized with the Yoast SEO plugin v27.4 - https:\/\/yoast.com\/product\/yoast-seo-wordpress\/ -->\n<title>S\u00f2ng b\u1ea1c 888Starz Nh\u1eadn ti\u1ec1n th\u01b0\u1edfng ch\u00e0o m\u1eebng c\u1ee7a b\u1ea1n ngay b\u00e2y gi\u1edd<\/title>\n<meta name=\"description\" content=\"\u0110\u1eafm m\u00ecnh v\u00e0o th\u1ebf gi\u1edbi c\u1edd b\u1ea1c v\u1edbi 888Starz Casino! K\u00edch ho\u1ea1t ti\u1ec1n th\u01b0\u1edfng ch\u00e0o m\u1eebng c\u1ee7a b\u1ea1n ngay b\u00e2y gi\u1edd v\u00e0 nh\u1eadn t\u1edbi 13.000.000 VND + v\u00f2ng quay mi\u1ec5n ph\u00ed. H\u00e0ng ng\u00e0n tr\u00f2 ch\u01a1i \u0111\u00e1nh b\u1ea1c v\u00e0 tr\u00f2 ch\u01a1i tr\u1ef1c ti\u1ebfp h\u00e0ng \u0111\u1ea7u \u0111ang ch\u1edd b\u1ea1n.\" \/>\n<meta name=\"robots\" content=\"index, follow, max-snippet:-1, max-image-preview:large, max-video-preview:-1\" \/>\n<meta property=\"og:locale\" content=\"vi_VN\" \/>\n<meta property=\"og:type\" content=\"article\" \/>\n<meta property=\"og:title\" content=\"S\u00f2ng b\u1ea1c 888Starz Nh\u1eadn ti\u1ec1n th\u01b0\u1edfng ch\u00e0o m\u1eebng c\u1ee7a b\u1ea1n ngay b\u00e2y gi\u1edd\" \/>\n<meta property=\"og:description\" content=\"\u0110\u1eafm m\u00ecnh v\u00e0o th\u1ebf gi\u1edbi c\u1edd b\u1ea1c v\u1edbi 888Starz Casino! K\u00edch ho\u1ea1t ti\u1ec1n th\u01b0\u1edfng ch\u00e0o m\u1eebng c\u1ee7a b\u1ea1n ngay b\u00e2y gi\u1edd v\u00e0 nh\u1eadn t\u1edbi 13.000.000 VND + v\u00f2ng quay mi\u1ec5n ph\u00ed. H\u00e0ng ng\u00e0n tr\u00f2 ch\u01a1i \u0111\u00e1nh b\u1ea1c v\u00e0 tr\u00f2 ch\u01a1i tr\u1ef1c ti\u1ebfp h\u00e0ng \u0111\u1ea7u \u0111ang ch\u1edd b\u1ea1n.\" \/>\n<meta property=\"og:url\" content=\"https:\/\/888starz.tips\/vi\/casino\/\" \/>\n<meta property=\"og:site_name\" content=\"888starz Tips vi\" \/>\n<meta property=\"article:modified_time\" content=\"2025-03-27T04:50:16+00:00\" \/>\n<meta name=\"twitter:card\" content=\"summary_large_image\" \/>\n<script type=\"application\/ld+json\" class=\"yoast-schema-graph\">{\"@context\":\"https:\\\/\\\/schema.org\",\"@graph\":[{\"@type\":\"WebPage\",\"@id\":\"https:\\\/\\\/888starz.tips\\\/vi\\\/casino\\\/\",\"url\":\"https:\\\/\\\/888starz.tips\\\/vi\\\/casino\\\/\",\"name\":\"S\u00f2ng b\u1ea1c 888Starz Nh\u1eadn ti\u1ec1n th\u01b0\u1edfng ch\u00e0o m\u1eebng c\u1ee7a b\u1ea1n ngay b\u00e2y gi\u1edd\",\"isPartOf\":{\"@id\":\"https:\\\/\\\/888starz.tips\\\/vi\\\/#website\"},\"datePublished\":\"2025-01-27T08:09:38+00:00\",\"dateModified\":\"2025-03-27T04:50:16+00:00\",\"description\":\"\u0110\u1eafm m\u00ecnh v\u00e0o th\u1ebf gi\u1edbi c\u1edd b\u1ea1c v\u1edbi 888Starz Casino! K\u00edch ho\u1ea1t ti\u1ec1n th\u01b0\u1edfng ch\u00e0o m\u1eebng c\u1ee7a b\u1ea1n ngay b\u00e2y gi\u1edd v\u00e0 nh\u1eadn t\u1edbi 13.000.000 VND + v\u00f2ng quay mi\u1ec5n ph\u00ed. H\u00e0ng ng\u00e0n tr\u00f2 ch\u01a1i \u0111\u00e1nh b\u1ea1c v\u00e0 tr\u00f2 ch\u01a1i tr\u1ef1c ti\u1ebfp h\u00e0ng \u0111\u1ea7u \u0111ang ch\u1edd b\u1ea1n.\",\"breadcrumb\":{\"@id\":\"https:\\\/\\\/888starz.tips\\\/vi\\\/casino\\\/#breadcrumb\"},\"inLanguage\":\"vi\",\"potentialAction\":[{\"@type\":\"ReadAction\",\"target\":[\"https:\\\/\\\/888starz.tips\\\/vi\\\/casino\\\/\"]}]},{\"@type\":\"BreadcrumbList\",\"@id\":\"https:\\\/\\\/888starz.tips\\\/vi\\\/casino\\\/#breadcrumb\",\"itemListElement\":[{\"@type\":\"ListItem\",\"position\":1,\"name\":\"Home\",\"item\":\"https:\\\/\\\/888starz.tips\\\/vi\\\/\"},{\"@type\":\"ListItem\",\"position\":2,\"name\":\"S\u00f2ng b\u1ea1c\"}]},{\"@type\":\"WebSite\",\"@id\":\"https:\\\/\\\/888starz.tips\\\/vi\\\/#website\",\"url\":\"https:\\\/\\\/888starz.tips\\\/vi\\\/\",\"name\":\"888starz Tips vi\",\"description\":\"My WordPress Blog\",\"potentialAction\":[{\"@type\":\"SearchAction\",\"target\":{\"@type\":\"EntryPoint\",\"urlTemplate\":\"https:\\\/\\\/888starz.tips\\\/vi\\\/?s={search_term_string}\"},\"query-input\":{\"@type\":\"PropertyValueSpecification\",\"valueRequired\":true,\"valueName\":\"search_term_string\"}}],\"inLanguage\":\"vi\"}]}<\/script>\n<!-- \/ Yoast SEO plugin. -->","yoast_head_json":{"title":"S\u00f2ng b\u1ea1c 888Starz Nh\u1eadn ti\u1ec1n th\u01b0\u1edfng ch\u00e0o m\u1eebng c\u1ee7a b\u1ea1n ngay b\u00e2y gi\u1edd","description":"\u0110\u1eafm m\u00ecnh v\u00e0o th\u1ebf gi\u1edbi c\u1edd b\u1ea1c v\u1edbi 888Starz Casino! K\u00edch ho\u1ea1t ti\u1ec1n th\u01b0\u1edfng ch\u00e0o m\u1eebng c\u1ee7a b\u1ea1n ngay b\u00e2y gi\u1edd v\u00e0 nh\u1eadn t\u1edbi 13.000.000 VND + v\u00f2ng quay mi\u1ec5n ph\u00ed. H\u00e0ng ng\u00e0n tr\u00f2 ch\u01a1i \u0111\u00e1nh b\u1ea1c v\u00e0 tr\u00f2 ch\u01a1i tr\u1ef1c ti\u1ebfp h\u00e0ng \u0111\u1ea7u \u0111ang ch\u1edd b\u1ea1n.","robots":{"index":"index","follow":"follow","max-snippet":"max-snippet:-1","max-image-preview":"max-image-preview:large","max-video-preview":"max-video-preview:-1"},"og_locale":"vi_VN","og_type":"article","og_title":"S\u00f2ng b\u1ea1c 888Starz Nh\u1eadn ti\u1ec1n th\u01b0\u1edfng ch\u00e0o m\u1eebng c\u1ee7a b\u1ea1n ngay b\u00e2y gi\u1edd","og_description":"\u0110\u1eafm m\u00ecnh v\u00e0o th\u1ebf gi\u1edbi c\u1edd b\u1ea1c v\u1edbi 888Starz Casino! K\u00edch ho\u1ea1t ti\u1ec1n th\u01b0\u1edfng ch\u00e0o m\u1eebng c\u1ee7a b\u1ea1n ngay b\u00e2y gi\u1edd v\u00e0 nh\u1eadn t\u1edbi 13.000.000 VND + v\u00f2ng quay mi\u1ec5n ph\u00ed. H\u00e0ng ng\u00e0n tr\u00f2 ch\u01a1i \u0111\u00e1nh b\u1ea1c v\u00e0 tr\u00f2 ch\u01a1i tr\u1ef1c ti\u1ebfp h\u00e0ng \u0111\u1ea7u \u0111ang ch\u1edd b\u1ea1n.","og_url":"https:\/\/888starz.tips\/vi\/casino\/","og_site_name":"888starz Tips vi","article_modified_time":"2025-03-27T04:50:16+00:00","twitter_card":"summary_large_image","schema":{"@context":"https:\/\/schema.org","@graph":[{"@type":"WebPage","@id":"https:\/\/888starz.tips\/vi\/casino\/","url":"https:\/\/888starz.tips\/vi\/casino\/","name":"S\u00f2ng b\u1ea1c 888Starz Nh\u1eadn ti\u1ec1n th\u01b0\u1edfng ch\u00e0o m\u1eebng c\u1ee7a b\u1ea1n ngay b\u00e2y gi\u1edd","isPartOf":{"@id":"https:\/\/888starz.tips\/vi\/#website"},"datePublished":"2025-01-27T08:09:38+00:00","dateModified":"2025-03-27T04:50:16+00:00","description":"\u0110\u1eafm m\u00ecnh v\u00e0o th\u1ebf gi\u1edbi c\u1edd b\u1ea1c v\u1edbi 888Starz Casino! K\u00edch ho\u1ea1t ti\u1ec1n th\u01b0\u1edfng ch\u00e0o m\u1eebng c\u1ee7a b\u1ea1n ngay b\u00e2y gi\u1edd v\u00e0 nh\u1eadn t\u1edbi 13.000.000 VND + v\u00f2ng quay mi\u1ec5n ph\u00ed. H\u00e0ng ng\u00e0n tr\u00f2 ch\u01a1i \u0111\u00e1nh b\u1ea1c v\u00e0 tr\u00f2 ch\u01a1i tr\u1ef1c ti\u1ebfp h\u00e0ng \u0111\u1ea7u \u0111ang ch\u1edd b\u1ea1n.","breadcrumb":{"@id":"https:\/\/888starz.tips\/vi\/casino\/#breadcrumb"},"inLanguage":"vi","potentialAction":[{"@type":"ReadAction","target":["https:\/\/888starz.tips\/vi\/casino\/"]}]},{"@type":"BreadcrumbList","@id":"https:\/\/888starz.tips\/vi\/casino\/#breadcrumb","itemListElement":[{"@type":"ListItem","position":1,"name":"Home","item":"https:\/\/888starz.tips\/vi\/"},{"@type":"ListItem","position":2,"name":"S\u00f2ng b\u1ea1c"}]},{"@type":"WebSite","@id":"https:\/\/888starz.tips\/vi\/#website","url":"https:\/\/888starz.tips\/vi\/","name":"888starz Tips vi","description":"My WordPress Blog","potentialAction":[{"@type":"SearchAction","target":{"@type":"EntryPoint","urlTemplate":"https:\/\/888starz.tips\/vi\/?s={search_term_string}"},"query-input":{"@type":"PropertyValueSpecification","valueRequired":true,"valueName":"search_term_string"}}],"inLanguage":"vi"}]}},"_links":{"self":[{"href":"https:\/\/888starz.tips\/vi\/wp-json\/wp\/v2\/pages\/425","targetHints":{"allow":["GET"]}}],"collection":[{"href":"https:\/\/888starz.tips\/vi\/wp-json\/wp\/v2\/pages"}],"about":[{"href":"https:\/\/888starz.tips\/vi\/wp-json\/wp\/v2\/types\/page"}],"author":[{"embeddable":true,"href":"https:\/\/888starz.tips\/vi\/wp-json\/wp\/v2\/users\/1"}],"replies":[{"embeddable":true,"href":"https:\/\/888starz.tips\/vi\/wp-json\/wp\/v2\/comments?post=425"}],"version-history":[{"count":9,"href":"https:\/\/888starz.tips\/vi\/wp-json\/wp\/v2\/pages\/425\/revisions"}],"predecessor-version":[{"id":530,"href":"https:\/\/888starz.tips\/vi\/wp-json\/wp\/v2\/pages\/425\/revisions\/530"}],"wp:attachment":[{"href":"https:\/\/888starz.tips\/vi\/wp-json\/wp\/v2\/media?parent=425"}],"curies":[{"name":"wp","href":"https:\/\/api.w.org\/{rel}","templated":true}]}}