{"id":451,"date":"2025-01-27T13:46:18","date_gmt":"2025-01-27T13:46:18","guid":{"rendered":"https:\/\/888starz.tips\/vi\/?page_id=451"},"modified":"2025-03-23T14:29:56","modified_gmt":"2025-03-23T14:29:56","slug":"promo-code","status":"publish","type":"page","link":"https:\/\/888starz.tips\/vi\/promo-code\/","title":{"rendered":"M\u00e3 khuy\u1ebfn m\u1ea1i"},"content":{"rendered":"","protected":false},"excerpt":{"rendered":"","protected":false},"author":1,"featured_media":0,"parent":0,"menu_order":0,"comment_status":"closed","ping_status":"closed","template":"","meta":{"footnotes":""},"class_list":["post-451","page","type-page","status-publish","hentry"],"yoast_head":"<!-- This site is optimized with the Yoast SEO plugin v27.4 - https:\/\/yoast.com\/product\/yoast-seo-wordpress\/ -->\n<title>M\u00e3 khuy\u1ebfn m\u1ea1i 888Starz 2025 \u2705 Nh\u1eadn ti\u1ec1n th\u01b0\u1edfng 100% c\u1ee7a b\u1ea1n!<\/title>\n<meta name=\"description\" content=\"B\u1ea1n mu\u1ed1n t\u0103ng ti\u1ec1n th\u1eafng c\u01b0\u1ee3c c\u1ee7a m\u00ecnh? \ud83d\udd25M\u1edf kh\u00f3a m\u00e3 khuy\u1ebfn m\u1ea1i 888Starz \u0111\u1ed9c quy\u1ec1n 2025 v\u00e0 nh\u1eadn ngay ti\u1ec1n th\u01b0\u1edfng 100% l\u1edbn ngay h\u00f4m nay! \u0110\u1eebng ch\u1ea7n ch\u1eeb n\u1eefa\u2014h\u00e0nh tr\u00ecnh tr\u00fang gi\u1ea3i \u0111\u1ed9c \u0111\u1eafc c\u1ee7a b\u1ea1n s\u1ebd b\u1eaft \u0111\u1ea7u ngay b\u00e2y gi\u1edd!\" \/>\n<meta name=\"robots\" content=\"index, follow, max-snippet:-1, max-image-preview:large, max-video-preview:-1\" \/>\n<meta property=\"og:locale\" content=\"vi_VN\" \/>\n<meta property=\"og:type\" content=\"article\" \/>\n<meta property=\"og:title\" content=\"M\u00e3 khuy\u1ebfn m\u1ea1i 888Starz 2025 \u2705 Nh\u1eadn ti\u1ec1n th\u01b0\u1edfng 100% c\u1ee7a b\u1ea1n!\" \/>\n<meta property=\"og:description\" content=\"B\u1ea1n mu\u1ed1n t\u0103ng ti\u1ec1n th\u1eafng c\u01b0\u1ee3c c\u1ee7a m\u00ecnh? \ud83d\udd25M\u1edf kh\u00f3a m\u00e3 khuy\u1ebfn m\u1ea1i 888Starz \u0111\u1ed9c quy\u1ec1n 2025 v\u00e0 nh\u1eadn ngay ti\u1ec1n th\u01b0\u1edfng 100% l\u1edbn ngay h\u00f4m nay! \u0110\u1eebng ch\u1ea7n ch\u1eeb n\u1eefa\u2014h\u00e0nh tr\u00ecnh tr\u00fang gi\u1ea3i \u0111\u1ed9c \u0111\u1eafc c\u1ee7a b\u1ea1n s\u1ebd b\u1eaft \u0111\u1ea7u ngay b\u00e2y gi\u1edd!\" \/>\n<meta property=\"og:url\" content=\"https:\/\/888starz.tips\/vi\/promo-code\/\" \/>\n<meta property=\"og:site_name\" content=\"888starz Tips vi\" \/>\n<meta property=\"article:modified_time\" content=\"2025-03-23T14:29:56+00:00\" \/>\n<meta name=\"twitter:card\" content=\"summary_large_image\" \/>\n<script type=\"application\/ld+json\" class=\"yoast-schema-graph\">{\"@context\":\"https:\\\/\\\/schema.org\",\"@graph\":[{\"@type\":\"WebPage\",\"@id\":\"https:\\\/\\\/888starz.tips\\\/vi\\\/promo-code\\\/\",\"url\":\"https:\\\/\\\/888starz.tips\\\/vi\\\/promo-code\\\/\",\"name\":\"M\u00e3 khuy\u1ebfn m\u1ea1i 888Starz 2025 \u2705 Nh\u1eadn ti\u1ec1n th\u01b0\u1edfng 100% c\u1ee7a b\u1ea1n!\",\"isPartOf\":{\"@id\":\"https:\\\/\\\/888starz.tips\\\/vi\\\/#website\"},\"datePublished\":\"2025-01-27T13:46:18+00:00\",\"dateModified\":\"2025-03-23T14:29:56+00:00\",\"description\":\"B\u1ea1n mu\u1ed1n t\u0103ng ti\u1ec1n th\u1eafng c\u01b0\u1ee3c c\u1ee7a m\u00ecnh? \ud83d\udd25M\u1edf kh\u00f3a m\u00e3 khuy\u1ebfn m\u1ea1i 888Starz \u0111\u1ed9c quy\u1ec1n 2025 v\u00e0 nh\u1eadn ngay ti\u1ec1n th\u01b0\u1edfng 100% l\u1edbn ngay h\u00f4m nay! \u0110\u1eebng ch\u1ea7n ch\u1eeb n\u1eefa\u2014h\u00e0nh tr\u00ecnh tr\u00fang gi\u1ea3i \u0111\u1ed9c \u0111\u1eafc c\u1ee7a b\u1ea1n s\u1ebd b\u1eaft \u0111\u1ea7u ngay b\u00e2y gi\u1edd!\",\"breadcrumb\":{\"@id\":\"https:\\\/\\\/888starz.tips\\\/vi\\\/promo-code\\\/#breadcrumb\"},\"inLanguage\":\"vi\",\"potentialAction\":[{\"@type\":\"ReadAction\",\"target\":[\"https:\\\/\\\/888starz.tips\\\/vi\\\/promo-code\\\/\"]}]},{\"@type\":\"BreadcrumbList\",\"@id\":\"https:\\\/\\\/888starz.tips\\\/vi\\\/promo-code\\\/#breadcrumb\",\"itemListElement\":[{\"@type\":\"ListItem\",\"position\":1,\"name\":\"Home\",\"item\":\"https:\\\/\\\/888starz.tips\\\/vi\\\/\"},{\"@type\":\"ListItem\",\"position\":2,\"name\":\"M\u00e3 khuy\u1ebfn m\u1ea1i\"}]},{\"@type\":\"WebSite\",\"@id\":\"https:\\\/\\\/888starz.tips\\\/vi\\\/#website\",\"url\":\"https:\\\/\\\/888starz.tips\\\/vi\\\/\",\"name\":\"888starz Tips vi\",\"description\":\"My WordPress Blog\",\"potentialAction\":[{\"@type\":\"SearchAction\",\"target\":{\"@type\":\"EntryPoint\",\"urlTemplate\":\"https:\\\/\\\/888starz.tips\\\/vi\\\/?s={search_term_string}\"},\"query-input\":{\"@type\":\"PropertyValueSpecification\",\"valueRequired\":true,\"valueName\":\"search_term_string\"}}],\"inLanguage\":\"vi\"}]}<\/script>\n<!-- \/ Yoast SEO plugin. -->","yoast_head_json":{"title":"M\u00e3 khuy\u1ebfn m\u1ea1i 888Starz 2025 \u2705 Nh\u1eadn ti\u1ec1n th\u01b0\u1edfng 100% c\u1ee7a b\u1ea1n!","description":"B\u1ea1n mu\u1ed1n t\u0103ng ti\u1ec1n th\u1eafng c\u01b0\u1ee3c c\u1ee7a m\u00ecnh? \ud83d\udd25M\u1edf kh\u00f3a m\u00e3 khuy\u1ebfn m\u1ea1i 888Starz \u0111\u1ed9c quy\u1ec1n 2025 v\u00e0 nh\u1eadn ngay ti\u1ec1n th\u01b0\u1edfng 100% l\u1edbn ngay h\u00f4m nay! \u0110\u1eebng ch\u1ea7n ch\u1eeb n\u1eefa\u2014h\u00e0nh tr\u00ecnh tr\u00fang gi\u1ea3i \u0111\u1ed9c \u0111\u1eafc c\u1ee7a b\u1ea1n s\u1ebd b\u1eaft \u0111\u1ea7u ngay b\u00e2y gi\u1edd!","robots":{"index":"index","follow":"follow","max-snippet":"max-snippet:-1","max-image-preview":"max-image-preview:large","max-video-preview":"max-video-preview:-1"},"og_locale":"vi_VN","og_type":"article","og_title":"M\u00e3 khuy\u1ebfn m\u1ea1i 888Starz 2025 \u2705 Nh\u1eadn ti\u1ec1n th\u01b0\u1edfng 100% c\u1ee7a b\u1ea1n!","og_description":"B\u1ea1n mu\u1ed1n t\u0103ng ti\u1ec1n th\u1eafng c\u01b0\u1ee3c c\u1ee7a m\u00ecnh? \ud83d\udd25M\u1edf kh\u00f3a m\u00e3 khuy\u1ebfn m\u1ea1i 888Starz \u0111\u1ed9c quy\u1ec1n 2025 v\u00e0 nh\u1eadn ngay ti\u1ec1n th\u01b0\u1edfng 100% l\u1edbn ngay h\u00f4m nay! \u0110\u1eebng ch\u1ea7n ch\u1eeb n\u1eefa\u2014h\u00e0nh tr\u00ecnh tr\u00fang gi\u1ea3i \u0111\u1ed9c \u0111\u1eafc c\u1ee7a b\u1ea1n s\u1ebd b\u1eaft \u0111\u1ea7u ngay b\u00e2y gi\u1edd!","og_url":"https:\/\/888starz.tips\/vi\/promo-code\/","og_site_name":"888starz Tips vi","article_modified_time":"2025-03-23T14:29:56+00:00","twitter_card":"summary_large_image","schema":{"@context":"https:\/\/schema.org","@graph":[{"@type":"WebPage","@id":"https:\/\/888starz.tips\/vi\/promo-code\/","url":"https:\/\/888starz.tips\/vi\/promo-code\/","name":"M\u00e3 khuy\u1ebfn m\u1ea1i 888Starz 2025 \u2705 Nh\u1eadn ti\u1ec1n th\u01b0\u1edfng 100% c\u1ee7a b\u1ea1n!","isPartOf":{"@id":"https:\/\/888starz.tips\/vi\/#website"},"datePublished":"2025-01-27T13:46:18+00:00","dateModified":"2025-03-23T14:29:56+00:00","description":"B\u1ea1n mu\u1ed1n t\u0103ng ti\u1ec1n th\u1eafng c\u01b0\u1ee3c c\u1ee7a m\u00ecnh? \ud83d\udd25M\u1edf kh\u00f3a m\u00e3 khuy\u1ebfn m\u1ea1i 888Starz \u0111\u1ed9c quy\u1ec1n 2025 v\u00e0 nh\u1eadn ngay ti\u1ec1n th\u01b0\u1edfng 100% l\u1edbn ngay h\u00f4m nay! \u0110\u1eebng ch\u1ea7n ch\u1eeb n\u1eefa\u2014h\u00e0nh tr\u00ecnh tr\u00fang gi\u1ea3i \u0111\u1ed9c \u0111\u1eafc c\u1ee7a b\u1ea1n s\u1ebd b\u1eaft \u0111\u1ea7u ngay b\u00e2y gi\u1edd!","breadcrumb":{"@id":"https:\/\/888starz.tips\/vi\/promo-code\/#breadcrumb"},"inLanguage":"vi","potentialAction":[{"@type":"ReadAction","target":["https:\/\/888starz.tips\/vi\/promo-code\/"]}]},{"@type":"BreadcrumbList","@id":"https:\/\/888starz.tips\/vi\/promo-code\/#breadcrumb","itemListElement":[{"@type":"ListItem","position":1,"name":"Home","item":"https:\/\/888starz.tips\/vi\/"},{"@type":"ListItem","position":2,"name":"M\u00e3 khuy\u1ebfn m\u1ea1i"}]},{"@type":"WebSite","@id":"https:\/\/888starz.tips\/vi\/#website","url":"https:\/\/888starz.tips\/vi\/","name":"888starz Tips vi","description":"My WordPress Blog","potentialAction":[{"@type":"SearchAction","target":{"@type":"EntryPoint","urlTemplate":"https:\/\/888starz.tips\/vi\/?s={search_term_string}"},"query-input":{"@type":"PropertyValueSpecification","valueRequired":true,"valueName":"search_term_string"}}],"inLanguage":"vi"}]}},"_links":{"self":[{"href":"https:\/\/888starz.tips\/vi\/wp-json\/wp\/v2\/pages\/451","targetHints":{"allow":["GET"]}}],"collection":[{"href":"https:\/\/888starz.tips\/vi\/wp-json\/wp\/v2\/pages"}],"about":[{"href":"https:\/\/888starz.tips\/vi\/wp-json\/wp\/v2\/types\/page"}],"author":[{"embeddable":true,"href":"https:\/\/888starz.tips\/vi\/wp-json\/wp\/v2\/users\/1"}],"replies":[{"embeddable":true,"href":"https:\/\/888starz.tips\/vi\/wp-json\/wp\/v2\/comments?post=451"}],"version-history":[{"count":6,"href":"https:\/\/888starz.tips\/vi\/wp-json\/wp\/v2\/pages\/451\/revisions"}],"predecessor-version":[{"id":524,"href":"https:\/\/888starz.tips\/vi\/wp-json\/wp\/v2\/pages\/451\/revisions\/524"}],"wp:attachment":[{"href":"https:\/\/888starz.tips\/vi\/wp-json\/wp\/v2\/media?parent=451"}],"curies":[{"name":"wp","href":"https:\/\/api.w.org\/{rel}","templated":true}]}}