{"id":471,"date":"2025-01-28T05:38:45","date_gmt":"2025-01-28T05:38:45","guid":{"rendered":"https:\/\/888starz.tips\/vi\/?page_id=471"},"modified":"2025-03-23T10:55:46","modified_gmt":"2025-03-23T10:55:46","slug":"affiliate","status":"publish","type":"page","link":"https:\/\/888starz.tips\/vi\/affiliate\/","title":{"rendered":"Li\u00ean k\u1ebft"},"content":{"rendered":"","protected":false},"excerpt":{"rendered":"","protected":false},"author":1,"featured_media":0,"parent":0,"menu_order":0,"comment_status":"closed","ping_status":"closed","template":"","meta":{"footnotes":""},"class_list":["post-471","page","type-page","status-publish","hentry"],"yoast_head":"<!-- This site is optimized with the Yoast SEO plugin v27.4 - https:\/\/yoast.com\/product\/yoast-seo-wordpress\/ -->\n<title>\u0110\u1ed1i t\u00e1c li\u00ean k\u1ebft 888Starz: \u2705Ch\u01b0\u01a1ng tr\u00ecnh \u0110\u1ed1i t\u00e1c iGaming Cao c\u1ea5p<\/title>\n<meta name=\"description\" content=\"Tham gia Ch\u01b0\u01a1ng tr\u00ecnh li\u00ean k\u1ebft 888Starz ngay h\u00f4m nay! \ud83d\ude80 M\u1edf kh\u00f3a c\u00e1c c\u01a1 h\u1ed9i thu nh\u1eadp h\u1ea5p d\u1eabn, c\u00e1c \u0111\u1eb7c quy\u1ec1n tuy\u1ec7t v\u1eddi v\u00e0 h\u1ed7 tr\u1ee3 cao c\u1ea5p. \u0110\u1eebng ch\u1ec9 xem tr\u00f2 ch\u01a1i \u2014 h\u00e3y ch\u01a1i \u0111\u1ec3 CHI\u1ebeN TH\u1eaeNG c\u00f9ng ch\u00fang t\u00f4i! \ud83d\udcb0 T\u1ed1i \u01b0u h\u00f3a thu nh\u1eadp c\u1ee7a b\u1ea1n v\u00e0 b\u1eaft \u0111\u1ea7u ki\u1ebfm ti\u1ec1n TH\u1eacT ngay b\u00e2y gi\u1edd!\" \/>\n<meta name=\"robots\" content=\"index, follow, max-snippet:-1, max-image-preview:large, max-video-preview:-1\" \/>\n<meta property=\"og:locale\" content=\"vi_VN\" \/>\n<meta property=\"og:type\" content=\"article\" \/>\n<meta property=\"og:title\" content=\"\u0110\u1ed1i t\u00e1c li\u00ean k\u1ebft 888Starz: \u2705Ch\u01b0\u01a1ng tr\u00ecnh \u0110\u1ed1i t\u00e1c iGaming Cao c\u1ea5p\" \/>\n<meta property=\"og:description\" content=\"Tham gia Ch\u01b0\u01a1ng tr\u00ecnh li\u00ean k\u1ebft 888Starz ngay h\u00f4m nay! \ud83d\ude80 M\u1edf kh\u00f3a c\u00e1c c\u01a1 h\u1ed9i thu nh\u1eadp h\u1ea5p d\u1eabn, c\u00e1c \u0111\u1eb7c quy\u1ec1n tuy\u1ec7t v\u1eddi v\u00e0 h\u1ed7 tr\u1ee3 cao c\u1ea5p. \u0110\u1eebng ch\u1ec9 xem tr\u00f2 ch\u01a1i \u2014 h\u00e3y ch\u01a1i \u0111\u1ec3 CHI\u1ebeN TH\u1eaeNG c\u00f9ng ch\u00fang t\u00f4i! \ud83d\udcb0 T\u1ed1i \u01b0u h\u00f3a thu nh\u1eadp c\u1ee7a b\u1ea1n v\u00e0 b\u1eaft \u0111\u1ea7u ki\u1ebfm ti\u1ec1n TH\u1eacT ngay b\u00e2y gi\u1edd!\" \/>\n<meta property=\"og:url\" content=\"https:\/\/888starz.tips\/vi\/affiliate\/\" \/>\n<meta property=\"og:site_name\" content=\"888starz Tips vi\" \/>\n<meta property=\"article:modified_time\" content=\"2025-03-23T10:55:46+00:00\" \/>\n<meta name=\"twitter:card\" content=\"summary_large_image\" \/>\n<script type=\"application\/ld+json\" class=\"yoast-schema-graph\">{\"@context\":\"https:\\\/\\\/schema.org\",\"@graph\":[{\"@type\":\"WebPage\",\"@id\":\"https:\\\/\\\/888starz.tips\\\/vi\\\/affiliate\\\/\",\"url\":\"https:\\\/\\\/888starz.tips\\\/vi\\\/affiliate\\\/\",\"name\":\"\u0110\u1ed1i t\u00e1c li\u00ean k\u1ebft 888Starz: \u2705Ch\u01b0\u01a1ng tr\u00ecnh \u0110\u1ed1i t\u00e1c iGaming Cao c\u1ea5p\",\"isPartOf\":{\"@id\":\"https:\\\/\\\/888starz.tips\\\/vi\\\/#website\"},\"datePublished\":\"2025-01-28T05:38:45+00:00\",\"dateModified\":\"2025-03-23T10:55:46+00:00\",\"description\":\"Tham gia Ch\u01b0\u01a1ng tr\u00ecnh li\u00ean k\u1ebft 888Starz ngay h\u00f4m nay! \ud83d\ude80 M\u1edf kh\u00f3a c\u00e1c c\u01a1 h\u1ed9i thu nh\u1eadp h\u1ea5p d\u1eabn, c\u00e1c \u0111\u1eb7c quy\u1ec1n tuy\u1ec7t v\u1eddi v\u00e0 h\u1ed7 tr\u1ee3 cao c\u1ea5p. \u0110\u1eebng ch\u1ec9 xem tr\u00f2 ch\u01a1i \u2014 h\u00e3y ch\u01a1i \u0111\u1ec3 CHI\u1ebeN TH\u1eaeNG c\u00f9ng ch\u00fang t\u00f4i! \ud83d\udcb0 T\u1ed1i \u01b0u h\u00f3a thu nh\u1eadp c\u1ee7a b\u1ea1n v\u00e0 b\u1eaft \u0111\u1ea7u ki\u1ebfm ti\u1ec1n TH\u1eacT ngay b\u00e2y gi\u1edd!\",\"breadcrumb\":{\"@id\":\"https:\\\/\\\/888starz.tips\\\/vi\\\/affiliate\\\/#breadcrumb\"},\"inLanguage\":\"vi\",\"potentialAction\":[{\"@type\":\"ReadAction\",\"target\":[\"https:\\\/\\\/888starz.tips\\\/vi\\\/affiliate\\\/\"]}]},{\"@type\":\"BreadcrumbList\",\"@id\":\"https:\\\/\\\/888starz.tips\\\/vi\\\/affiliate\\\/#breadcrumb\",\"itemListElement\":[{\"@type\":\"ListItem\",\"position\":1,\"name\":\"Home\",\"item\":\"https:\\\/\\\/888starz.tips\\\/vi\\\/\"},{\"@type\":\"ListItem\",\"position\":2,\"name\":\"Li\u00ean k\u1ebft\"}]},{\"@type\":\"WebSite\",\"@id\":\"https:\\\/\\\/888starz.tips\\\/vi\\\/#website\",\"url\":\"https:\\\/\\\/888starz.tips\\\/vi\\\/\",\"name\":\"888starz Tips vi\",\"description\":\"My WordPress Blog\",\"potentialAction\":[{\"@type\":\"SearchAction\",\"target\":{\"@type\":\"EntryPoint\",\"urlTemplate\":\"https:\\\/\\\/888starz.tips\\\/vi\\\/?s={search_term_string}\"},\"query-input\":{\"@type\":\"PropertyValueSpecification\",\"valueRequired\":true,\"valueName\":\"search_term_string\"}}],\"inLanguage\":\"vi\"}]}<\/script>\n<!-- \/ Yoast SEO plugin. -->","yoast_head_json":{"title":"\u0110\u1ed1i t\u00e1c li\u00ean k\u1ebft 888Starz: \u2705Ch\u01b0\u01a1ng tr\u00ecnh \u0110\u1ed1i t\u00e1c iGaming Cao c\u1ea5p","description":"Tham gia Ch\u01b0\u01a1ng tr\u00ecnh li\u00ean k\u1ebft 888Starz ngay h\u00f4m nay! \ud83d\ude80 M\u1edf kh\u00f3a c\u00e1c c\u01a1 h\u1ed9i thu nh\u1eadp h\u1ea5p d\u1eabn, c\u00e1c \u0111\u1eb7c quy\u1ec1n tuy\u1ec7t v\u1eddi v\u00e0 h\u1ed7 tr\u1ee3 cao c\u1ea5p. \u0110\u1eebng ch\u1ec9 xem tr\u00f2 ch\u01a1i \u2014 h\u00e3y ch\u01a1i \u0111\u1ec3 CHI\u1ebeN TH\u1eaeNG c\u00f9ng ch\u00fang t\u00f4i! \ud83d\udcb0 T\u1ed1i \u01b0u h\u00f3a thu nh\u1eadp c\u1ee7a b\u1ea1n v\u00e0 b\u1eaft \u0111\u1ea7u ki\u1ebfm ti\u1ec1n TH\u1eacT ngay b\u00e2y gi\u1edd!","robots":{"index":"index","follow":"follow","max-snippet":"max-snippet:-1","max-image-preview":"max-image-preview:large","max-video-preview":"max-video-preview:-1"},"og_locale":"vi_VN","og_type":"article","og_title":"\u0110\u1ed1i t\u00e1c li\u00ean k\u1ebft 888Starz: \u2705Ch\u01b0\u01a1ng tr\u00ecnh \u0110\u1ed1i t\u00e1c iGaming Cao c\u1ea5p","og_description":"Tham gia Ch\u01b0\u01a1ng tr\u00ecnh li\u00ean k\u1ebft 888Starz ngay h\u00f4m nay! \ud83d\ude80 M\u1edf kh\u00f3a c\u00e1c c\u01a1 h\u1ed9i thu nh\u1eadp h\u1ea5p d\u1eabn, c\u00e1c \u0111\u1eb7c quy\u1ec1n tuy\u1ec7t v\u1eddi v\u00e0 h\u1ed7 tr\u1ee3 cao c\u1ea5p. \u0110\u1eebng ch\u1ec9 xem tr\u00f2 ch\u01a1i \u2014 h\u00e3y ch\u01a1i \u0111\u1ec3 CHI\u1ebeN TH\u1eaeNG c\u00f9ng ch\u00fang t\u00f4i! \ud83d\udcb0 T\u1ed1i \u01b0u h\u00f3a thu nh\u1eadp c\u1ee7a b\u1ea1n v\u00e0 b\u1eaft \u0111\u1ea7u ki\u1ebfm ti\u1ec1n TH\u1eacT ngay b\u00e2y gi\u1edd!","og_url":"https:\/\/888starz.tips\/vi\/affiliate\/","og_site_name":"888starz Tips vi","article_modified_time":"2025-03-23T10:55:46+00:00","twitter_card":"summary_large_image","schema":{"@context":"https:\/\/schema.org","@graph":[{"@type":"WebPage","@id":"https:\/\/888starz.tips\/vi\/affiliate\/","url":"https:\/\/888starz.tips\/vi\/affiliate\/","name":"\u0110\u1ed1i t\u00e1c li\u00ean k\u1ebft 888Starz: \u2705Ch\u01b0\u01a1ng tr\u00ecnh \u0110\u1ed1i t\u00e1c iGaming Cao c\u1ea5p","isPartOf":{"@id":"https:\/\/888starz.tips\/vi\/#website"},"datePublished":"2025-01-28T05:38:45+00:00","dateModified":"2025-03-23T10:55:46+00:00","description":"Tham gia Ch\u01b0\u01a1ng tr\u00ecnh li\u00ean k\u1ebft 888Starz ngay h\u00f4m nay! \ud83d\ude80 M\u1edf kh\u00f3a c\u00e1c c\u01a1 h\u1ed9i thu nh\u1eadp h\u1ea5p d\u1eabn, c\u00e1c \u0111\u1eb7c quy\u1ec1n tuy\u1ec7t v\u1eddi v\u00e0 h\u1ed7 tr\u1ee3 cao c\u1ea5p. \u0110\u1eebng ch\u1ec9 xem tr\u00f2 ch\u01a1i \u2014 h\u00e3y ch\u01a1i \u0111\u1ec3 CHI\u1ebeN TH\u1eaeNG c\u00f9ng ch\u00fang t\u00f4i! \ud83d\udcb0 T\u1ed1i \u01b0u h\u00f3a thu nh\u1eadp c\u1ee7a b\u1ea1n v\u00e0 b\u1eaft \u0111\u1ea7u ki\u1ebfm ti\u1ec1n TH\u1eacT ngay b\u00e2y gi\u1edd!","breadcrumb":{"@id":"https:\/\/888starz.tips\/vi\/affiliate\/#breadcrumb"},"inLanguage":"vi","potentialAction":[{"@type":"ReadAction","target":["https:\/\/888starz.tips\/vi\/affiliate\/"]}]},{"@type":"BreadcrumbList","@id":"https:\/\/888starz.tips\/vi\/affiliate\/#breadcrumb","itemListElement":[{"@type":"ListItem","position":1,"name":"Home","item":"https:\/\/888starz.tips\/vi\/"},{"@type":"ListItem","position":2,"name":"Li\u00ean k\u1ebft"}]},{"@type":"WebSite","@id":"https:\/\/888starz.tips\/vi\/#website","url":"https:\/\/888starz.tips\/vi\/","name":"888starz Tips vi","description":"My WordPress Blog","potentialAction":[{"@type":"SearchAction","target":{"@type":"EntryPoint","urlTemplate":"https:\/\/888starz.tips\/vi\/?s={search_term_string}"},"query-input":{"@type":"PropertyValueSpecification","valueRequired":true,"valueName":"search_term_string"}}],"inLanguage":"vi"}]}},"_links":{"self":[{"href":"https:\/\/888starz.tips\/vi\/wp-json\/wp\/v2\/pages\/471","targetHints":{"allow":["GET"]}}],"collection":[{"href":"https:\/\/888starz.tips\/vi\/wp-json\/wp\/v2\/pages"}],"about":[{"href":"https:\/\/888starz.tips\/vi\/wp-json\/wp\/v2\/types\/page"}],"author":[{"embeddable":true,"href":"https:\/\/888starz.tips\/vi\/wp-json\/wp\/v2\/users\/1"}],"replies":[{"embeddable":true,"href":"https:\/\/888starz.tips\/vi\/wp-json\/wp\/v2\/comments?post=471"}],"version-history":[{"count":6,"href":"https:\/\/888starz.tips\/vi\/wp-json\/wp\/v2\/pages\/471\/revisions"}],"predecessor-version":[{"id":513,"href":"https:\/\/888starz.tips\/vi\/wp-json\/wp\/v2\/pages\/471\/revisions\/513"}],"wp:attachment":[{"href":"https:\/\/888starz.tips\/vi\/wp-json\/wp\/v2\/media?parent=471"}],"curies":[{"name":"wp","href":"https:\/\/api.w.org\/{rel}","templated":true}]}}